{"id":3107,"date":"2022-03-04T17:53:33","date_gmt":"2022-03-04T16:53:33","guid":{"rendered":"https:\/\/www.schizophrenie-life.de\/public\/?page_id=3107"},"modified":"2024-04-09T09:15:40","modified_gmt":"2024-04-09T08:15:40","slug":"illicit-drug-use-and-schizophrenia","status":"publish","type":"page","link":"https:\/\/www.schizophrenie-life.de\/public\/illicit-drug-use-and-schizophrenia\/","title":{"rendered":"<strong>Konsum illegaler Drogen und Schizophrenie<\/strong>"},"content":{"rendered":"\n<div class=\"wp-block-rea-inpage-nav-rea-inpage-nav-block rea-inpage-nav-block front has-margin\"><div class=\"rea-inpage-nav-block__image\" style=\"background-image: url(https:\/\/www.schizophrenie-life.de\/public\/wp-content\/uploads\/2019\/03\/wooden.png)\"><img decoding=\"async\" class=\"inpage-nav-background\" alt=\"\" src=\"https:\/\/www.schizophrenie-life.de\/public\/wp-content\/uploads\/2019\/03\/wooden.png\"\/><\/div><div class=\"rea-inpage-nav-block__content\"><div class=\"rea-inpage-nav-block__content--wrapper\"><div class=\"text-wrapper\"><h2 class=\"inpage-nav-title\"><strong>Konsum illegaler Drogen und Schizophrenie<\/strong><\/h2><ul class=\"inpage-nav-list\"><\/ul><\/div><div class=\"section-nav\"><h4 class=\"section-nav--title\">In diesem Abschnitt<\/h4><div class=\"section-nav--nav-items js-inpage-nav-items\"><\/div><\/div><\/div><\/div><\/div>\n\n\n\n<div class=\"wp-block-rea-illustration-rea-illustration-block rea-illustration-block front\"><img class=\"illustration-bg\" alt=\"\"\/><div class=\"rea-illustration-block__content\"><div class=\"rea-illustration-block__image image-wrapper\"><a href=\"\" rel=\"noopener noreferrer\" target=\"_blank\" class=\"is-blocked\"><img decoding=\"async\" class=\"illustration left\" alt=\"\" src=\"https:\/\/www.schizophrenie-life.de\/public\/wp-content\/uploads\/2022\/03\/Drugs.jpg\" style=\"max-width: 60%\"\/><img decoding=\"async\" class=\"rea-mobile illustration-mobile\" alt=\"\" src=\"https:\/\/www.schizophrenie-life.de\/public\/wp-content\/uploads\/2022\/03\/Drugs.jpg\"\/><\/a><\/div><p class=\"rea-site__caption caption-text align-left\"><\/p><\/div><\/div>\n\n\n\n<div class=\"wp-block-rea-paragraph-rea-paragraph-block rea-paragraph-block front\"><div class=\"rea-paragraph-block__content\"><p class=\"content-text\">Der Konsum nicht legalisierter oder illegaler Drogen ist bei Menschen mit Schizophrenie weit verbreitet und kann problematisch sein, da er den Krankheitsverlauf verschlimmern kann.&nbsp;In diesem Artikel wird der Zusammenhang zwischen Schizophrenie und Konsum illegaler Drogen untersucht und aufgezeigt, warum Menschen mit Schizophrenie vielleicht st\u00e4rker zum Drogenkonsum neigen als die Allgemeinbev\u00f6lkerung und wie man denjenigen helfen kann, die m\u00f6glicherweise ein Problem haben.<\/p><\/div><\/div>\n\n\n\n<div class=\"wp-block-rea-separator-rea-separator-block rea-separator-block front\"><div class=\"rea-separator-block__content\"><hr class=\"rea-separator-block__separator\"\/><\/div><\/div>\n\n\n\n<div class=\"wp-block-rea-title-rea-title-block rea-title-block front\"><div class=\"rea-title-block__content\"><h3 id=\"strongwie-hufig-ist-der-konsum-illegaler-drogen-bei-schizophreniestrong\" class=\"content-title \"><strong>Wie h\u00e4ufig ist der Konsum illegaler Drogen bei Schizophrenie?<\/strong><\/h3><h4 class=\"content-subtitle rea-hidden\"><\/h4><\/div><\/div>\n\n\n\n<div class=\"wp-block-rea-paragraph-rea-paragraph-block rea-paragraph-block front\"><div class=\"rea-paragraph-block__content\"><p class=\"content-text\">Man sch\u00e4tzt, dass jeder vierte Mensch mit Schizophrenie im Laufe seines Lebens mindestens ein Problem mit dem Konsum von Drogen hat.&nbsp;Damit liegt der Anteil mindestens dreimal h\u00f6her als in der Allgemeinbev\u00f6lkerung.<br><br>Auff\u00e4llig ist, dass die Raten f\u00fcr den Konsum von Drogen und sonstigen Substanzen bei M\u00e4nnern mit Schizophrenie im Allgemeinen doppelt so hoch sind wie bei Frauen.&nbsp;Besonders hoch sind sie bei jungen M\u00e4nnern um die Zeit des Auftretens der ersten Psychose.<\/p><\/div><\/div>\n\n\n\n<div class=\"wp-block-rea-separator-rea-separator-block rea-separator-block front\"><div class=\"rea-separator-block__content\"><hr class=\"rea-separator-block__separator\"\/><\/div><\/div>\n\n\n\n<div class=\"wp-block-rea-title-rea-title-block rea-title-block front\"><div class=\"rea-title-block__content\"><h3 id=\"strongwelche-arten-von-illegalen-drogen-werden-am-hufigsten-konsumiertstrong\" class=\"content-title \"><strong>Welche Arten von illegalen Drogen werden am h\u00e4ufigsten konsumiert?<\/strong><\/h3><h4 class=\"content-subtitle rea-hidden\"><\/h4><\/div><\/div>\n\n\n\n<div class=\"wp-block-rea-paragraph-rea-paragraph-block rea-paragraph-block front\"><div class=\"rea-paragraph-block__content\"><p class=\"content-text\">Von Menschen mit Schizophrenie am h\u00e4ufigsten konsumiert werden Cannabis (das in Marihuana und Haschisch enthalten ist) und Kokain.&nbsp;&nbsp;<br>&#8211; Der Anteil der Menschen mit Schizophrenie, die ein Problem mit dem Cannabiskonsum haben, bewegt sich zwischen 17 % und 83 %.<br>&#8211; Die Raten f\u00fcr einen lebenslangen problematischen Kokainkonsum sind niedriger und beginnen bei etwa 15 %, k\u00f6nnen aber bis zu 50 % betragen.&nbsp;<br><br>Wichtig ist, dass der Drogenkonsum h\u00e4ufig zusammen mit dem Missbrauch anderer Substanzen einhergeht.&nbsp;In einer gro\u00dfen epidemiologischen Studie wurde beispielsweise gezeigt, dass 47 % der Menschen mit Schizophrenie sowohl ein Drogen- als auch ein Alkoholproblem hatten. Bei Menschen, die nicht an einer psychischen Erkrankung litten, waren es weniger als ein F\u00fcnftel.&nbsp;<\/p><\/div><\/div>\n\n\n\n<div class=\"wp-block-rea-separator-rea-separator-block rea-separator-block front\"><div class=\"rea-separator-block__content\"><hr class=\"rea-separator-block__separator\"\/><\/div><\/div>\n\n\n\n<div class=\"wp-block-rea-title-rea-title-block rea-title-block front\"><div class=\"rea-title-block__content\"><h3 id=\"strongwarum-spielt-der-konsum-illegaler-drogen-eine-groe-rollestrong\" class=\"content-title \"><strong>Warum spielt der Konsum illegaler Drogen eine gro\u00dfe Rolle?<\/strong><\/h3><h4 class=\"content-subtitle rea-hidden\"><\/h4><\/div><\/div>\n\n\n\n<div class=\"wp-block-rea-paragraph-rea-paragraph-block rea-paragraph-block front\"><div class=\"rea-paragraph-block__content\"><p class=\"content-text\">Der Konsum illegaler Drogen ist ein gro\u00dfes Problem, weil er sich darauf auswirken kann, wie gut jemand mit Schizophrenie seinen&nbsp;<a href=\"https:\/\/www.schizophrenie-life.de\/public\/therapeutic-objectives\/functioning\/\">Alltag bew\u00e4ltigen kann<\/a>.&nbsp;Drogenkonsum, insbesondere wenn er mit dem Missbrauch anderer Substanzen einhergeht, steht nicht nur in Zusammenhang mit einer unzuverl\u00e4ssigen Einnahme der verordneten Medikamente oder der Nichteinhaltung der vorgesehenen Behandlungsprogramme, sondern auch mit schlechteren klinischen Ergebnissen, hohen R\u00fcckfallquoten und der Notwendigkeit wiederholter Klinikaufenthalte.&nbsp;Gleichzeitige Probleme mit Drogenmissbrauch wurden auch mit hohen Gewaltraten \u2013 die zu Verhaftungen und Gef\u00e4ngnisstrafen f\u00fchren k\u00f6nnen \u2013 und mit einem erh\u00f6hten Suizidrisiko in Verbindung gebracht.&nbsp;Dar\u00fcber hinaus sind auch die finanziellen Kosten einer Drogensucht zu ber\u00fccksichtigen. Diese k\u00f6nnen erhebliche Auswirkungen auf Personen mit Schizophrenie haben, die bereits unter Problemen mit der Geldverwaltung und Schulden leiden.<\/p><\/div><\/div>\n\n\n\n<div class=\"wp-block-rea-separator-rea-separator-block rea-separator-block front\"><div class=\"rea-separator-block__content\"><hr class=\"rea-separator-block__separator\"\/><\/div><\/div>\n\n\n\n<div class=\"wp-block-rea-title-rea-title-block rea-title-block front\"><div class=\"rea-title-block__content\"><h3 id=\"strongwas-kommt-zuerst-drogenkonsum-oder-schizophreniestrong\" class=\"content-title \"><strong>Was kommt zuerst \u2013 Drogenkonsum oder Schizophrenie?<\/strong><\/h3><h4 class=\"content-subtitle rea-hidden\"><\/h4><\/div><\/div>\n\n\n\n<div class=\"wp-block-rea-paragraph-rea-paragraph-block rea-paragraph-block front\"><div class=\"rea-paragraph-block__content\"><p class=\"content-text\">K\u00f6nnen Drogen Schizophrenie ausl\u00f6sen? Es gibt eine Reihe von Substanzen, die eine schizophrenie\u00e4hnliche Psychose&nbsp;ausl\u00f6sen k\u00f6nnen, darunter auch Cannabis, die am h\u00e4ufigsten von Menschen mit Schizophrenie konsumierte Droge.&nbsp;Au\u00dferdem l\u00e4sst die Evidenz darauf schlie\u00dfen, dass Drogenkonsum in einigen F\u00e4llen der Entwicklung einer Schizophrenie vorausgehen kann.&nbsp;Es ist denkbar, dass Drogenkonsum, insbesondere wenn er in jungen Jahren beginnt, w\u00e4hrend sich das Gehirn noch entwickelt, zu Ver\u00e4nderungen der Gehirnstrukturen und ihrer Funktionsweise f\u00fchren kann. Bei anf\u00e4lligen Menschen k\u00f6nnen sich diese dann zu einer psychischen Erkrankung entwickeln.<br><br>Dar\u00fcber hinaus zeigen Daten, dass Menschen, die infolge von Drogenkonsum eine Psychose erleben, eher an Schizophrenie erkranken als Menschen, die keine Drogen konsumieren.&nbsp;In einer umfangreichen Auswertung mehrerer Studien wurde bei etwa einem Drittel der Cannabiskonsumenten, einem Viertel der Halluzinogenkonsumenten und einem F\u00fcnftel der Amphetaminkonsumenten, die psychotische Episoden hatten, sp\u00e4ter eine Schizophrenie diagnostiziert.<br>&nbsp;<br>Umgekehrt gibt es auch Belege daf\u00fcr, dass Menschen mit Schizophrenie anf\u00e4lliger als andere daf\u00fcr sind, drogens\u00fcchtig zu werden.&nbsp;Tats\u00e4chlich zeigen die Daten, dass Menschen mit Schizophrenie im Vergleich zu Personen ohne psychische Erkrankung ein dreieinhalbmal h\u00f6heres Risiko haben, generell eine Sucht und ein mehr als doppelt so hohes Risiko eine Cannabis-Sucht zu entwickeln.&nbsp;Wichtig ist auch, dass das Risiko, s\u00fcchtig zu werden, nach der Diagnose einer Schizophrenie ungef\u00e4hr 10-15 Jahre bestehen zu bleiben scheint.<\/p><\/div><\/div>\n\n\n\n<div class=\"wp-block-rea-separator-rea-separator-block rea-separator-block front\"><div class=\"rea-separator-block__content\"><hr class=\"rea-separator-block__separator\"\/><\/div><\/div>\n\n\n\n<div class=\"wp-block-rea-title-rea-title-block rea-title-block front\"><div class=\"rea-title-block__content\"><h3 id=\"strongstrongstrongstrongstronganzeichen-die-darauf-hinweisen-dass-jemand-probleme-mit-drogenkonsum-haben-knntestrongstrongstrongstrongstrong\" class=\"content-title \"><strong><strong><strong><strong><strong>Anzeichen, die darauf hinweisen, dass jemand Probleme mit Drogenkonsum haben k\u00f6nnte<\/strong><\/strong><\/strong><\/strong><\/strong><\/h3><h4 class=\"content-subtitle rea-hidden\"><\/h4><\/div><\/div>\n\n\n\n<div class=\"wp-block-rea-paragraph-rea-paragraph-block rea-paragraph-block front\"><div class=\"rea-paragraph-block__content\"><p class=\"content-text\">Woran kann man erkennen, ob jemand mit Schizophrenie ein Problem mit Drogenkonsum haben k\u00f6nnte? Es kann schwierig sein, dies zu erkennen, da einige Anzeichen mit den&nbsp;<a href=\"https:\/\/www.schizophrenie-life.de\/public\/understanding-schizophrenia\/main-symptoms\/\">Symptomen einer Schizophrenie<\/a>&nbsp;verwechselt werden k\u00f6nnten. Beispiele daf\u00fcr sind sozialer R\u00fcckzug, Selbstvernachl\u00e4ssigung oder Ver\u00e4nderungen im Verhalten oder der Konzentrationsf\u00e4higkeit.<br>&nbsp;<br>Einige Dinge, auf die man achten sollte, sind:<br>&nbsp;<br>&#8211; Ungew\u00f6hnliches Verhalten oder Ver\u00e4nderungen des normalen Verhaltens, wie z. B. mangelndes Interesse an den Lieblingsaktivit\u00e4ten oder schnelle Stimmungswechsel&nbsp;<br>&#8211; Geheimniskr\u00e4merei oder Abneigung, \u00fcber Dinge zu sprechen&nbsp;<br>&#8211; Ver\u00e4nderte Schlaf- oder Essgewohnheiten, insbesondere das Schlafen oder Essen zu ungew\u00f6hnlichen Zeiten&nbsp;<br>&#8211; Vers\u00e4umnis von Terminen und wichtigen Ereignissen&nbsp;<br>&#8211; Schwierigkeiten in der Schule oder am Arbeitsplatz&nbsp;<br>&#8211; Pl\u00f6tzliche Geldprobleme und der Wunsch, sich Geld zu leihen&nbsp;<br>&#8211; Probleme mit der Familie und Freunden<\/p><\/div><\/div>\n\n\n\n<div class=\"wp-block-rea-separator-rea-separator-block rea-separator-block front\"><div class=\"rea-separator-block__content\"><hr class=\"rea-separator-block__separator\"\/><\/div><\/div>\n\n\n\n<div class=\"wp-block-rea-title-rea-title-block rea-title-block front\"><div class=\"rea-title-block__content\"><h3 id=\"strongstrongstrongstrongstrongstronghilfe-holenstrongstrongstrongstrongstrongstrong\" class=\"content-title \"><strong><strong><strong><strong><strong><strong>Hilfe holen<\/strong><\/strong><\/strong><\/strong><\/strong><\/strong><\/h3><h4 class=\"content-subtitle rea-hidden\"><\/h4><\/div><\/div>\n\n\n\n<div class=\"wp-block-rea-paragraph-rea-paragraph-block rea-paragraph-block front\"><div class=\"rea-paragraph-block__content\"><p class=\"content-text\">Wenn Sie sich Sorgen \u00fcber Ihren eigenen Drogenkonsum oder den eines Angeh\u00f6rigen machen, sprechen Sie bitte mit einem Heilberufler \u00fcber Ihre Bef\u00fcrchtungen.\u00a0\u00a0W\u00e4hrend es anonyme und vertrauliche Hilfsdienste gibt, die generell drogens\u00fcchtige Menschen unterst\u00fctzen, ben\u00f6tigen Menschen mit Schizophrenie m\u00f6glicherweise eine spezifischere Beratung, die nur medizinische Fachkr\u00e4fte leisten k\u00f6nnen, die auf die psychische Gesundheit spezialisiert sind.\u00a0<br><br>Denken Sie daran, dass Heilberufler verpflichtet sind, alles, was ihnen gesagt wird, streng vertraulich zu behandeln, und Sie an die f\u00fcr Ihre Situation geeigneten Hilfsdienste verweisen k\u00f6nnen.<br><br>Einige empfohlene Ans\u00e4tze zur Behandlung von Drogenkonsum bei Menschen mit Schizophrenie umfassen folgende Ma\u00dfnahmen:<br><br>\u00a0\u00a0<br>&#8211; Ermutigung der Person, \u00fcber ihren Drogenkonsum zu sprechen, ohne dass sie verurteilt wird\u00a0<br>&#8211; der Person versichern, dass die Offenlegung von Informationen \u00fcber ihren Drogenkonsum keine Konsequenzen haben wird\u00a0<br>&#8211; Sicherstellen, dass die Schizophrenie\u00a0<a href=\"https:\/\/www.schizophrenie-life.de\/public\/understanding-schizophrenia\/treatment\/\">angemessen behandelt wird<\/a>\u00a0(z. B. mit Antipsychotika)\u00a0<br>&#8211; Beratungsangebot parallel zur Einnahme der Medikamente gegen Schizophrenie\u00a0<br>&#8211; den Betroffenen dabei unterst\u00fctzen, den Konsum anderer Substanzen zu vermeiden, z. B.\u00a0<a href=\"https:\/\/www.schizophrenie-life.de\/public\/alcohol-and-schizophrenia\/\">weniger oder keinen Alkohol zu trinken<\/a>\u00a0oder\u00a0<a href=\"https:\/\/www.schizophrenie-life.de\/public\/schizophrenia-and-smoking-give-in-or-give-up\/\">mit dem Rauchen aufzuh\u00f6ren<\/a>.\u00a0<br><br> <br><\/p><\/div><\/div>\n\n\n\n<p><\/p>\n<div class=\"wp-block-rea-title-rea-title-block rea-title-block front rea-share-block\" style=\"margin-bottom:30px;text-align:center;\">\n\t\t<div class=\"\">\n\t\t\t<span style=\"display:block;margin-bottom:10px;font-size:20px;\">Share<\/span>\n\t\t\t<a href=\"https:\/\/www.facebook.com\/sharer\/sharer.php?u=https:\/\/www.schizophrenie-life.de\/public\/wp-json\/wp\/v2\/pages\/3107\" class=\"facebook-share\" target=\"_blank\"><\/a>\n\t\t\t<a href=\"https:\/\/www.linkedin.com\/shareArticle?mini=true&#038;url=https:\/\/www.schizophrenie-life.de\/public\/wp-json\/wp\/v2\/pages\/3107\" class=\"linkedin-share\" target=\"_blank\"><\/a>\n\t\t<\/div>\n\t<\/div>","protected":false},"excerpt":{"rendered":"<p>Share<\/p>\n","protected":false},"author":3,"featured_media":0,"parent":0,"menu_order":0,"comment_status":"closed","ping_status":"closed","template":"page-fullwidth.php","meta":{"rea_page_title_signed_in_meta_block_field":"Konsum illegaler Drogen und Schizophrenie","rea_page_title_signed_out_meta_block_field":"Konsum illegaler Drogen und Schizophrenie","rea_page_description_signed_in_meta_block_field":"","rea_page_description_signed_out_meta_block_field":"","rea_page_footer_id_meta_block_field":"","rea_page_footer_date_meta_block_field":""},"acf":[],"_links":{"self":[{"href":"https:\/\/www.schizophrenie-life.de\/public\/wp-json\/wp\/v2\/pages\/3107"}],"collection":[{"href":"https:\/\/www.schizophrenie-life.de\/public\/wp-json\/wp\/v2\/pages"}],"about":[{"href":"https:\/\/www.schizophrenie-life.de\/public\/wp-json\/wp\/v2\/types\/page"}],"author":[{"embeddable":true,"href":"https:\/\/www.schizophrenie-life.de\/public\/wp-json\/wp\/v2\/users\/3"}],"replies":[{"embeddable":true,"href":"https:\/\/www.schizophrenie-life.de\/public\/wp-json\/wp\/v2\/comments?post=3107"}],"version-history":[{"count":16,"href":"https:\/\/www.schizophrenie-life.de\/public\/wp-json\/wp\/v2\/pages\/3107\/revisions"}],"predecessor-version":[{"id":5070,"href":"https:\/\/www.schizophrenie-life.de\/public\/wp-json\/wp\/v2\/pages\/3107\/revisions\/5070"}],"wp:attachment":[{"href":"https:\/\/www.schizophrenie-life.de\/public\/wp-json\/wp\/v2\/media?parent=3107"}],"curies":[{"name":"wp","href":"https:\/\/api.w.org\/{rel}","templated":true}]}}