{"id":3097,"date":"2022-03-04T17:53:01","date_gmt":"2022-03-04T16:53:01","guid":{"rendered":"https:\/\/www.schizophrenie-life.de\/public\/?page_id=3097"},"modified":"2024-04-09T08:52:49","modified_gmt":"2024-04-09T07:52:49","slug":"schizophrenia-and-smoking-give-in-or-give-up","status":"publish","type":"page","link":"https:\/\/www.schizophrenie-life.de\/public\/schizophrenia-and-smoking-give-in-or-give-up\/","title":{"rendered":"<strong>Schizophrenie und Rauchen \u2013 sich geschlagen geben oder aufh\u00f6ren?<\/strong>"},"content":{"rendered":"\n<div class=\"wp-block-rea-inpage-nav-rea-inpage-nav-block rea-inpage-nav-block front has-margin\"><div class=\"rea-inpage-nav-block__image\" style=\"background-image: url(https:\/\/www.schizophrenie-life.de\/public\/wp-content\/uploads\/2019\/03\/wooden.png)\"><img decoding=\"async\" class=\"inpage-nav-background\" alt=\"\" src=\"https:\/\/www.schizophrenie-life.de\/public\/wp-content\/uploads\/2019\/03\/wooden.png\"\/><\/div><div class=\"rea-inpage-nav-block__content\"><div class=\"rea-inpage-nav-block__content--wrapper\"><div class=\"text-wrapper\"><h2 class=\"inpage-nav-title\"><strong>Schizophrenie und Rauchen \u2013 sich geschlagen geben oder aufh\u00f6ren?<\/strong><\/h2><ul class=\"inpage-nav-list\"><\/ul><\/div><div class=\"section-nav\"><h4 class=\"section-nav--title\">In diesem Abschnitt<\/h4><div class=\"section-nav--nav-items js-inpage-nav-items\"><\/div><\/div><\/div><\/div><\/div>\n\n\n\n<div class=\"wp-block-rea-illustration-rea-illustration-block rea-illustration-block front\"><img class=\"illustration-bg\" alt=\"\"\/><div class=\"rea-illustration-block__content\"><div class=\"rea-illustration-block__image image-wrapper\"><a href=\"\" rel=\"noopener noreferrer\" target=\"_blank\" class=\"is-blocked\"><img decoding=\"async\" class=\"illustration left\" alt=\"\" src=\"https:\/\/www.schizophrenie-life.de\/public\/wp-content\/uploads\/2022\/03\/Smoking.jpg\" style=\"max-width: 72%\"\/><img decoding=\"async\" class=\"rea-mobile illustration-mobile\" alt=\"\" src=\"https:\/\/www.schizophrenie-life.de\/public\/wp-content\/uploads\/2022\/03\/Smoking.jpg\"\/><\/a><\/div><p class=\"rea-site__caption caption-text align-left\"><\/p><\/div><\/div>\n\n\n\n<div class=\"wp-block-rea-separator-rea-separator-block rea-separator-block front\"><div class=\"rea-separator-block__content\"><hr class=\"rea-separator-block__separator\"\/><\/div><\/div>\n\n\n\n<div class=\"wp-block-rea-title-rea-title-block rea-title-block front\"><div class=\"rea-title-block__content\"><h3 id=\"strongstronghohe-raucherquoten-bei-schizophreniestrongstrong\" class=\"content-title \"><strong><strong>Hohe Raucherquoten bei Schizophrenie<\/strong><\/strong><\/h3><h4 class=\"content-subtitle rea-hidden\"><\/h4><\/div><\/div>\n\n\n\n<div class=\"wp-block-rea-paragraph-rea-paragraph-block rea-paragraph-block front\"><div class=\"rea-paragraph-block__content\"><p class=\"content-text\">Sch\u00e4tzungen gehen davon aus, dass mindestens zwei Drittel der Menschen mit Schizophrenie rauchen.&nbsp;Der genaue Anteil der Menschen, die zu einem bestimmten Zeitpunkt rauchen (die Pr\u00e4valenz), liegt zwischen 60 % und 90 %. Dieser Prozentsatz ist sehr hoch, wenn man bedenkt, dass weniger als ein F\u00fcnftel der Erwachsenen der Allgemeinbev\u00f6lkerung rauchen.&nbsp;Interessanterweise scheinen die Raucherquoten bei Menschen mit Schizophrenie von \u00f6ffentlichen Gesundheitskampagnen und der Einf\u00fchrung von Rauchverboten in \u00f6ffentlichen R\u00e4umen, die es in vielen L\u00e4ndern gab, weitgehend unbeeinflusst geblieben zu sein.<br>&nbsp;<br>Der Zusammenhang zwischen Rauchen und chronischen psychischen Erkrankungen ist seit vielen Jahren bekannt, und die Raten scheinen bei Menschen mit Schizophrenie am h\u00f6chsten zu sein.&nbsp;Dar\u00fcber hinaus wurde festgestellt, dass die Wahrscheinlichkeit, zum Raucher zu werden, umso mehr steigt, je schwerer die psychische Erkrankung ist. Tats\u00e4chlich wurden einige der h\u00f6chsten Raucherquoten bei Menschen verzeichnet, die mit einer psychiatrischen St\u00f6rung hospitalisiert waren.<br><br>Forschungsergebnisse deuten darauf hin, dass Menschen mit Schizophrenie, die rauchen, im Vergleich zu einem durchschnittlichen Erwachsenen:<br>st\u00e4rker rauchen (d. h. eine h\u00f6here Anzahl von Zigaretten pro Tag),<br>tiefer einatmen (sie inhalieren mit jedem Atemzug mehr Nikotin und andere giftige Chemikalien), weniger Zeit zwischen den Zigarettenz\u00fcgen vergehen lassen,<br>eine h\u00f6here Wahrscheinlichkeit haben, nikotinabh\u00e4ngig zu werden,<br>es schwieriger finden, mit dem Rauchen aufzuh\u00f6ren, und eine niedrige Aufh\u00f6rquote haben.<\/p><\/div><\/div>\n\n\n\n<div class=\"wp-block-rea-separator-rea-separator-block rea-separator-block front\"><div class=\"rea-separator-block__content\"><hr class=\"rea-separator-block__separator\"\/><\/div><\/div>\n\n\n\n<div class=\"wp-block-rea-title-rea-title-block rea-title-block front\"><div class=\"rea-title-block__content\"><h3 id=\"strongwarum-rauchen-menschen-mit-schizophrenie-mehr-als-anderestrong\" class=\"content-title \"><strong>Warum rauchen Menschen mit Schizophrenie mehr als andere?<\/strong><\/h3><h4 class=\"content-subtitle rea-hidden\"><\/h4><\/div><\/div>\n\n\n\n<div class=\"wp-block-rea-paragraph-rea-paragraph-block rea-paragraph-block front\"><div class=\"rea-paragraph-block__content\"><p class=\"content-text\">Es ist nicht klar, warum Menschen mit Schizophrenie mehr rauchen als andere und seltener aufh\u00f6ren.&nbsp;Das Thema ist seit Jahren Gegenstand zahlreicher Forschungsarbeiten, und es ist wahrscheinlich, dass eine Kombination von Faktoren eine Rolle spielt.&nbsp;So k\u00f6nnten die Raucherquoten h\u00f6her sein als in der Allgemeinbev\u00f6lkerung, weil die Raucher glauben, dass das Rauchen ihnen hilft, ihre Schizophreniesymptome zu lindern oder die Nebenwirkungen von Medikamenten zu verringern.&nbsp;Es k\u00f6nnte sein, dass die Betroffenen nicht bereit oder willens sind, das Rauchen aufzugeben, oder dass ihnen einfach nicht die geeignete Hilfe angeboten wird, um mit dem Rauchen aufzuh\u00f6ren.&nbsp;Es k\u00f6nnte sogar eine genetische Veranlagung daf\u00fcr bestehen, dass Menschen mit Schizophrenie eher nikotinabh\u00e4ngig werden.<br>&nbsp;<br>Beim Inhalieren wird Nikotin schnell in den Blutkreislauf aufgenommen und regt die Freisetzung von Chemikalien im Gehirn an, die mit angenehmen Gef\u00fchlen verbunden sind, wodurch sich Raucher entspannter f\u00fchlen.&nbsp;Diese Gef\u00fchle sind jedoch oft nur von kurzer Dauer, und wenn der Nikotinspiegel nachl\u00e4sst, entsteht der Wunsch, nach einer weiteren Zigarette zu greifen.&nbsp;Es wird angenommen, dass dieser Kreislauf aus Rauchen und angenehmen Gef\u00fchlen, die dann wieder abklingen, bei Menschen mit Schizophrenie st\u00e4rker ausgepr\u00e4gt oder vielleicht dysfunktional ist.<br>&nbsp;<br>Ein weiterer Faktor, der die Raucherquote beeinflussen kann, ist der sozio\u00f6konomische Status einer Person. Es ist bekannt, dass Menschen mit einem niedrigeren sozio\u00f6konomischen Status \u2013 der einen Indikator f\u00fcr das Bildungsniveau, das Einkommen und den Beruf einer Person darstellt \u2013 viel eher rauchen als Menschen, die wohlhabender sind.&nbsp;Ein niedriger sozio\u00f6konomischer Status ist auch mit einem h\u00f6heren Risiko verbunden, an Schizophrenie zu erkranken.<\/p><\/div><\/div>\n\n\n\n<div class=\"wp-block-rea-separator-rea-separator-block rea-separator-block front\"><div class=\"rea-separator-block__content\"><hr class=\"rea-separator-block__separator\"\/><\/div><\/div>\n\n\n\n<div class=\"wp-block-rea-title-rea-title-block rea-title-block front\"><div class=\"rea-title-block__content\"><h3 id=\"strongauswirkungen-des-rauchens-bei-schizophreniestrong\" class=\"content-title \"><strong>Auswirkungen des Rauchens bei Schizophrenie<\/strong><\/h3><h4 class=\"content-subtitle rea-hidden\"><\/h4><\/div><\/div>\n\n\n\n<div class=\"wp-block-rea-paragraph-rea-paragraph-block rea-paragraph-block front\"><div class=\"rea-paragraph-block__content\"><p class=\"content-text\">Was auch immer der Grund f\u00fcr die h\u00f6heren Raucherquoten bei Menschen mit Schizophrenie ist \u2013 Rauchen hat viele sch\u00e4dliche Auswirkungen und Raucher sollten ermutigt werden, das Rauchen aufzugeben.<br>&nbsp;<br>Es gibt zwar einige Berichte \u00fcber die positiven Auswirkungen des Rauchens auf bestimmte&nbsp;<a href=\"https:\/\/www.schizophrenie-life.de\/public\/understanding-schizophrenia\/main-symptoms\/\">Symptome der Schizophrenie<\/a>, doch wird dies noch immer diskutiert.&nbsp;So hat sich beispielsweise gezeigt, dass die F\u00e4higkeit, zu denken oder Informationen zu verstehen (d. h. die Kognition), bei Menschen mit Schizophrenie, die rauchen, sowohl verbessert als auch verlangsamt ist.<br>&nbsp;<br>Rauchen kann das Gehirn durch einen Prozess sch\u00e4digen, der als oxidativer Stress bekannt ist.&nbsp;Dazu geh\u00f6rt die Produktion und Anh\u00e4ufung von Stoffen, die als reaktive Sauerstoffspezies bezeichnet werden und die die F\u00e4higkeit der Zellen, miteinander zu kommunizieren, beeintr\u00e4chtigen k\u00f6nnen.&nbsp;Oxidativer Stress wurde mit der Entwicklung verschiedener Gesundheitsprobleme in Verbindung gebracht, darunter Krebs, Herzerkrankungen und psychiatrische Erkrankungen.&nbsp;<br><br>Bedenken Sie, dass alle negativen Auswirkungen auf die psychische Gesundheit zu den bekannten Risiken des Rauchens f\u00fcr die k\u00f6rperliche Gesundheit noch hinzukommen. Menschen, die rauchen, haben ein h\u00f6heres Risiko f\u00fcr Herzerkrankungen, chronisch obstruktive Lungenerkrankungen und Lungenkrebs und laufen eher Gefahr fr\u00fchzeitig an diesen Krankheiten zu sterben als Menschen, die nicht rauchen.<\/p><\/div><\/div>\n\n\n\n<div class=\"wp-block-rea-separator-rea-separator-block rea-separator-block front\"><div class=\"rea-separator-block__content\"><hr class=\"rea-separator-block__separator\"\/><\/div><\/div>\n\n\n\n<div class=\"wp-block-rea-title-rea-title-block rea-title-block front\"><div class=\"rea-title-block__content\"><h3 id=\"strongwarum-die-rauchentwhnung-bei-schizophrenie-wichtig-iststrong\" class=\"content-title \"><strong>Warum die Rauchentw\u00f6hnung bei Schizophrenie wichtig ist<\/strong><\/h3><h4 class=\"content-subtitle rea-hidden\"><\/h4><\/div><\/div>\n\n\n\n<div class=\"wp-block-rea-paragraph-rea-paragraph-block rea-paragraph-block front\"><div class=\"rea-paragraph-block__content\"><p class=\"content-text\">Menschen mit Schizophrenie haben bereits eine k\u00fcrzere Lebenserwartung als nicht psychisch kranke Erwachsene der Allgemeinbev\u00f6lkerung.&nbsp;Es wird angenommen, dass das Rauchen einer der gr\u00f6\u00dften Faktoren f\u00fcr diese \u00dcbersterblichkeit ist.<br><br>Denken Sie daran, dass Schizophrenie auch mit einer erh\u00f6hten Neigung zu \u00dcbergewicht, starkem Alkoholkonsum und einem generell ungesunden Lebensstil einhergeht, sodass es in dieser Mischung f\u00fcr die allgemeine Gesundheit der Betroffenen sch\u00e4dlich ist, wenn sie zus\u00e4tzlich auch noch rauchen.<br><br>Rauchen kann auch die Wirksamkeit von Therapien gegen Schizophrenie beeintr\u00e4chtigen.&nbsp;Die Art und Weise, wie der K\u00f6rper bestimmte Antipsychotika abbaut, kann beeintr\u00e4chtigt werden, sodass bei Menschen, die rauchen, unter Umst\u00e4nden h\u00f6here Dosen dieser Medikamente erforderlich sind, um die gleiche Wirkung zu erzielen wie bei Menschen, die nicht rauchen.&nbsp;Dadurch erh\u00f6ht sich die Wahrscheinlichkeit, dass Nebenwirkungen auftreten.&nbsp;Wenn umgekehrt die Dosis der Antipsychotika verringert wird, um m\u00f6gliche Nebenwirkungen zu vermeiden, k\u00f6nnte sich das Risiko eines R\u00fcckfalls und weiterer psychotischer Episoden erh\u00f6hen.&nbsp;&nbsp;<br><\/p><\/div><\/div>\n\n\n\n<div class=\"wp-block-rea-separator-rea-separator-block rea-separator-block front\"><div class=\"rea-separator-block__content\"><hr class=\"rea-separator-block__separator\"\/><\/div><\/div>\n\n\n\n<div class=\"wp-block-rea-title-rea-title-block rea-title-block front\"><div class=\"rea-title-block__content\"><h3 id=\"stronghilfe-bei-der-rauchentwhnungstrong\" class=\"content-title \"><strong>Hilfe bei der Rauchentw\u00f6hnung<\/strong><\/h3><h4 class=\"content-subtitle rea-hidden\"><\/h4><\/div><\/div>\n\n\n\n<div class=\"wp-block-rea-paragraph-rea-paragraph-block rea-paragraph-block front\"><div class=\"rea-paragraph-block__content\"><p class=\"content-text\">Im Internet finden Sie zahlreiche Quellen mit Hilfsangeboten f\u00fcr die Rauchentw\u00f6hnung. Diese k\u00f6nnen zwar wertvolle Ratschl\u00e4ge geben, aber es ist nicht leicht, mit dem Rauchen aufzuh\u00f6ren. F\u00fcr Menschen mit Schizophrenie kann es noch schwieriger sein, und deshalb brauchen sie m\u00f6glicherweise professionelle Hilfe.<br>&nbsp;<br>Ein wichtiger erster Schritt besteht darin, einen Arzt um Rat zu fragen, welche M\u00f6glichkeiten es gibt, um mit dem Rauchen aufzuh\u00f6ren.&nbsp;Zu diesen M\u00f6glichkeiten geh\u00f6ren verschiedene Arten von Nikotinersatztherapien und Tabletten, die das Verlangen nach Nikotin verringern, sowie auch Verhaltenstherapien.&nbsp;Wichtig zu wissen ist, dass den wissenschaftlichen Erkenntnissen zufolge diese M\u00f6glichkeiten der Rauchentw\u00f6hnung bei Menschen mit Schizophrenie genauso gut funktionieren wie bei allen anderen, die motiviert sind, das Rauchen aufzugeben.<br><br>  <\/p><\/div><\/div>\n<div class=\"wp-block-rea-title-rea-title-block rea-title-block front rea-share-block\" style=\"margin-bottom:30px;text-align:center;\">\n\t\t<div class=\"\">\n\t\t\t<span style=\"display:block;margin-bottom:10px;font-size:20px;\">Share<\/span>\n\t\t\t<a href=\"https:\/\/www.facebook.com\/sharer\/sharer.php?u=https:\/\/www.schizophrenie-life.de\/public\/wp-json\/wp\/v2\/pages\/3097\" class=\"facebook-share\" target=\"_blank\"><\/a>\n\t\t\t<a href=\"https:\/\/www.linkedin.com\/shareArticle?mini=true&#038;url=https:\/\/www.schizophrenie-life.de\/public\/wp-json\/wp\/v2\/pages\/3097\" class=\"linkedin-share\" target=\"_blank\"><\/a>\n\t\t<\/div>\n\t<\/div>","protected":false},"excerpt":{"rendered":"<p>Share<\/p>\n","protected":false},"author":3,"featured_media":0,"parent":0,"menu_order":0,"comment_status":"closed","ping_status":"closed","template":"page-fullwidth.php","meta":{"rea_page_title_signed_in_meta_block_field":"Schizophrenie und Rauchen","rea_page_title_signed_out_meta_block_field":"Schizophrenie und Rauchen","rea_page_description_signed_in_meta_block_field":"People with schizophrenia often smoke, but why is this? This article looks at the effects of smoking in schizophrenia and the importance of giving up smoking.","rea_page_description_signed_out_meta_block_field":"People with schizophrenia often smoke, but why is this? This article looks at the effects of smoking in schizophrenia and the importance of giving up smoking.","rea_page_footer_id_meta_block_field":"","rea_page_footer_date_meta_block_field":""},"acf":[],"_links":{"self":[{"href":"https:\/\/www.schizophrenie-life.de\/public\/wp-json\/wp\/v2\/pages\/3097"}],"collection":[{"href":"https:\/\/www.schizophrenie-life.de\/public\/wp-json\/wp\/v2\/pages"}],"about":[{"href":"https:\/\/www.schizophrenie-life.de\/public\/wp-json\/wp\/v2\/types\/page"}],"author":[{"embeddable":true,"href":"https:\/\/www.schizophrenie-life.de\/public\/wp-json\/wp\/v2\/users\/3"}],"replies":[{"embeddable":true,"href":"https:\/\/www.schizophrenie-life.de\/public\/wp-json\/wp\/v2\/comments?post=3097"}],"version-history":[{"count":16,"href":"https:\/\/www.schizophrenie-life.de\/public\/wp-json\/wp\/v2\/pages\/3097\/revisions"}],"predecessor-version":[{"id":5055,"href":"https:\/\/www.schizophrenie-life.de\/public\/wp-json\/wp\/v2\/pages\/3097\/revisions\/5055"}],"wp:attachment":[{"href":"https:\/\/www.schizophrenie-life.de\/public\/wp-json\/wp\/v2\/media?parent=3097"}],"curies":[{"name":"wp","href":"https:\/\/api.w.org\/{rel}","templated":true}]}}