{"id":3046,"date":"2022-02-07T08:22:34","date_gmt":"2022-02-07T07:22:34","guid":{"rendered":"https:\/\/www.schizophrenie-life.de\/public\/?page_id=3046"},"modified":"2024-04-08T19:21:16","modified_gmt":"2024-04-08T18:21:16","slug":"schizophrenia-statistics-how-many-people-have-schizophrenia","status":"publish","type":"page","link":"https:\/\/www.schizophrenie-life.de\/public\/schizophrenia-statistics-how-many-people-have-schizophrenia\/","title":{"rendered":"Schizophrenie-Statistiken: Wie viele Menschen sind an Schizophrenie erkrankt?"},"content":{"rendered":"\n<div class=\"wp-block-rea-inpage-nav-rea-inpage-nav-block rea-inpage-nav-block front has-margin\"><div class=\"rea-inpage-nav-block__image\" style=\"background-image: url(https:\/\/www.schizophrenie-life.de\/public\/wp-content\/uploads\/2019\/03\/wooden.png)\"><img decoding=\"async\" class=\"inpage-nav-background\" alt=\"\" src=\"https:\/\/www.schizophrenie-life.de\/public\/wp-content\/uploads\/2019\/03\/wooden.png\"\/><\/div><div class=\"rea-inpage-nav-block__content\"><div class=\"rea-inpage-nav-block__content--wrapper\"><div class=\"text-wrapper\"><h2 class=\"inpage-nav-title\">Schizophrenie-Statistiken: Wie viele Menschen sind an Schizophrenie erkrankt?<\/h2><ul class=\"inpage-nav-list\"><\/ul><\/div><div class=\"section-nav\"><h4 class=\"section-nav--title\">In diesem Abschnitt<\/h4><div class=\"section-nav--nav-items js-inpage-nav-items\"><\/div><\/div><\/div><\/div><\/div>\n\n\n\n<div class=\"wp-block-rea-illustration-rea-illustration-block rea-illustration-block front\"><img class=\"illustration-bg\" alt=\"\"\/><div class=\"rea-illustration-block__content\"><div class=\"rea-illustration-block__image image-wrapper\"><a href=\"\" rel=\"noopener noreferrer\" target=\"_blank\" class=\"is-blocked\"><img decoding=\"async\" class=\"illustration left\" alt=\"\" src=\"https:\/\/www.schizophrenie-life.de\/public\/wp-content\/uploads\/2022\/02\/Schizophrenia.life_Public_Article_Epidemiology-immagine-scaled.jpg\" style=\"max-width: 72%\"\/><img decoding=\"async\" class=\"rea-mobile illustration-mobile\" alt=\"\" src=\"https:\/\/www.schizophrenie-life.de\/public\/wp-content\/uploads\/2022\/02\/Schizophrenia.life_Public_Article_Epidemiology-immagine-scaled.jpg\"\/><\/a><\/div><p class=\"rea-site__caption caption-text align-left\"><\/p><\/div><\/div>\n\n\n\n<div class=\"wp-block-rea-paragraph-rea-paragraph-block rea-paragraph-block front\"><div class=\"rea-paragraph-block__content\"><p class=\"content-text\">Nach Angaben der Weltgesundheitsorganisation (WHO) leben weltweit mindestens 20 Millionen Menschen mit Schizophrenie.\u00a0Das sind 20 Millionen Menschen, die m\u00f6glicherweise zus\u00e4tzliche\u00a0<a href=\"https:\/\/www.schizophrenie-life.de\/public\/advice-and-support\/how-to-help\/\">Hilfe und Unterst\u00fctzung<\/a> ben\u00f6tigen, um ein normales Leben f\u00fchren zu k\u00f6nnen, sei es, um aufzustehen und jeden Tag zur Schule oder zur Arbeit zu gehen, oder einfach nur, um Zeit mit ihrer Familie und ihren Freunden zu verbringen oder mit anderen Menschen zu interagieren.\u00a0<br>\u00a0<br>Dieser Artikel befasst sich mit der Epidemiologie der Schizophrenie und enth\u00e4lt einige Statistiken \u00fcber die Inzidenz und Pr\u00e4valenz der Schizophrenie. Er geht au\u00dferdem auf die erheblichen Auswirkungen von Schizophrenie auf alle Aspekte des Lebens der Betroffenen ein. \u00a0<br><\/p><\/div><\/div>\n\n\n\n<div class=\"wp-block-rea-separator-rea-separator-block rea-separator-block front\"><div class=\"rea-separator-block__content\"><hr class=\"rea-separator-block__separator\"\/><\/div><\/div>\n\n\n\n<div class=\"wp-block-rea-title-rea-title-block rea-title-block front\"><div class=\"rea-title-block__content\"><h3 id=\"strongwie-hufig-kommt-schizophrenie-vorstrong\" class=\"content-title \"><strong>Wie h\u00e4ufig kommt Schizophrenie vor?<\/strong><\/h3><h4 class=\"content-subtitle rea-hidden\"><\/h4><\/div><\/div>\n\n\n\n<div class=\"wp-block-rea-paragraph-rea-paragraph-block rea-paragraph-block front\"><div class=\"rea-paragraph-block__content\"><p class=\"content-text\">Beim Versuch, genau zu bestimmen, wie viele Menschen an Schizophrenie erkrankt sind, findet man keine einfache Antwort. Das Ergebnis h\u00e4ngt davon ab, welche Studie man sich ansieht und wie die Studie angelegt und durchgef\u00fchrt wurde.&nbsp;Es h\u00e4ngt auch davon ab, wie die&nbsp;<a href=\"https:\/\/www.schizophrenie-life.de\/public\/diagnosis-treatment\/diagnosis\/\">Schizophrenie-Diagnos<\/a><a href=\"https:\/\/schizophrenia.life\/public\/diagnosis-treatment\/diagnosis\/\" rel=\"nofollow noopener\" target=\"_blank\">e<\/a>&nbsp;definiert wurde, zumal sich die&nbsp;Symptome von Schizophrenie&nbsp;manchmal mit anderen psychischen Erkrankungen \u00fcberschneiden k\u00f6nnen.<br>&nbsp;<br>Die Zahl der von Schizophrenie betroffenen Personen kann als Pr\u00e4valenz oder Inzidenz ausgedr\u00fcckt und als Prozentsatz oder Anzahl der betroffenen Personen einer Population angegeben werden.<br><br><\/p><\/div><\/div>\n\n\n\n<div class=\"wp-block-rea-list-rea-list-block rea-list-block front\"><div class=\"rea-list-block__wrapper\"><div class=\"list-ordered list\"><p><strong>Pr\u00e4valenz der Schizophrenie<\/strong><br>Darunter versteht sich die Gesamtzahl der an Schizophrenie erkrankten Personen in einer Population.<\/p><p><strong>Inzidenz der Schizophrenie<\/strong><br>Darunter versteht sich die Anzahl der Personen, bei denen Schizophrenie neu diagnostiziert wird.<\/p><\/div><\/div><\/div>\n\n\n\n<div class=\"wp-block-rea-paragraph-rea-paragraph-block rea-paragraph-block front\"><div class=\"rea-paragraph-block__content\"><p class=\"content-text\">Betrachtet man zun\u00e4chst die Pr\u00e4valenz der Schizophrenie, zeigen die Berichte, dass zwischen 0,3 % und 0,9 % der Weltbev\u00f6lkerung mit Schizophrenie oder einer psychotischen St\u00f6rung leben&nbsp;und dass etwa 1 % der Weltbev\u00f6lkerung irgendwann im Laufe ihres Lebens von Schizophrenie betroffen sein wird.&nbsp;<br><br>Die Inzidenz der Schizophrenie wird auf durchschnittlich 15 von 100 000 Menschen gesch\u00e4tzt.<sup>4<\/sup>&nbsp;Das entspricht den Resultaten der systematischen \u00dcberpr\u00fcfung mehrerer Studien, denen zufolge die gesch\u00e4tzte Inzidenz der Schizophrenie jedoch&nbsp;&nbsp;im Bereich zwischen ungef\u00e4hr 7 von 100.000 bis zu 43 von 100 000 Personen rangiert.&nbsp;<\/p><\/div><\/div>\n\n\n\n<div class=\"wp-block-rea-separator-rea-separator-block rea-separator-block front\"><div class=\"rea-separator-block__content\"><hr class=\"rea-separator-block__separator\"\/><\/div><\/div>\n\n\n\n<div class=\"wp-block-rea-title-rea-title-block rea-title-block front\"><div class=\"rea-title-block__content\"><h3 id=\"strongwelche-auswirkungen-hat-schizophreniestrong\" class=\"content-title \"><strong>Welche Auswirkungen hat Schizophrenie?<\/strong><\/h3><h4 class=\"content-subtitle rea-hidden\"><\/h4><\/div><\/div>\n\n\n\n<div class=\"wp-block-rea-paragraph-rea-paragraph-block rea-paragraph-block front\"><div class=\"rea-paragraph-block__content\"><p class=\"content-text\">Die Pr\u00e4valenz und Inzidenz von Schizophrenie ist niedriger als bei anderen Krankheiten, einschlie\u00dflich anderer wichtiger psychischer Erkrankungen wie Angst und Depression.&nbsp;Dennoch ist die Schizophrenie eine chronische und schwere psychische St\u00f6rung, die selbst bei angemessener Behandlung zu erheblichen Beeintr\u00e4chtigungen f\u00fchren kann und daher nicht weniger bedeutend ist.<sup>&nbsp;<\/sup>Schizophrenie kann die F\u00e4higkeit der Betroffenen beeintr\u00e4chtigen, f\u00fcr sich selbst zu sorgen, sozial zu funktionieren, eine Ausbildung zu absolvieren und einen Arbeitsplatz zu finden und zu behalten.<br>&nbsp;<br>Noch wichtiger ist, dass eine Schizophrenie die Lebenserwartung um circa 15 bis 20 Jahre verk\u00fcrzt&nbsp;und dass Menschen mit Schizophrenie zwei- bis dreimal h\u00e4ufiger in j\u00fcngerem Alter sterben als Menschen allgemein in der Bev\u00f6lkerung.<sup>&nbsp;<\/sup><br>&nbsp;<br>Die Gr\u00fcnde f\u00fcr diese verk\u00fcrzte Lebenserwartung k\u00f6nnten in einer h\u00f6heren Selbstmordrate im Vergleich zur Allgemeinbev\u00f6lkerung liegen, insbesondere in den fr\u00fchen Stadien der Krankheit.&nbsp;Auch ungesunde Gewohnheiten wie Rauchen oder Drogenkonsum sowie Begleiterkrankungen wie Herz- und Lebererkrankungen oder Diabetes k\u00f6nnen dazu beitragen.&nbsp;Umso wichtiger ist es, die Schizophrenie nicht nur in einem fr\u00fchen Stadium der Krankheit zu behandeln, sondern auch Verhaltensweisen&nbsp;&nbsp;und andere Probleme anzugehen, um das Risiko eines vorzeitigen Todes zu verringern.&nbsp;<\/p><\/div><\/div>\n\n\n\n<div class=\"wp-block-rea-separator-rea-separator-block rea-separator-block front\"><div class=\"rea-separator-block__content\"><hr class=\"rea-separator-block__separator\"\/><\/div><\/div>\n\n\n\n<div class=\"wp-block-rea-title-rea-title-block rea-title-block front\"><div class=\"rea-title-block__content\"><h3 id=\"strongmessung-der-globalen-auswirkungen-von-schizophreniestrong\" class=\"content-title \"><strong>Messung der globalen Auswirkungen von Schizophrenie<\/strong><\/h3><h4 class=\"content-subtitle rea-hidden\"><\/h4><\/div><\/div>\n\n\n\n<div class=\"wp-block-rea-paragraph-rea-paragraph-block rea-paragraph-block front\"><div class=\"rea-paragraph-block__content\"><p class=\"content-text\">Eine M\u00f6glichkeit, die Auswirkungen einer Krankheit auf die Menschen und die Gesellschaft im Allgemeinen zu bestimmen, bietet die Messung der sogenannten \u201eKrankheitslast\u201c anhand der sogenannten DALYs (\u201edisability-adjusted life years\u201c), d. h. der durch Beeintr\u00e4chtigung verlorenen Lebensjahre. Ein DALY entspricht im Wesentlichen einem Jahr gesunden Lebens, das durch Krankheit verloren geht; der Verlust kann durch einen vorzeitigen Tod, eine Krankheit oder eine durch die Krankheit verursachte Beeintr\u00e4chtigung entstehen.<br>\u00a0<br>In den vergangenen 30 Jahren hat das\u00a0<a href=\"https:\/\/www.healthdata.org\/research-analysis\/gbd\" target=\"_blank\" rel=\"noreferrer noopener nofollow\">Global Burden of Disease Project<\/a>\u00a0Statistiken \u00fcber die Belastung durch verschiedene Krankheiten gesammelt. In einem der j\u00fcngsten Berichte dieser Studie \u00fcber psychische Erkrankungen wird festgestellt, dass die Beeintr\u00e4chtigung durch akute Psychosen in der Studie durchweg am h\u00f6chsten war, obwohl nur ein kleinerer Teil der Weltbev\u00f6lkerung von Schizophrenie betroffen ist.<br>\u00a0<br>Dar\u00fcber hinaus stand Schizophrenie auch an dritter Stelle in der Liste der 10 psychischen Erkrankungen, die den h\u00f6chsten Prozentsatz an DALYs verursachten, und wurde nur noch von Depressionen und Angstzust\u00e4nden \u00fcbertroffen.<\/p><\/div><\/div>\n\n\n\n<div class=\"wp-block-rea-separator-rea-separator-block rea-separator-block front\"><div class=\"rea-separator-block__content\"><hr class=\"rea-separator-block__separator\"\/><\/div><\/div>\n\n\n\n<div class=\"wp-block-rea-title-rea-title-block rea-title-block front\"><div class=\"rea-title-block__content\"><h3 id=\"strongstrongverringerung-der-auswirkungen-von-schizophreniestrongstrong\" class=\"content-title \"><strong><strong>Verringerung der Auswirkungen von Schizophrenie<\/strong><\/strong><\/h3><h4 class=\"content-subtitle rea-hidden\"><\/h4><\/div><\/div>\n\n\n\n<div class=\"wp-block-rea-paragraph-rea-paragraph-block rea-paragraph-block front\"><div class=\"rea-paragraph-block__content\"><p class=\"content-text\">In Anbetracht der erheblichen Auswirkungen von Schizophrenie auf das Leben der Betroffenen ist eine fr\u00fchzeitige Diagnose und Behandlung von entscheidender Bedeutung, um diesen Menschen zu helfen, sich zu erholen und zu einem normalen Lebensrhythmus zur\u00fcckzukehren.\u00a0<br><br>Hier\u00a0erfahren Sie mehr \u00fcber die\u00a0<a href=\"https:\/\/www.schizophrenie-life.de\/public\/diagnosis-treatment\/diagnosis\/\">Diagnose von Schizophrenie<\/a>\u00a0und die Ma\u00dfnahmen, die zur Verbesserung der Leistungsf\u00e4higkeit der Betroffenen ergriffen werden k\u00f6nnen.<br><br>\u00a0<\/p><\/div><\/div>\n<div class=\"wp-block-rea-title-rea-title-block rea-title-block front rea-share-block\" style=\"margin-bottom:30px;text-align:center;\">\n\t\t<div class=\"\">\n\t\t\t<span style=\"display:block;margin-bottom:10px;font-size:20px;\">Share<\/span>\n\t\t\t<a href=\"https:\/\/www.facebook.com\/sharer\/sharer.php?u=https:\/\/www.schizophrenie-life.de\/public\/wp-json\/wp\/v2\/pages\/3046\" class=\"facebook-share\" target=\"_blank\"><\/a>\n\t\t\t<a href=\"https:\/\/www.linkedin.com\/shareArticle?mini=true&#038;url=https:\/\/www.schizophrenie-life.de\/public\/wp-json\/wp\/v2\/pages\/3046\" class=\"linkedin-share\" target=\"_blank\"><\/a>\n\t\t<\/div>\n\t<\/div>","protected":false},"excerpt":{"rendered":"<p>Share<\/p>\n","protected":false},"author":3,"featured_media":0,"parent":0,"menu_order":0,"comment_status":"closed","ping_status":"closed","template":"page-fullwidth.php","meta":{"rea_page_title_signed_in_meta_block_field":"Schizophrenie-Statistiken: Wie viele Menschen sind an Schizophrenie erkrankt?","rea_page_title_signed_out_meta_block_field":"Schizophrenie-Statistiken: Wie viele Menschen sind an Schizophrenie erkrankt?","rea_page_description_signed_in_meta_block_field":"Find out about the epidemiology of schizophrenia, with statistics on prevalence of schizophrenia and the global disease burden according to the WHO.","rea_page_description_signed_out_meta_block_field":"Find out about the epidemiology of schizophrenia, with statistics on prevalence of schizophrenia and the global disease burden according to the WHO.","rea_page_footer_id_meta_block_field":"","rea_page_footer_date_meta_block_field":""},"acf":[],"_links":{"self":[{"href":"https:\/\/www.schizophrenie-life.de\/public\/wp-json\/wp\/v2\/pages\/3046"}],"collection":[{"href":"https:\/\/www.schizophrenie-life.de\/public\/wp-json\/wp\/v2\/pages"}],"about":[{"href":"https:\/\/www.schizophrenie-life.de\/public\/wp-json\/wp\/v2\/types\/page"}],"author":[{"embeddable":true,"href":"https:\/\/www.schizophrenie-life.de\/public\/wp-json\/wp\/v2\/users\/3"}],"replies":[{"embeddable":true,"href":"https:\/\/www.schizophrenie-life.de\/public\/wp-json\/wp\/v2\/comments?post=3046"}],"version-history":[{"count":22,"href":"https:\/\/www.schizophrenie-life.de\/public\/wp-json\/wp\/v2\/pages\/3046\/revisions"}],"predecessor-version":[{"id":5024,"href":"https:\/\/www.schizophrenie-life.de\/public\/wp-json\/wp\/v2\/pages\/3046\/revisions\/5024"}],"wp:attachment":[{"href":"https:\/\/www.schizophrenie-life.de\/public\/wp-json\/wp\/v2\/media?parent=3046"}],"curies":[{"name":"wp","href":"https:\/\/api.w.org\/{rel}","templated":true}]}}