{"id":3020,"date":"2022-02-07T08:29:19","date_gmt":"2022-02-07T07:29:19","guid":{"rendered":"https:\/\/www.schizophrenie-life.de\/public\/?page_id=3020"},"modified":"2024-04-05T13:15:54","modified_gmt":"2024-04-05T12:15:54","slug":"alcohol-and-schizophrenia","status":"publish","type":"page","link":"https:\/\/www.schizophrenie-life.de\/public\/alcohol-and-schizophrenia\/","title":{"rendered":"<strong>Alkohol und Schizophrenie<\/strong>"},"content":{"rendered":"\n<div class=\"wp-block-rea-inpage-nav-rea-inpage-nav-block rea-inpage-nav-block front has-margin\"><div class=\"rea-inpage-nav-block__image\" style=\"background-image: url(https:\/\/www.schizophrenie-life.de\/public\/wp-content\/uploads\/2019\/03\/wooden.png)\"><img decoding=\"async\" class=\"inpage-nav-background\" alt=\"\" src=\"https:\/\/www.schizophrenie-life.de\/public\/wp-content\/uploads\/2019\/03\/wooden.png\"\/><\/div><div class=\"rea-inpage-nav-block__content\"><div class=\"rea-inpage-nav-block__content--wrapper\"><div class=\"text-wrapper\"><h2 class=\"inpage-nav-title\"><strong>Alkohol und Schizophrenie<\/strong><\/h2><ul class=\"inpage-nav-list\"><\/ul><\/div><div class=\"section-nav\"><h4 class=\"section-nav--title\">In diesem Abschnitt<\/h4><div class=\"section-nav--nav-items js-inpage-nav-items\"><\/div><\/div><\/div><\/div><\/div>\n\n\n\n<div class=\"wp-block-rea-illustration-rea-illustration-block rea-illustration-block front\"><img class=\"illustration-bg\" alt=\"\"\/><div class=\"rea-illustration-block__content\"><div class=\"rea-illustration-block__image image-wrapper\"><a href=\"\" rel=\"noopener noreferrer\" target=\"_blank\" class=\"is-blocked\"><img decoding=\"async\" class=\"illustration left\" alt=\"\" src=\"https:\/\/www.schizophrenie-life.de\/public\/wp-content\/uploads\/2022\/02\/SchizophreniaLife_Public_Article_2_Alcohol_immagine.png\" style=\"max-width: 72%\"\/><img decoding=\"async\" class=\"rea-mobile illustration-mobile\" alt=\"\" src=\"https:\/\/www.schizophrenie-life.de\/public\/wp-content\/uploads\/2022\/02\/SchizophreniaLife_Public_Article_2_Alcohol_immagine.png\"\/><\/a><\/div><p class=\"rea-site__caption caption-text align-left\"><\/p><\/div><\/div>\n\n\n\n<div class=\"wp-block-rea-separator-rea-separator-block rea-separator-block front\"><div class=\"rea-separator-block__content\"><hr class=\"rea-separator-block__separator\"\/><\/div><\/div>\n\n\n\n<div class=\"wp-block-rea-title-rea-title-block rea-title-block front\"><div class=\"rea-title-block__content\"><h3 id=\"strongwie-viel-alkohol-ist-zu-vielstrong\" class=\"content-title \"><strong>Wie viel Alkohol ist zu viel?<\/strong><\/h3><h4 class=\"content-subtitle rea-hidden\"><\/h4><\/div><\/div>\n\n\n\n<div class=\"wp-block-rea-paragraph-rea-paragraph-block rea-paragraph-block front\"><div class=\"rea-paragraph-block__content\"><p class=\"content-text\">Es ist allgemein anerkannt, dass der Konsum von maximal 14 Alkoholeinheiten pro Woche \u2013 verteilt auf mehrere Tage \u2013 das geringste Gesundheitsrisiko mit sich bringt.&nbsp;Es gibt jedoch kein v\u00f6llig sicheres Alkohollimit,&nbsp;und Menschen, die regelm\u00e4\u00dfig mehr als diese Menge trinken, m\u00fcssen zwar nicht unbedingt ein Alkoholproblem haben, aber ihr Risiko, dass sich chronische Gesundheitsprobleme entwickeln, ist erh\u00f6ht.<br><br><strong>Was ist eine Alkoholeinheit?<\/strong><\/p><\/div><\/div>\n\n\n\n<div class=\"wp-block-rea-list-rea-list-block rea-list-block front\"><div class=\"rea-list-block__wrapper\"><div class=\"list-unordered list\"><p>Eine Alkoholeinheit entspricht 10 ml oder 8 g reinem Alkohol.<\/p><p>Das ist die Menge, die ein durchschnittlicher Mensch in einer Stunde abbauen kann.<\/p><p>Die Anzahl der Einheiten in einem Drink h\u00e4ngt von seinem Alkoholgehalt (% vol) und seiner Gr\u00f6\u00dfe ab (z. B. ein Glas oder ein Halbliterhumpen).<\/p><\/div><\/div><\/div>\n\n\n\n<div class=\"wp-block-rea-paragraph-rea-paragraph-block rea-paragraph-block front\"><div class=\"rea-paragraph-block__content\"><p class=\"content-text\">Zu den Anzeichen daf\u00fcr, dass jemand zu viel trinkt und m\u00f6glicherweise eine Alkoholabh\u00e4ngigkeit entwickelt hat, geh\u00f6ren:&nbsp;<\/p><\/div><\/div>\n\n\n\n<div class=\"wp-block-rea-list-rea-list-block rea-list-block front\"><div class=\"rea-list-block__wrapper\"><div class=\"list-unordered list\"><p>St\u00e4ndig an Alkohol zu denken und seinen Tag im Hinblick auf Alkoholkonsum zu planen.<\/p><p>Das Gef\u00fchl, unbedingt trinken zu m\u00fcssen, und die Schwierigkeit, damit aufzuh\u00f6ren, wenn man einmal angefangen hat.<\/p><p>Das Bed\u00fcrfnis zu trinken, wenn man aufwacht oder kurz danach.<\/p><p>Entzugserscheinungen wie Zittern, Schwitzen oder Unwohlsein, die nach dem Genuss eines alkoholischen Getr\u00e4nks aufh\u00f6ren.<\/p><\/div><\/div><\/div>\n\n\n\n<div class=\"wp-block-rea-separator-rea-separator-block rea-separator-block front\"><div class=\"rea-separator-block__content\"><hr class=\"rea-separator-block__separator\"\/><\/div><\/div>\n\n\n\n<div class=\"wp-block-rea-title-rea-title-block rea-title-block front\"><div class=\"rea-title-block__content\"><h3 id=\"strongalkoholabhngigkeit-und-schizophreniestrong\" class=\"content-title \"><strong>Alkoholabh\u00e4ngigkeit und Schizophrenie<\/strong><\/h3><h4 class=\"content-subtitle rea-hidden\"><\/h4><\/div><\/div>\n\n\n\n<div class=\"wp-block-rea-paragraph-rea-paragraph-block rea-paragraph-block front\"><div class=\"rea-paragraph-block__content\"><p class=\"content-text\">Eine Alkoholabh\u00e4ngigkeit ist eine Erkrankung, bei der Alkoholkonsum der betroffenen Person oder anderen Personen unn\u00f6tiges Leid oder Schaden zuf\u00fcgt.&nbsp;Sie kann als leicht, moderat oder schwer eingestuft werden, je nachdem, wie wichtig Alkohol f\u00fcr die betroffene Person ist.<br><br>Bis zu einem Viertel der Menschen mit Schizophrenie sind zu irgendeinem Zeitpunkt ihrer Erkrankung davon betroffen, und Studien zeigen, dass Menschen, bei denen eine psychotische St\u00f6rung diagnostiziert wurde, mit dreimal h\u00f6herer Wahrscheinlichkeit starke Trinker sind als Menschen in der Allgemeinbev\u00f6lkerung.<br><br>Unabh\u00e4ngig davon, wie viele Menschen mit Schizophrenie betroffen sein m\u00f6gen \u2013 von Bedeutung sind die sch\u00e4dlichen Auswirkungen, die eine Alkoholabh\u00e4ngigkeit auf den Einzelnen haben kann.&nbsp;Alkohol kann nicht nur das Risiko f\u00fcr psychotische Symptome, Depressionen und Selbstmord erh\u00f6hen, sondern auch das Risiko f\u00fcr chronische k\u00f6rperliche Probleme, Krankenhausaufenthalte, Aggression, Gewalt und sogar f\u00fcr eine eventuelle Inhaftierung, wenn die Sucht unkontrolliert bleibt.<br><br><strong>Alkohol und Antipsychotika \u2013 keine gute Kombination<\/strong><br>Alkohol kann die Wirkung dieser Medikamente beeintr\u00e4chtigen und das Risiko von Nebenwirkungen erh\u00f6hen, wie z. B.:<br><br><strong>\u2022 Schl\u00e4frigkeit<br>\u2022 Schwindelgef\u00fchle<\/strong><br><strong>\u2022 Konzentrationsschwierigkeiten<br>\u2022 Beeintr\u00e4chtigtes Denken oder Urteilsverm\u00f6gen.<\/strong><\/p><\/div><\/div>\n\n\n\n<div class=\"wp-block-rea-separator-rea-separator-block rea-separator-block front\"><div class=\"rea-separator-block__content\"><hr class=\"rea-separator-block__separator\"\/><\/div><\/div>\n\n\n\n<div class=\"wp-block-rea-title-rea-title-block rea-title-block front\"><div class=\"rea-title-block__content\"><h3 id=\"strongstrongwarum-trinken-manche-menschen-mit-schizophrenie-zu-vielstrongstrong\" class=\"content-title \"><strong><strong>Warum trinken manche Menschen mit Schizophrenie zu viel?<\/strong><\/strong><\/h3><h4 class=\"content-subtitle rea-hidden\"><\/h4><\/div><\/div>\n\n\n\n<div class=\"wp-block-rea-paragraph-rea-paragraph-block rea-paragraph-block front\"><div class=\"rea-paragraph-block__content\"><p class=\"content-text\">Es gibt einige Theorien dar\u00fcber, warum Menschen mit Schizophrenie st\u00e4rker zum Trinken neigen als andere.&nbsp;Eine weit verbreitete Vorstellung ist, dass die Betroffenen sich selbst behandeln und versuchen, ihre psychotischen Symptome zu bew\u00e4ltigen, indem sie diese \u201eabschw\u00e4chen\u201c.&nbsp;Es gibt jedoch keine ausreichenden Belege, die diese Annahme st\u00fctzen.<sup>1<\/sup>&nbsp;<br><br>Eine andere Theorie besagt, dass Menschen mit Schizophrenie aufgrund ihrer Gene gar nicht anders k\u00f6nnen, als zu trinken.&nbsp;Interessanterweise haben j\u00fcngere Forschungen gezeigt, dass es einen genetischen Faktor gibt, den sogenannten Wachstumsfaktor BDNF (Brain-Derived Neurotrophic Factor), der mit dem gleichzeitigen Auftreten von Alkoholabh\u00e4ngigkeit bei Menschen mit Schizophrenie in Verbindung gebracht werden kann.&nbsp;<br><br>Was auch immer der Grund sein mag, es ist wichtig, einen Weg zu finden, um Menschen mit Schizophrenie zu helfen, ihren Alkoholkonsum zu m\u00e4\u00dfigen, sowohl um der Entwicklung einer Alkoholabh\u00e4ngigkeit vorzubeugen, als auch um ihre Gesundheit im Allgemeinen zu verbessern.&nbsp;<\/p><\/div><\/div>\n\n\n\n<div class=\"wp-block-rea-separator-rea-separator-block rea-separator-block front\"><div class=\"rea-separator-block__content\"><hr class=\"rea-separator-block__separator\"\/><\/div><\/div>\n\n\n\n<div class=\"wp-block-rea-title-rea-title-block rea-title-block front\"><div class=\"rea-title-block__content\"><h3 id=\"strongwie-knnen-alkoholprobleme-in-angriff-genommen-werdenstrong\" class=\"content-title \"><strong>Wie k\u00f6nnen Alkoholprobleme in Angriff genommen werden?<\/strong><\/h3><h4 class=\"content-subtitle rea-hidden\"><\/h4><\/div><\/div>\n\n\n\n<div class=\"wp-block-rea-paragraph-rea-paragraph-block rea-paragraph-block front\"><div class=\"rea-paragraph-block__content\"><p class=\"content-text\">Der erste Schritt zur Bew\u00e4ltigung von Alkoholproblemen liegt vielleicht auf der Hand: Man muss erkennen, dass man Hilfe braucht.&nbsp;Je nach Schwere des Alkoholproblems kann ein Gespr\u00e4ch mit dem Hausarzt, einem psychischen Gesundheitsdienst oder einem Psychiater hilfreich sein.&nbsp;Beachten Sie, dass es zwar spezielle Selbsthilfegruppen f\u00fcr Alkoholprobleme gibt, der Ansatz aber eher konfrontativ sein kann, was f\u00fcr Personen mit Schizophrenie m\u00f6glicherweise nicht geeignet ist.<br><br>Zu den Behandlungsans\u00e4tzen f\u00fcr Menschen mit Alkoholabh\u00e4ngigkeit geh\u00f6ren Entgiftung und Entzug sowie eine psychologische Beratung.&nbsp;Es gibt auch Medikamente zur oralen Anwendung oder Injektion, die zur Behandlung und Vorbeugung von weiterem Alkoholmissbrauch eingesetzt werden k\u00f6nnen; diese wirken, indem sie entweder das Vergn\u00fcgen am Alkoholkonsum nehmen oder daf\u00fcr sorgen, dass sich der Trinker beim Alkoholkonsum unwohl f\u00fchlt.<br><br>Um jemandem zu helfen, der sowohl an Schizophrenie als auch an einer Alkoholabh\u00e4ngigkeit leidet, kann eine Kombination therapeutischer Ans\u00e4tze erforderlich sein<sup>1<\/sup>, sowie eine kontinuierliche Unterst\u00fctzung.&nbsp;&nbsp;<\/p><\/div><\/div>\n<div class=\"wp-block-rea-title-rea-title-block rea-title-block front rea-share-block\" style=\"margin-bottom:30px;text-align:center;\">\n\t\t<div class=\"\">\n\t\t\t<span style=\"display:block;margin-bottom:10px;font-size:20px;\">Share<\/span>\n\t\t\t<a href=\"https:\/\/www.facebook.com\/sharer\/sharer.php?u=https:\/\/www.schizophrenie-life.de\/public\/wp-json\/wp\/v2\/pages\/3020\" class=\"facebook-share\" target=\"_blank\"><\/a>\n\t\t\t<a href=\"https:\/\/www.linkedin.com\/shareArticle?mini=true&#038;url=https:\/\/www.schizophrenie-life.de\/public\/wp-json\/wp\/v2\/pages\/3020\" class=\"linkedin-share\" target=\"_blank\"><\/a>\n\t\t<\/div>\n\t<\/div>","protected":false},"excerpt":{"rendered":"<p>Share<\/p>\n","protected":false},"author":3,"featured_media":0,"parent":0,"menu_order":0,"comment_status":"closed","ping_status":"closed","template":"page-fullwidth.php","meta":{"rea_page_title_signed_in_meta_block_field":"Alkohol und Schizophrenie - Was ist die Verbindung?","rea_page_title_signed_out_meta_block_field":"Alkohol und Schizophrenie - Was ist die Verbindung?","rea_page_description_signed_in_meta_block_field":"It\u2019s generally accepted that drinking no more than 14 units of alcohol per week \u2013 spread over several days \u2013 is associated with the least risk to health. There is no completely safe alcohol limit, however,and while people who drink more than this on a regular basis do not necessarily have a problem with alcohol, they are putting themselves at higher risk for developing chronic health issues.","rea_page_description_signed_out_meta_block_field":"It\u2019s generally accepted that drinking no more than 14 units of alcohol per week \u2013 spread over several days \u2013 is associated with the least risk to health. There is no completely safe alcohol limit, however,and while people who drink more than this on a regular basis do not necessarily have a problem with alcohol, they are putting themselves at higher risk for developing chronic health issues.","rea_page_footer_id_meta_block_field":"","rea_page_footer_date_meta_block_field":""},"acf":[],"_links":{"self":[{"href":"https:\/\/www.schizophrenie-life.de\/public\/wp-json\/wp\/v2\/pages\/3020"}],"collection":[{"href":"https:\/\/www.schizophrenie-life.de\/public\/wp-json\/wp\/v2\/pages"}],"about":[{"href":"https:\/\/www.schizophrenie-life.de\/public\/wp-json\/wp\/v2\/types\/page"}],"author":[{"embeddable":true,"href":"https:\/\/www.schizophrenie-life.de\/public\/wp-json\/wp\/v2\/users\/3"}],"replies":[{"embeddable":true,"href":"https:\/\/www.schizophrenie-life.de\/public\/wp-json\/wp\/v2\/comments?post=3020"}],"version-history":[{"count":26,"href":"https:\/\/www.schizophrenie-life.de\/public\/wp-json\/wp\/v2\/pages\/3020\/revisions"}],"predecessor-version":[{"id":5018,"href":"https:\/\/www.schizophrenie-life.de\/public\/wp-json\/wp\/v2\/pages\/3020\/revisions\/5018"}],"wp:attachment":[{"href":"https:\/\/www.schizophrenie-life.de\/public\/wp-json\/wp\/v2\/media?parent=3020"}],"curies":[{"name":"wp","href":"https:\/\/api.w.org\/{rel}","templated":true}]}}