{"id":2874,"date":"2020-07-24T14:23:27","date_gmt":"2020-07-24T13:23:27","guid":{"rendered":"https:\/\/www.schizophrenie-life.de\/public\/?page_id=2874"},"modified":"2024-04-09T08:22:26","modified_gmt":"2024-04-09T07:22:26","slug":"delusions-vs-paranoia-is-there-a-difference","status":"publish","type":"page","link":"https:\/\/www.schizophrenie-life.de\/public\/delusions-vs-paranoia-is-there-a-difference\/","title":{"rendered":"Wahnvorstellungen und Paranoia:\u00a0Gibt es einen Unterschied?"},"content":{"rendered":"\n<div class=\"wp-block-rea-inpage-nav-rea-inpage-nav-block rea-inpage-nav-block front has-margin\"><div class=\"rea-inpage-nav-block__image\" style=\"background-image: url(https:\/\/preprod-schizophrenia-life.amarone.hu\/public\/wp-content\/uploads\/2019\/03\/wooden.png)\"><img decoding=\"async\" class=\"inpage-nav-background\" alt=\"\" src=\"https:\/\/preprod-schizophrenia-life.amarone.hu\/public\/wp-content\/uploads\/2019\/03\/wooden.png\"\/><\/div><div class=\"rea-inpage-nav-block__content\"><div class=\"rea-inpage-nav-block__content--wrapper\"><div class=\"text-wrapper\"><h2 class=\"inpage-nav-title\">Wahnvorstellungen und Paranoia:&nbsp;Gibt es einen Unterschied?<\/h2><ul class=\"inpage-nav-list\"><\/ul><\/div><div class=\"section-nav\"><h4 class=\"section-nav--title\">In diesem Abschnitt<\/h4><div class=\"section-nav--nav-items js-inpage-nav-items\"><\/div><\/div><\/div><\/div><\/div>\n\n\n\n<div class=\"wp-block-rea-paragraph-rea-paragraph-block rea-paragraph-block front\"><div class=\"rea-paragraph-block__content\"><p class=\"content-text\">Paranoia und Wahnvorstellungen sind Begriffe, die in der Psychiatrie verwendet werden, und beide sind bei psychischen Erkrankungen oft miteinander verwoben. Paranoide Gedanken und Wahnvorstellungen k\u00f6nnen bei verschiedenen psychiatrischen Erkrankungen auftreten, darunter Schizophrenie und Manie, aber auch bei Depressionen, Drogenmissbrauch oder Demenz.&nbsp;&nbsp;Schizophrenie wird h\u00e4ufig mit Wahnvorstellungen und Paranoia in Verbindung gebracht. Tats\u00e4chlich wird die h\u00e4ufigste Form der Schizophrenie als paranoide Schizophrenie&nbsp;bezeichnet, und Wahnvorstellungen sind h\u00e4ufige Symptome bei Schizophrenie.<br>&nbsp;<br>Im allgemeinen Sprachgebrauch werden diese beiden Begriffe oft als Synonyme verwendet. Viele Menschen sind sich \u00fcber die jeweiligen Definitionen nicht ganz im Klaren, aber beide Begriffe werden h\u00e4ufig verwendet, um vor allem der Wut \u00fcber das Verhalten anderer Person Ausdruck zu verleihen: \u201eDu bist v\u00f6llig wahnsinnig!\u201c oder \u201eDas ist total paranoid von dir!\u201c. Aber was bedeuten diese beiden Begriffe wirklich? Und worin besteht der Unterschied zwischen ihnen?<br><br><\/p><\/div><\/div>\n\n\n\n<div class=\"wp-block-rea-title-rea-title-block rea-title-block front\"><div class=\"rea-title-block__content\"><h3 id=\"strongstrongwahnvorstellungenstrongstrong\" class=\"content-title \"><strong><strong>Wahnvorstellungen<\/strong><\/strong><\/h3><h4 class=\"content-subtitle rea-hidden\"><\/h4><\/div><\/div>\n\n\n\n<div class=\"wp-block-rea-paragraph-rea-paragraph-block rea-paragraph-block front\"><div class=\"rea-paragraph-block__content\"><p class=\"content-text\">Wahnvorstellungen k\u00f6nnen als \u201efeste \u00dcberzeugungen definiert werden, die auch angesichts widersprechender Beweise unver\u00e4nderlich bleiben\u201c.&nbsp;Mit anderen Worten: Eine Person mit Wahnvorstellungen ist nicht bereit, ihre \u00dcberzeugungen zu \u00e4ndern, auch wenn es Beweise daf\u00fcr gibt, dass ihre \u00dcberzeugungen v\u00f6llig falsch und haltlos sind.&nbsp;Zur Verdeutlichung werden hier einige Beispiele<sup>2<\/sup>&nbsp;f\u00fcr verschiedenen Arten von Wahnvorstellungen angef\u00fchrt:<br><\/p><\/div><\/div>\n\n\n\n<div class=\"wp-block-rea-list-rea-list-block rea-list-block front\"><div class=\"rea-list-block__wrapper\"><div class=\"list-unordered list\"><p>Verfolgungswahn (am h\u00e4ufigsten), auch als paranoide Wahnvorstellungen bezeichnet<br>o \u00dcberzeugung, dass man von einer Person, einer Organisation oder einer anderen Gruppe gesch\u00e4digt und\/oder bel\u00e4stigt wird<\/p><p>Bezugswahn (ebenfalls h\u00e4ufig)<br>o \u00dcberzeugung, dass bestimmte Kommentare, Gesten, Zeichen aus der Umgebung usw. an die eigene Person gerichtet sind<\/p><p>K\u00f6rperbezogener Wahn<br>o Konzentration auf Sorgen um die Gesundheit und die Organfunktionen<\/p><p>Gr\u00f6\u00dfenwahn<br>o \u00dcberzeugung, dass man Ruhm, Reichtum oder au\u00dfergew\u00f6hnliche F\u00e4higkeiten besitzt<\/p><p>Erotomanie (Liebeswahn)<br>o die Person glaubt, dass eine andere Person in sie verliebt ist<\/p><p>Nihilistischer Wahn<br>o die Person ist davon \u00fcberzeugt, dass eine gro\u00dfe Katastrophe bevorsteht<\/p><\/div><\/div><\/div>\n\n\n\n<div class=\"wp-block-rea-paragraph-rea-paragraph-block rea-paragraph-block front\"><div class=\"rea-paragraph-block__content\"><p class=\"content-text\"><br><\/p><\/div><\/div>\n\n\n\n<div class=\"wp-block-rea-illustration-rea-illustration-block rea-illustration-block front\"><img class=\"illustration-bg\" alt=\"\"\/><div class=\"rea-illustration-block__content\"><div class=\"rea-illustration-block__image image-wrapper\"><a href=\"https:\/\/www.schizophrenie-life.de\/public\/wp-content\/uploads\/2020\/09\/LR002-Inside-article-image.jpg\" rel=\"noopener noreferrer\" target=\"_blank\" class=\"\"><img decoding=\"async\" class=\"illustration center\" alt=\"\" src=\"https:\/\/www.schizophrenie-life.de\/public\/wp-content\/uploads\/2020\/09\/LR002-Inside-article-image.jpg\" style=\"max-width: 80%\"\/><img decoding=\"async\" class=\"rea-mobile illustration-mobile\" alt=\"\" src=\"https:\/\/www.schizophrenie-life.de\/public\/wp-content\/uploads\/2020\/09\/LR002-Inside-article-image.jpg\"\/><\/a><\/div><p class=\"rea-site__caption caption-text align-center\"><\/p><\/div><\/div>\n\n\n\n<div class=\"wp-block-rea-paragraph-rea-paragraph-block rea-paragraph-block front\"><div class=\"rea-paragraph-block__content\"><p class=\"content-text\">Wahnvorstellungen gelten als&nbsp;<strong>bizarr,<\/strong>&nbsp;\u201ewenn sie eindeutig unplausibel und f\u00fcr Angeh\u00f6rige der gleichen Kultur unverst\u00e4ndlich sind und nicht auf gew\u00f6hnlichen Lebenserfahrungen beruhen\u201c.&nbsp;Eine Person, die zum Beispiel glaubt, dass eine \u00e4u\u00dfere Macht ihre inneren Organe entfernt und durch die Organe einer anderen Person ersetzt hat, ohne Wunden oder Narben zu hinterlassen, leidet unter bizarren Wahnvorstellungen. Ein Beispiel f\u00fcr eine&nbsp;<strong>nicht bizarre<\/strong>&nbsp;Wahnvorstellung ist dagegen die \u00dcberzeugung, von der Polizei \u00fcberwacht zu werden, obwohl es daf\u00fcr keine schl\u00fcssigen Beweise gibt.&nbsp;Wahnvorstellungen werden in der Regel als bizarr bezeichnet, wenn sie Ausdruck eines Kontrollverlusts \u00fcber Geist oder K\u00f6rper sind.&nbsp;Hier einige Beispiele:<\/p><\/div><\/div>\n\n\n\n<div class=\"wp-block-rea-list-rea-list-block rea-list-block front\"><div class=\"rea-list-block__wrapper\"><div class=\"list-unordered list\"><p>Gedankenentzug<br>o Glaube, dass eine \u00e4u\u00dfere Kraft die eigenen Gedanken \u201ewegnimmt\u201c<\/p><p>Gedankeneingebung<br>o Glaube des Betroffenen, dass ihm fremde Gedanken in den Kopf gesetzt wurden<\/p><p>die Wahnvorstellung, kontrolliert oder gesteuert zu werden<br>o \u00dcberzeugung, dass eine \u00e4u\u00dfere Kraft den eigenen K\u00f6rper oder die eigenen Handlungen manipuliert<\/p><\/div><\/div><\/div>\n\n\n\n<div class=\"wp-block-rea-paragraph-rea-paragraph-block rea-paragraph-block front\"><div class=\"rea-paragraph-block__content\"><p class=\"content-text\">Manchmal kann es schwierig sein, zwischen einer Wahnvorstellung und einer blo\u00dfen \u00dcberzeugung zu unterscheiden. Worum es sich tats\u00e4chlich handelt, kann davon abh\u00e4ngen, wie stark an der \u00dcberzeugung festgehalten wird, auch wenn es sehr klare und vern\u00fcnftige widerspr\u00fcchliche Beweise dagegen sprechen.<br><br><\/p><\/div><\/div>\n\n\n\n<div class=\"wp-block-rea-title-rea-title-block rea-title-block front\"><div class=\"rea-title-block__content\"><h3 id=\"paranoia\" class=\"content-title \">Paranoia<\/h3><h4 class=\"content-subtitle rea-hidden\"><\/h4><\/div><\/div>\n\n\n\n<div class=\"wp-block-rea-paragraph-rea-paragraph-block rea-paragraph-block front\"><div class=\"rea-paragraph-block__content\"><p class=\"content-text\">Paranoia kann als \u201eein unbegr\u00fcndetes oder \u00fcbertriebenes Misstrauen gegen\u00fcber anderen\u201c definiert werden.&nbsp;Paranoide Menschen sind argw\u00f6hnisch und zweifeln st\u00e4ndig die Motive ihrer Mitmenschen an. Sie glauben, dass bestimmte Personen oder Menschen im Allgemeinen \u201ehinter ihnen her sind\u201c.&nbsp;Paranoide Gedanken sind nicht ungew\u00f6hnlich und k\u00f6nnen bei allen Menschen zu einem bestimmten Zeitpunkt ihres Lebens auftreten. Stellen Sie sich z. B. vor, dass Sie im Dunkeln nach Hause gehen und ein Auto langsam neben Ihnen herf\u00e4hrt, oder dass Menschen fl\u00fcstern und Sie beobachten, w\u00e4hrend Sie vorbeigehen. In solchen F\u00e4llen ist es nicht ungew\u00f6hnlich, Angst zu haben, dass die Leute nichts Gutes im Sinn haben, auch wenn nichts passiert.<br>&nbsp;<br>Paranoia wird erst dann problematisch, wenn sie klinische Ausma\u00dfe, d. h. wahnhafte Ausma\u00dfe, annimmt. In solchen F\u00e4llen wird die Person, wie oben beschrieben, unflexibel, wenn es darum geht, eindeutige Beweise zu akzeptieren, die im Widerspruch zu ihrer festen \u00dcberzeugung stehen. Dann entwickelt sich die Paranoia zu einem Verfolgungswahn bzw. zu paranoiden Wahnvorstellungen. Bei der betroffenen Person entsteht das Gef\u00fchl, dass eine andere Person oder eine Gruppe bzw. Organisation es auf sie abgesehen hat. Andere Wahnvorstellungen, darunter nihilistischer Wahn, Gedankenentzug, Gedankeneingebung und die \u00dcberzeugung, kontrolliert oder gesteuert zu werden, k\u00f6nnen die Paranoia und damit den Verfolgungswahn ebenfalls verschlimmern. Dar\u00fcber hinaus k\u00f6nnen auch Halluzinationen, d. h. \u201eSinneseindr\u00fccke (Sehen, Ber\u00fchren, H\u00f6ren, Riechen oder Schmecken), die nicht auf \u00e4u\u00dferen Reizen beruhen\u201c, zu paranoiden Wahnvorstellungen f\u00fchren.&nbsp;Die Person erlebt und glaubt bzw. f\u00fchlt, dass die Halluzinationen real sind, und kann \u00e4ngstlich oder paranoid werden, wenn sie denkt, dass diese Halluzinationen von feindseligen Personen kommen.<br><br><\/p><\/div><\/div>\n\n\n\n<div class=\"wp-block-rea-title-rea-title-block rea-title-block front\"><div class=\"rea-title-block__content\"><h3 id=\"strongschlussfolgerungenstrong\" class=\"content-title \"><strong>Schlussfolgerungen<\/strong><\/h3><h4 class=\"content-subtitle rea-hidden\"><\/h4><\/div><\/div>\n\n\n\n<div class=\"wp-block-rea-paragraph-rea-paragraph-block rea-paragraph-block front\"><div class=\"rea-paragraph-block__content\"><p class=\"content-text\">Zusammenfassend l\u00e4sst sich sagen, dass Wahnvorstellungen und Paranoia eng miteinander verbunden sein k\u00f6nnen. Vereinfacht ausgedr\u00fcckt ist Paranoia eine unbegr\u00fcndete oder \u00fcbertriebene Angst vor anderen, die zu einem Wahn werden kann, wenn diese Angst auch bei eindeutigen Beweisen unver\u00e4ndert bleibt und sich zu paranoiden Wahnvorstellungen entwickelt. Daher kann Paranoia (wenn sie schwerwiegend ist) als eine besondere Art von Wahn angesehen werden, w\u00e4hrend Wahnvorstellungen generell eine umfassendere Kategorie darstellen.\u00a0\u00a0Wahnvorstellungen k\u00f6nnen ohne Anzeichen von Paranoia auftreten und umgekehrt. Sowohl Wahnvorstellungen als auch Paranoia k\u00f6nnen unterschiedlich schwer ausgepr\u00e4gt sein. Wenn sie schwerwiegend sind, k\u00f6nnen sie zu beeintr\u00e4chtigenden psychischen Erkrankungen f\u00fchren.\u00a0<br><br>  <\/p><\/div><\/div>\n<div class=\"wp-block-rea-title-rea-title-block rea-title-block front rea-share-block\" style=\"margin-bottom:30px;text-align:center;\">\n\t\t<div class=\"\">\n\t\t\t<span style=\"display:block;margin-bottom:10px;font-size:20px;\">Share<\/span>\n\t\t\t<a href=\"https:\/\/www.facebook.com\/sharer\/sharer.php?u=https:\/\/www.schizophrenie-life.de\/public\/wp-json\/wp\/v2\/pages\/2874\" class=\"facebook-share\" target=\"_blank\"><\/a>\n\t\t\t<a href=\"https:\/\/www.linkedin.com\/shareArticle?mini=true&#038;url=https:\/\/www.schizophrenie-life.de\/public\/wp-json\/wp\/v2\/pages\/2874\" class=\"linkedin-share\" target=\"_blank\"><\/a>\n\t\t<\/div>\n\t<\/div>","protected":false},"excerpt":{"rendered":"<p>Share<\/p>\n","protected":false},"author":1,"featured_media":2884,"parent":0,"menu_order":0,"comment_status":"closed","ping_status":"closed","template":"page-fullwidth.php","meta":{"rea_page_title_signed_in_meta_block_field":"DELUSIONS AND PARANOIA: IS THERE A DIFFERENCE?","rea_page_title_signed_out_meta_block_field":"DELUSIONS AND PARANOIA: IS THERE A DIFFERENCE?","rea_page_description_signed_in_meta_block_field":"Paranoia and delusions are terms that are used in psychiatry, and the two are often intertwined in mental health illnesses.","rea_page_description_signed_out_meta_block_field":"Paranoia and delusions are terms that are used in psychiatry, and the two are often intertwined in mental health illnesses.","rea_page_footer_id_meta_block_field":"","rea_page_footer_date_meta_block_field":""},"acf":[],"_links":{"self":[{"href":"https:\/\/www.schizophrenie-life.de\/public\/wp-json\/wp\/v2\/pages\/2874"}],"collection":[{"href":"https:\/\/www.schizophrenie-life.de\/public\/wp-json\/wp\/v2\/pages"}],"about":[{"href":"https:\/\/www.schizophrenie-life.de\/public\/wp-json\/wp\/v2\/types\/page"}],"author":[{"embeddable":true,"href":"https:\/\/www.schizophrenie-life.de\/public\/wp-json\/wp\/v2\/users\/1"}],"replies":[{"embeddable":true,"href":"https:\/\/www.schizophrenie-life.de\/public\/wp-json\/wp\/v2\/comments?post=2874"}],"version-history":[{"count":14,"href":"https:\/\/www.schizophrenie-life.de\/public\/wp-json\/wp\/v2\/pages\/2874\/revisions"}],"predecessor-version":[{"id":5044,"href":"https:\/\/www.schizophrenie-life.de\/public\/wp-json\/wp\/v2\/pages\/2874\/revisions\/5044"}],"wp:featuredmedia":[{"embeddable":true,"href":"https:\/\/www.schizophrenie-life.de\/public\/wp-json\/wp\/v2\/media\/2884"}],"wp:attachment":[{"href":"https:\/\/www.schizophrenie-life.de\/public\/wp-json\/wp\/v2\/media?parent=2874"}],"curies":[{"name":"wp","href":"https:\/\/api.w.org\/{rel}","templated":true}]}}