{"id":2370,"date":"2020-01-15T07:54:36","date_gmt":"2020-01-15T07:54:36","guid":{"rendered":"https:\/\/www.schizophrenie-life.de\/public\/?page_id=2370"},"modified":"2024-04-02T13:22:56","modified_gmt":"2024-04-02T12:22:56","slug":"how-to-help","status":"publish","type":"page","link":"https:\/\/www.schizophrenie-life.de\/public\/advice-and-support\/how-to-help\/","title":{"rendered":"<strong>Wie kann ich jemandem helfen, der an Schizophrenie erkrankt ist?<\/strong>"},"content":{"rendered":"\n<div class=\"wp-block-rea-inpage-nav-rea-inpage-nav-block rea-inpage-nav-block front has-margin\"><div class=\"rea-inpage-nav-block__image\" style=\"background-image: url(https:\/\/www.schizophrenie-life.de\/public\/wp-content\/uploads\/2019\/03\/wooden.png)\"><img decoding=\"async\" class=\"inpage-nav-background\" alt=\"\" src=\"https:\/\/www.schizophrenie-life.de\/public\/wp-content\/uploads\/2019\/03\/wooden.png\"\/><\/div><div class=\"rea-inpage-nav-block__content\"><div class=\"rea-inpage-nav-block__content--wrapper\"><div class=\"text-wrapper\"><h2 class=\"inpage-nav-title\"><strong>Wie kann ich jemandem helfen, der an Schizophrenie erkrankt ist?<\/strong><\/h2><ul class=\"inpage-nav-list\"><li>Die an Schizophrenie erkrankte Person trifft keine Schuld<\/li><li>Sie k\u00f6nnen diese Krankheit nicht heilen<\/li><li>Den Betroffenen erscheinen ihre \u00dcberzeugungen und Halluzinationen sehr real<\/li><li>Die Person ist nicht die St\u00f6rung<\/li><\/ul><\/div><div class=\"section-nav\"><h4 class=\"section-nav--title\">In this section<\/h4><div class=\"section-nav--nav-items js-inpage-nav-items\"><\/div><\/div><\/div><\/div><\/div>\n\n\n\n<div class=\"wp-block-rea-title-rea-title-block rea-title-block front\"><div class=\"rea-title-block__content\"><h3 id=\"\" class=\"content-title rea-hidden\"><\/h3><h4 class=\"content-subtitle \">1. <strong>Mehr \u00fcber Schizophrenie herausfinden<\/strong><\/h4><\/div><\/div>\n\n\n\n<div class=\"wp-block-rea-paragraph-rea-paragraph-block rea-paragraph-block front\"><div class=\"rea-paragraph-block__content\"><p class=\"content-text\">Es ist wichtig, sich \u00fcber Schizophrenie zu informieren, um die Phasen und Symptome zu kennen und zu wissen, was die betroffene Person durchmachen kann. Es gibt viele falsche Informationen \u00fcber Schizophrenie. Nehmen Sie sich also Zeit, um herauszufinden, welche davon Mythen sind und welche der Wahrheit entsprechen.<br><br><\/p><\/div><\/div>\n\n\n\n<div class=\"wp-block-rea-title-rea-title-block rea-title-block front\"><div class=\"rea-title-block__content\"><h3 id=\"\" class=\"content-title rea-hidden\"><\/h3><h4 class=\"content-subtitle \">2. <strong>Erkennen Sie die Anzeichen eines R\u00fcckfalls<\/strong><\/h4><\/div><\/div>\n\n\n\n<div class=\"wp-block-rea-paragraph-rea-paragraph-block rea-paragraph-block front\"><div class=\"rea-paragraph-block__content\"><p class=\"content-text\">Jeder Mensch mit Schizophrenie hat unterschiedliche Symptome und einen individuellen Krankheitsverlauf.\u00a0 Wenn Sie die Anzeichen erkennen, die darauf hindeuten, dass eine Person mit Schizophrenie auf eine Verschlechterung zusteuert, k\u00f6nnen Sie ihr helfen, mit der Krankheit umzugehen. Achten Sie auf folgende Symptome:<\/p><\/div><\/div>\n\n\n\n<div class=\"wp-block-rea-list-rea-list-block rea-list-block front\"><div class=\"rea-list-block__wrapper\"><div class=\"list-unordered list\"><p>Appetitlosigkeit<\/p><p>\u00c4ngstlichkeit oder Stress<\/p><p>Unruhiger Schlaf<\/p><p>Ein Gef\u00fchl des Misstrauens oder der Angst<\/p><p>Argwohn gegen\u00fcber den Motiven der Menschen<\/p><p>Hin und wieder das H\u00f6ren leiser Stimmen<\/p><p>Konzentrationsschwierigkeiten<\/p><\/div><\/div><\/div>\n\n\n\n<div class=\"wp-block-rea-paragraph-rea-paragraph-block rea-paragraph-block front\"><div class=\"rea-paragraph-block__content\"><p class=\"content-text\">Stellen Sie sicher, dass dem Betroffenen seine Medikamente zur Verf\u00fcgung stehen, wenn Sie diese Anzeichen erkennen, und \u00fcberlegen Sie, ob zus\u00e4tzliche Unterst\u00fctzung erforderlich ist.<br><br><\/p><\/div><\/div>\n\n\n\n<div class=\"wp-block-rea-title-rea-title-block rea-title-block front\"><div class=\"rea-title-block__content\"><h3 id=\"\" class=\"content-title rea-hidden\"><\/h3><h4 class=\"content-subtitle \">3. <strong>Suchen Sie sich so viel fachkundige Hilfe, wie Sie k\u00f6nnen<\/strong><\/h4><\/div><\/div>\n\n\n\n<div class=\"wp-block-rea-paragraph-rea-paragraph-block rea-paragraph-block front\"><div class=\"rea-paragraph-block__content\"><p class=\"content-text\">Es gibt viele Unterst\u00fctzungsangebote und Dienste f\u00fcr Menschen, die mit Schizophrenie leben. Je mehr professionelle Hilfe Sie in Anspruch nehmen k\u00f6nnen, desto leichter wird es in den schwierigen Phasen. <br><br><\/p><\/div><\/div>\n\n\n\n<div class=\"wp-block-rea-title-rea-title-block rea-title-block front\"><div class=\"rea-title-block__content\"><h3 id=\"\" class=\"content-title rea-hidden\"><\/h3><h4 class=\"content-subtitle \"><strong>4. Stellen Sie sicher, dass die Betroffenen ihre Medikamente nehmen<\/strong> <\/h4><\/div><\/div>\n\n\n\n<div class=\"wp-block-rea-paragraph-rea-paragraph-block rea-paragraph-block front\"><div class=\"rea-paragraph-block__content\"><p class=\"content-text\">F\u00fcr Menschen mit Schizophrenie ist es wichtig, dass sie ihre Medikamente wie verordnet einnehmen.\u00a0 Das kann zur Verhinderung eines R\u00fcckfalls beitragen. Wenn es den Betroffenen gut geht, sollten sie versuchen, sich an eine Routine zu gew\u00f6hnen. Arbeiten Sie gemeinsam daran, der Vergesslichkeit beizukommen, an der Betroffene m\u00f6glicherweise leiden.<br><br><\/p><\/div><\/div>\n\n\n\n<div class=\"wp-block-rea-title-rea-title-block rea-title-block front\"><div class=\"rea-title-block__content\"><h3 id=\"\" class=\"content-title rea-hidden\"><\/h3><h4 class=\"content-subtitle \">5. <strong>Sicherstellen, dass bei der nahestehenden Person alles in Ordnung ist<\/strong><\/h4><\/div><\/div>\n\n\n\n<div class=\"wp-block-rea-paragraph-rea-paragraph-block rea-paragraph-block front\"><div class=\"rea-paragraph-block__content\"><p class=\"content-text\">Einem Menschen mit Schizophrenie kann es schwerfallen, klar zu denken und sich um sich selbst oder andere zu k\u00fcmmern. Wenn der Betroffene Angeh\u00f6rige hat, k\u00f6nnen diese ihm vielleicht helfen, indem sie ihn bei allt\u00e4glichen Aufgaben wie Hausarbeiten oder Einkaufen unterst\u00fctzen. Sie k\u00f6nnten auch einfach nachsehen, ob bei der Person alles in Ordnung ist. <br><br><\/p><\/div><\/div>\n\n\n\n<div class=\"wp-block-rea-title-rea-title-block rea-title-block front\"><div class=\"rea-title-block__content\"><h3 id=\"\" class=\"content-title rea-hidden\"><\/h3><h4 class=\"content-subtitle \"><strong>6. Helfen Sie Betroffenen, sinnvolle Besch\u00e4ftigungen zu finden und neue F\u00e4higkeiten zu erlernen<\/strong><\/h4><\/div><\/div>\n\n\n\n<div class=\"wp-block-rea-paragraph-rea-paragraph-block rea-paragraph-block front\"><div class=\"rea-paragraph-block__content\"><p class=\"content-text\">Es ist wichtig, sich auf positive Aspekte zu konzentrieren, auf Dinge, die Spa\u00df machen oder die Betroffene gut k\u00f6nnen. Versuchen Sie, kleine, realistische Ziele zu setzen, und helfen Sie dem Betroffenen beim Erwerb sinnvoller F\u00e4higkeiten und bei der Suche nach Jobs, die er bew\u00e4ltigen kann. Denken Sie daran, dass Konzentrationsschwierigkeiten ein Symptom der Schizophrenie sind und es daher wichtig ist, geduldig zu sein.<br><br><\/p><\/div><\/div>\n\n\n\n<div class=\"wp-block-rea-title-rea-title-block rea-title-block front\"><div class=\"rea-title-block__content\"><h3 id=\"\" class=\"content-title rea-hidden\"><\/h3><h4 class=\"content-subtitle \"><strong>7. Achten Sie auf sich selbst<\/strong><\/h4><\/div><\/div>\n\n\n\n<div class=\"wp-block-rea-paragraph-rea-paragraph-block rea-paragraph-block front\"><div class=\"rea-paragraph-block__content\"><p class=\"content-text\">Es ist nie leicht, mit anzusehen, wie jemand, den Sie kennen, an Schizophrenie erkrankt. Achten Sie darauf, dass Sie Ihre eigenen Bed\u00fcrfnisse nicht vernachl\u00e4ssigen und sich Zeit f\u00fcr sich selbst nehmen.<\/p><\/div><\/div>\n\n\n\n<div class=\"wp-block-rea-list-rea-list-block rea-list-block front\"><div class=\"rea-list-block__wrapper\"><div class=\"list-unordered list\"><p>Suchen Sie sich jemanden, mit dem Sie \u00fcber Ihre Gef\u00fchle sprechen k\u00f6nnen.<\/p><p>Bleiben Sie in Kontakt mit Freunden und Familienmitgliedern.<\/p><p>Nehmen Sie verletzendes Verhalten und Worte nicht pers\u00f6nlich.<\/p><\/div><\/div><\/div>\n<div class=\"wp-block-rea-title-rea-title-block rea-title-block front rea-share-block\" style=\"margin-bottom:30px;text-align:center;\">\n\t\t<div class=\"\">\n\t\t\t<span style=\"display:block;margin-bottom:10px;font-size:20px;\">Share<\/span>\n\t\t\t<a href=\"https:\/\/www.facebook.com\/sharer\/sharer.php?u=https:\/\/www.schizophrenie-life.de\/public\/wp-json\/wp\/v2\/pages\/2370\" class=\"facebook-share\" target=\"_blank\"><\/a>\n\t\t\t<a href=\"https:\/\/www.linkedin.com\/shareArticle?mini=true&#038;url=https:\/\/www.schizophrenie-life.de\/public\/wp-json\/wp\/v2\/pages\/2370\" class=\"linkedin-share\" target=\"_blank\"><\/a>\n\t\t<\/div>\n\t<\/div>","protected":false},"excerpt":{"rendered":"<p>Share<\/p>\n","protected":false},"author":1,"featured_media":1167,"parent":2368,"menu_order":0,"comment_status":"closed","ping_status":"closed","template":"page-fullwidth.php","meta":{"rea_page_title_signed_in_meta_block_field":"schizophrenia: how to help","rea_page_title_signed_out_meta_block_field":"schizophrenia: how to help","rea_page_description_signed_in_meta_block_field":"Learning about schizophrenia is important in order to understand the phases, the symptoms and what a person may be going through. There is a lot of wrong information around schizophrenia so take time to find out what is myth and what is truth.","rea_page_description_signed_out_meta_block_field":"Learning about schizophrenia is important in order to understand the phases, the symptoms and what a person may be going through. There is a lot of wrong information around schizophrenia so take time to find out what is myth and what is truth.","rea_page_footer_id_meta_block_field":"","rea_page_footer_date_meta_block_field":""},"acf":[],"_links":{"self":[{"href":"https:\/\/www.schizophrenie-life.de\/public\/wp-json\/wp\/v2\/pages\/2370"}],"collection":[{"href":"https:\/\/www.schizophrenie-life.de\/public\/wp-json\/wp\/v2\/pages"}],"about":[{"href":"https:\/\/www.schizophrenie-life.de\/public\/wp-json\/wp\/v2\/types\/page"}],"author":[{"embeddable":true,"href":"https:\/\/www.schizophrenie-life.de\/public\/wp-json\/wp\/v2\/users\/1"}],"replies":[{"embeddable":true,"href":"https:\/\/www.schizophrenie-life.de\/public\/wp-json\/wp\/v2\/comments?post=2370"}],"version-history":[{"count":44,"href":"https:\/\/www.schizophrenie-life.de\/public\/wp-json\/wp\/v2\/pages\/2370\/revisions"}],"predecessor-version":[{"id":4915,"href":"https:\/\/www.schizophrenie-life.de\/public\/wp-json\/wp\/v2\/pages\/2370\/revisions\/4915"}],"up":[{"embeddable":true,"href":"https:\/\/www.schizophrenie-life.de\/public\/wp-json\/wp\/v2\/pages\/2368"}],"wp:featuredmedia":[{"embeddable":true,"href":"https:\/\/www.schizophrenie-life.de\/public\/wp-json\/wp\/v2\/media\/1167"}],"wp:attachment":[{"href":"https:\/\/www.schizophrenie-life.de\/public\/wp-json\/wp\/v2\/media?parent=2370"}],"curies":[{"name":"wp","href":"https:\/\/api.w.org\/{rel}","templated":true}]}}