{"id":2353,"date":"2020-01-14T15:21:35","date_gmt":"2020-01-14T15:21:35","guid":{"rendered":"https:\/\/www.schizophrenie-life.de\/public\/?page_id=2353"},"modified":"2024-04-08T19:54:12","modified_gmt":"2024-04-08T18:54:12","slug":"addiction","status":"publish","type":"page","link":"https:\/\/www.schizophrenie-life.de\/public\/addiction\/","title":{"rendered":"<strong>Schizophrenie und Sucht<\/strong>"},"content":{"rendered":"\n<div class=\"wp-block-rea-hero-banner-rea-hero-banner-block rea-hero-banner-block front has-margin no-btn\"><div class=\"rea-hero-banner-block__image\" style=\"background-image: url(https:\/\/www.schizophrenie-life.de\/public\/wp-content\/uploads\/2019\/03\/wooden.png)\"><img decoding=\"async\" class=\"hero-banner-background\" alt=\"\" src=\"https:\/\/www.schizophrenie-life.de\/public\/wp-content\/uploads\/2019\/03\/wooden.png\"\/><\/div><div class=\"rea-hero-banner-block__content\"><div class=\"rea-hero-banner-block__content--wrapper\"><div class=\"text-wrapper\"><h1 class=\"hero-banner-title\"><strong>Schizophrenie und Sucht<\/strong><\/h1><p class=\"hero-banner-text\">Menschen, die Drogen missbrauchen, entwickeln manchmal Symptome, die denen einer Schizophrenie sehr \u00e4hnlich sind, und in einigen F\u00e4llen kann Drogenmissbrauch sogar den Ausbruch der Krankheit beg\u00fcnstigen. Gleichzeitig weisen viele Menschen mit psychischen Problemen eine Neigung zu pathologischem Gl\u00fcckspiel auf, darunter auch Menschen mit affektiven St\u00f6rungen oder Drogensucht. In diesem Bericht wird der Zusammenhang zwischen Schizophrenie und Suchtverhalten, z. B. in Bezug auf Alkohol, Drogen und pathologisches Gl\u00fccksspiel untersucht.<\/p><a class=\"button__primary button-text\" href=\"\"><\/a><p class=\"hero-banner-signed-out-text js-hide-dc-signed-in\"><\/p><\/div><div class=\"image-wrapper\"><img decoding=\"async\" class=\"hero-banner-image js-rea-parallax\" alt=\"\" src=\"https:\/\/www.schizophrenie-life.de\/public\/wp-content\/uploads\/2020\/04\/Addiction.jpg\"\/><\/div><\/div><\/div><\/div>\n\n\n\n<div class=\"wp-block-rea-paragraph-rea-paragraph-block rea-paragraph-block front\"><div class=\"rea-paragraph-block__content\"><p class=\"content-text\">Schizophrenie und Pers\u00f6nlichkeitsst\u00f6rungen \u00fcberlagern sich h\u00e4ufig mit Suchtverhalten.<sup> <\/sup>Drogen, Alkohol und zwanghaftes Gl\u00fccksspiel werden h\u00e4ufig als dysfunktionale Bew\u00e4ltigungsmechanismen eingesetzt im Bem\u00fchen, besser mit den Symptomen der Erkrankung umzugehen.<br><br>Je mehr eine Person auf Alkohol oder Drogen zur\u00fcckgreift, um mit ihren Symptomen fertig zu werden, desto gr\u00f6\u00dfer ist das Risiko, eine Sucht zu entwickeln.\u00a0Studien zeigen, dass etwa die H\u00e4lfte der Menschen, die an einer psychischen Erkrankung leiden, auch mit Drogenmissbrauch zu k\u00e4mpfen haben und\/oder sp\u00e4ter in ihrem Leben eine Drogen- oder Alkoholabh\u00e4ngigkeit entwickeln k\u00f6nnen.<br><br>Es gibt jedoch Hinweise darauf, dass ein urs\u00e4chlicher Zusammenhang zwischen dem Konsum bestimmter Drogen und schizophrenen Symptomen besteht.\u00a0So k\u00f6nnen beispielsweise Lysergs\u00e4urediethylamid (LSD) und andere halluzinogene Substanzen aktive F\u00e4lle der Erkrankung ausl\u00f6sen,\u00a0w\u00e4hrend Marihuana aufgrund seines Hauptwirkstoffs Tetrahydrocannabinol (THC) bei einigen Personen einen Ausbruch von Schizophrenie hervorrufen kann.\u00a0THC \u00fcbt eine starke Wirkung auf das Hirn aus, das eine wesentliche Rolle f\u00fcr das menschliche Urteilsverm\u00f6gen und die F\u00e4higkeit, Erinnerungen zu bilden oder abzurufen, spielt.\u00a0\u00a0Wenn Menschen, unabh\u00e4ngig von ihrer psychischen Gesundheit, Marihuana rauchen oder zu sich nehmen, erleben sie Desorganisation und ver\u00e4nderte Gehirnfunktionen und entwickeln in der Folge vor\u00fcbergehende Versionen verschiedener Symptome, die \u00fcblicherweise mit Schizophrenie in Verbindung gebracht werden.\u00a0Im Laufe der Zeit k\u00f6nnen die neurologischen Auswirkungen der Droge die Wahrscheinlichkeit erh\u00f6hen, dass sich tats\u00e4chlich eine Schizophrenie entwickelt, insbesondere bei Personen mit anderen erheblichen Risiken f\u00fcr diese Krankheit.<br><br>Dar\u00fcber hinaus stellt der Alkoholkonsum ein erh\u00f6htes Risiko f\u00fcr akute oder chronische Sch\u00e4den dar und kann psychotische Episoden ausl\u00f6sen oder eine psychiatrische Erkrankung verschlimmern.\u00a0Alkoholmissbrauch erh\u00f6ht die Wahrscheinlichkeit, an Schizophrenie zu erkranken, st\u00e4rker als halluzinogene Substanzen.\u00a0Gleichzeitig sind Menschen mit Schizophrenie, die Alkohol oder illegale Drogen konsumieren, weniger motiviert, ihr Suchtverhalten zu \u00e4ndern, haben eine h\u00f6here R\u00fcckfallquote beim Missbrauch von Drogen und Alkohol und brechen Behandlungen h\u00e4ufiger ab.\u00a0In Anbetracht der Bedeutung von Motivationsdefiziten und ihres Zusammenhangs mit Schizophrenie und angesichts der potenziellen Verbindung zwischen geringer Motivation und fortgesetztem Missbrauch von Alkohol oder Drogen\u00a0ist der Motivationsverlust m\u00f6glicherweise einer der wichtigsten Faktoren, die f\u00fcr eine schlechtere Genesung von Alkohol- und Drogenkonsumenten, die an Schizophrenie leiden, verantwortlich sind.<br><br>Dar\u00fcber hinaus haben mehrere Studien auf das oft gleichzeitige Auftreten von psychiatrischen und Impulskontrollst\u00f6rungen, einschlie\u00dflich pathologischem Gl\u00fccksspiel, hingewiesen.\u00a0Pathologisches Gl\u00fccksspiel steht in Zusammenhang mit Verhaftungen, Inhaftierungen und anderen negativen Folgen in Bev\u00f6lkerungsstichproben.\u00a0Angesichts der vielen negativen Lebensereignisse, wie z. B. finanzielle und famili\u00e4re Probleme, die durch Gl\u00fccksspiel verursacht werden, ist zu erwarten, dass Personen mit Schizophrenie aufgrund ihrer hohen Anf\u00e4lligkeit f\u00fcr Stress ein hohes Risiko f\u00fcr R\u00fcckf\u00e4lle und Klinikaufenthalte aufweisen.<br><br>Es sei darauf hingewiesen, dass in einigen Berichten das Vorhandensein von pathologischem Gl\u00fccksspiel in der famili\u00e4ren \u00dcbertragungslinie von Psychiatriepatienten best\u00e4tigt wurde.\u00a0Jedoch ist es noch nicht m\u00f6glich zu bestimmen, ob diese Koexistenz eher auf genetische Faktoren, Umwelteinfl\u00fcsse oder beides zur\u00fcckzuf\u00fchren ist. Epidemiologische Daten deuten auch darauf hin, dass pathologische Gl\u00fccksspieler, die mit gr\u00f6\u00dferer Wahrscheinlichkeit sp\u00e4ter in ihrem Leben eine Schizophrenie entwickeln, tendenziell m\u00e4nnlich und jung sind und m\u00f6glicherweise einen niedrigeren sozio\u00f6konomischen Status haben.\u00a0<br><br>Obwohl verschiedene medikament\u00f6se und verhaltenstherapeutische Ma\u00dfnahmen zur Behandlung des pathologischen Gl\u00fccksspiels untersucht wurden, schlie\u00dfen die Studien in der Regel Patienten mit psychotischen St\u00f6rungen aus.<br>Kliniker sollten bei Patienten mit Schizophrenie auf potenzielle Probleme in Bezug auf Gl\u00fccksspiel achten, insbesondere bei Patienten, die sich entweder in der Genesung befinden oder aktiv Drogen und\/oder Alkohol missbrauchen. Es besteht ein gro\u00dfer Bedarf an weiteren Studien zu potenziellen Risiko- und Schutzfaktoren hinsichtlich des problematischen und pathologischen Gl\u00fccksspiels bei Patienten mit psychotischen St\u00f6rungen. Au\u00dferdem besteht die Notwendigkeit, wirksame Therapien f\u00fcr diese Patienten zu erforschen.<br><br>Dar\u00fcber hinaus wurde \u00fcber einen robusten Zusammenhang zwischen dem Missbrauch einer Vielzahl von Substanzen oder Alkohol und einem erh\u00f6hten Risiko, im sp\u00e4teren Leben an Schizophrenie zu erkranken, berichtet, auch wenn ein kausaler Zusammenhang noch nicht nachgewiesen werden konnte. Im Rahmen der laufenden Suche nach Ma\u00dfnahmen, die zu einer Besserung der Alkohol- oder Drogenabh\u00e4ngigkeit bei Schizophrenie f\u00fchren, k\u00f6nnte ein st\u00e4rkerer Fokus auf Motivationsdefizite oder die Beziehung zwischen Motivation und Suchtverhalten die Bem\u00fchungen, diese Zusammenh\u00e4nge vollst\u00e4ndig zu verstehen, erleichtern und die Behandlungsergebnisse verbessern.<\/p><\/div><\/div>\n<div class=\"wp-block-rea-title-rea-title-block rea-title-block front rea-share-block\" style=\"margin-bottom:30px;text-align:center;\">\n\t\t<div class=\"\">\n\t\t\t<span style=\"display:block;margin-bottom:10px;font-size:20px;\">Share<\/span>\n\t\t\t<a href=\"https:\/\/www.facebook.com\/sharer\/sharer.php?u=https:\/\/www.schizophrenie-life.de\/public\/wp-json\/wp\/v2\/pages\/2353\" class=\"facebook-share\" target=\"_blank\"><\/a>\n\t\t\t<a href=\"https:\/\/www.linkedin.com\/shareArticle?mini=true&#038;url=https:\/\/www.schizophrenie-life.de\/public\/wp-json\/wp\/v2\/pages\/2353\" class=\"linkedin-share\" target=\"_blank\"><\/a>\n\t\t<\/div>\n\t<\/div>","protected":false},"excerpt":{"rendered":"<p>Share<\/p>\n","protected":false},"author":1,"featured_media":0,"parent":0,"menu_order":0,"comment_status":"closed","ping_status":"closed","template":"page-fullwidth.php","meta":{"rea_page_title_signed_in_meta_block_field":"Schizophrenie und Sucht","rea_page_title_signed_out_meta_block_field":"Schizophrenie und Sucht","rea_page_description_signed_in_meta_block_field":"","rea_page_description_signed_out_meta_block_field":"","rea_page_footer_id_meta_block_field":"","rea_page_footer_date_meta_block_field":""},"acf":[],"_links":{"self":[{"href":"https:\/\/www.schizophrenie-life.de\/public\/wp-json\/wp\/v2\/pages\/2353"}],"collection":[{"href":"https:\/\/www.schizophrenie-life.de\/public\/wp-json\/wp\/v2\/pages"}],"about":[{"href":"https:\/\/www.schizophrenie-life.de\/public\/wp-json\/wp\/v2\/types\/page"}],"author":[{"embeddable":true,"href":"https:\/\/www.schizophrenie-life.de\/public\/wp-json\/wp\/v2\/users\/1"}],"replies":[{"embeddable":true,"href":"https:\/\/www.schizophrenie-life.de\/public\/wp-json\/wp\/v2\/comments?post=2353"}],"version-history":[{"count":22,"href":"https:\/\/www.schizophrenie-life.de\/public\/wp-json\/wp\/v2\/pages\/2353\/revisions"}],"predecessor-version":[{"id":5034,"href":"https:\/\/www.schizophrenie-life.de\/public\/wp-json\/wp\/v2\/pages\/2353\/revisions\/5034"}],"wp:attachment":[{"href":"https:\/\/www.schizophrenie-life.de\/public\/wp-json\/wp\/v2\/media?parent=2353"}],"curies":[{"name":"wp","href":"https:\/\/api.w.org\/{rel}","templated":true}]}}