{"id":2338,"date":"2020-01-14T15:09:52","date_gmt":"2020-01-14T15:09:52","guid":{"rendered":"https:\/\/www.schizophrenie-life.de\/public\/?page_id=2338"},"modified":"2024-04-05T13:13:37","modified_gmt":"2024-04-05T12:13:37","slug":"schizophrenia-and-pregnancy","status":"publish","type":"page","link":"https:\/\/www.schizophrenie-life.de\/public\/schizophrenia-and-pregnancy\/","title":{"rendered":"<strong>Umgang mit Schizophrenie und Schwangerschaft<\/strong>"},"content":{"rendered":"\n<div class=\"wp-block-rea-inpage-nav-rea-inpage-nav-block rea-inpage-nav-block front has-margin\"><div class=\"rea-inpage-nav-block__image\" style=\"background-image: url(https:\/\/www.schizophrenie-life.de\/public\/wp-content\/uploads\/2019\/03\/wooden.png)\"><img decoding=\"async\" class=\"inpage-nav-background\" alt=\"\" src=\"https:\/\/www.schizophrenie-life.de\/public\/wp-content\/uploads\/2019\/03\/wooden.png\"\/><\/div><div class=\"rea-inpage-nav-block__content\"><div class=\"rea-inpage-nav-block__content--wrapper\"><div class=\"text-wrapper\"><h2 class=\"inpage-nav-title\"><strong>Umgang mit Schizophrenie und Schwangerschaft<\/strong> <\/h2><ul class=\"inpage-nav-list\"><li>Menschen, die mit Schizophrenie leben, k\u00f6nnen eine gesunde Schwangerschaft und ein gesundes Baby haben. Es ist wichtig, dass Sie mit Ihrem Arzt \u00fcber Ihre medizinische Behandlung sprechen und die Gespr\u00e4chstherapie fortsetzen.<\/li><li>Wenn Sie eine Frau kennen, die schwanger ist und mit Schizophrenie lebt, k\u00f6nnen Sie ein wichtiger Teil ihres Unterst\u00fctzungsnetzwerks sein, indem Sie ihr zuh\u00f6ren und vorausplanen.<\/li><\/ul><\/div><div class=\"section-nav\"><h4 class=\"section-nav--title\">In diesem Abschnitt<\/h4><div class=\"section-nav--nav-items js-inpage-nav-items\"><\/div><\/div><\/div><\/div><\/div>\n\n\n\n<div class=\"wp-block-rea-paragraph-rea-paragraph-block rea-paragraph-block front\"><div class=\"rea-paragraph-block__content\"><p class=\"content-text\">Auch wenn Sie an Schizophrenie leiden, k\u00f6nnen Sie eine gesunde Schwangerschaft und ein gesundes Baby haben. Und wenn Sie sich um sich selbst k\u00fcmmern, kann Ihnen das helfen, sich auch um Ihr Kind zu k\u00fcmmern. Als Erstes sollten Sie mit Ihren \u00c4rzten sprechen, damit Sie die richtige Behandlung und Betreuung erhalten, um Ihre Schizophrenie in den Griff zu bekommen, und damit Sie und Ihr Baby gesund bleiben. Ihr Arzt kann Ihnen raten, was f\u00fcr Ihre Situation am besten geeignet ist. Das kann Ihnen helfen, sich besser vorbereitet zu f\u00fchlen und die Kontrolle zu behalten. Im Folgenden finden Sie einige Ratschl\u00e4ge zum Thema Schizophrenie und Schwangerschaft.<br><br><\/p><\/div><\/div>\n\n\n\n<div class=\"wp-block-rea-title-rea-title-block rea-title-block front\"><div class=\"rea-title-block__content\"><h3 id=\"strongich-habe-schizophrenie-und-mchte-ein-kind-bekommenstrong\" class=\"content-title \"><strong>Ich habe Schizophrenie und m\u00f6chte ein Kind bekommen<\/strong><\/h3><h4 class=\"content-subtitle rea-hidden\"><\/h4><\/div><\/div>\n\n\n\n<div class=\"wp-block-rea-title-rea-title-block rea-title-block front\"><div class=\"rea-title-block__content\"><h3 id=\"\" class=\"content-title rea-hidden\"><\/h3><h4 class=\"content-subtitle \"><strong>Kann die Schizophrenie an mein Kind vererbt werden?<\/strong><\/h4><\/div><\/div>\n\n\n\n<div class=\"wp-block-rea-paragraph-rea-paragraph-block rea-paragraph-block front\"><div class=\"rea-paragraph-block__content\"><p class=\"content-text\">Obwohl Schizophrenie in der Regel famili\u00e4r geh\u00e4uft auftritt, wird kein einzelnes Gen daf\u00fcr verantwortlich gehalten.&nbsp;&nbsp;Es ist wahrscheinlicher, dass verschiedene Kombinationen von Genen das Risiko, an Schizophrenie zu erkranken, beeinflussen k\u00f6nnen. Umweltfaktoren wie z. B. belastende Lebenserfahrungen k\u00f6nnen bei der Entwicklung von Schizophrenie eine ebenso gro\u00dfe Rolle spielen wie genetische Faktoren.<br><br><\/p><\/div><\/div>\n\n\n\n<div class=\"wp-block-rea-title-rea-title-block rea-title-block front\"><div class=\"rea-title-block__content\"><h3 id=\"\" class=\"content-title rea-hidden\"><\/h3><h4 class=\"content-subtitle \"><strong>K\u00f6nnten meine Antipsychotika meine Chancen auf eine Schwangerschaft beeintr\u00e4chtigen?<\/strong><\/h4><\/div><\/div>\n\n\n\n<div class=\"wp-block-rea-paragraph-rea-paragraph-block rea-paragraph-block front\"><div class=\"rea-paragraph-block__content\"><p class=\"content-text\">Wenn Sie Ihre Symptome aktuell mit Medikamenten behandeln, sollten Sie mit Ihrem Arzt \u00fcber die Risiken einer Behandlung oder Nichtbehandlung Ihrer Schizophrenie sprechen. Nehmen Sie die verordneten Medikamente weiter ein, kann dies Risiken f\u00fcr Ihr ungeborenes Kind mit sich bringen, aber wenn Sie die Medikamente nicht einnehmen, kann es Ihnen sehr schlecht gehen.<br><br>Einige Antipsychotika k\u00f6nnen den Prolaktinspiegel im Blut erh\u00f6hen.&nbsp;Obwohl Prolaktin hilfreich ist, um den K\u00f6rper auf eine Schwangerschaft vorzubereiten, kann ein zu hoher Prolaktinspiegel Ihre Chancen, schwanger zu werden, beeintr\u00e4chtigen. Daher k\u00f6nnte Ihr Arzt beschlie\u00dfen, Ihre Medikamente umzustellen.&nbsp;&nbsp;Auch Menstruationsst\u00f6rungen k\u00f6nnen in Verbindung mit einem erh\u00f6hten Prolaktinspiegel auftreten, was Ihre Libido und Ihre Fruchtbarkeit beeinflussen k\u00f6nnte.&nbsp;&nbsp;Es ist wichtig, dass Sie mit Ihrem Arzt besprechen, welches Medikament f\u00fcr Sie am besten geeignet ist.<br><br><\/p><\/div><\/div>\n\n\n\n<div class=\"wp-block-rea-title-rea-title-block rea-title-block front\"><div class=\"rea-title-block__content\"><h3 data-short=\"\" id=\"\" class=\"content-title rea-hidden\"><\/h3><h4 class=\"content-subtitle \"><strong>Wie k\u00f6nnen Gespr\u00e4chstherapien helfen?<\/strong><\/h4><\/div><\/div>\n\n\n\n<div class=\"wp-block-rea-paragraph-rea-paragraph-block rea-paragraph-block front\"><div class=\"rea-paragraph-block__content\"><p class=\"content-text\">Im Allgemeinen ist es immer gut, jemanden zum Reden zu haben, und Ihr Unterst\u00fctzungsnetzwerk aus Familie, Freunden und anderen Betroffenen kann Ihnen helfen, mit den Belastungen w\u00e4hrend und nach der Schwangerschaft sowie mit Ihrer Schizophrenie umzugehen. Gespr\u00e4chstherapien bieten einen professionellen Rahmen, in dem Sie mit jemandem sprechen k\u00f6nnen, der darin geschult ist, Ihnen beim Umgang mit Ihrer Schizophrenie zu helfen.<br><br>Insbesondere die kognitive Verhaltenstherapie (KVT), die Akzeptanz- und Commitment-Therapie (ACT) oder Kunsttherapien sind Gespr\u00e4chstherapien, die Sie neben Ihren Medikamenten ausprobieren k\u00f6nnen.&nbsp;&nbsp;Diese Therapien k\u00f6nnen dazu beitragen, Ihre Denk- und Verhaltensweisen zu \u00e4ndern und so die Schizophreniesymptome besser in den Griff zu bekommen. Diese Behandlungen k\u00f6nnen auch bei einer postpartalen Psychose helfen, einer seltenen, aber schweren psychischen Erkrankung, die Frauen kurz nach der Geburt eines Kindes treffen kann.<br><br><\/p><\/div><\/div>\n\n\n\n<div class=\"wp-block-rea-separator-rea-separator-block rea-separator-block front\"><div class=\"rea-separator-block__content\"><hr class=\"rea-separator-block__separator\"\/><\/div><\/div>\n\n\n\n<div class=\"wp-block-rea-title-rea-title-block rea-title-block front\"><div class=\"rea-title-block__content\"><h3 id=\"strongich-habe-schizophrenie-und-bin-schwangerstrong\" class=\"content-title \"><strong>Ich habe Schizophrenie und bin schwanger<\/strong><\/h3><h4 class=\"content-subtitle rea-hidden\"><\/h4><\/div><\/div>\n\n\n\n<div class=\"wp-block-rea-title-rea-title-block rea-title-block front\"><div class=\"rea-title-block__content\"><h3 id=\"\" class=\"content-title rea-hidden\"><\/h3><h4 class=\"content-subtitle \"><strong>Welche m\u00f6glichen Risiken bestehen f\u00fcr meine Gesundheit, wenn ich w\u00e4hrend der Schwangerschaft Antipsychotika einnehme?<\/strong><\/h4><\/div><\/div>\n\n\n\n<div class=\"wp-block-rea-paragraph-rea-paragraph-block rea-paragraph-block front\"><div class=\"rea-paragraph-block__content\"><p class=\"content-text\">Antipsychotika haben potenzielle Nebenwirkungen f\u00fcr Ihre Gesundheit. Wenn Sie gleichzeitig schwanger sind, erh\u00f6ht sich das Risiko f\u00fcr bestimmte Komplikationen leicht.&nbsp;<br><br>Eine gro\u00dfe kanadische Studie ergab, dass schwangere Frauen mit Schizophrenie im Vergleich zu Frauen ohne diagnostizierte psychische Erkrankung ein etwas h\u00f6heres Risiko haben f\u00fcr:<br><\/p><\/div><\/div>\n\n\n\n<div class=\"wp-block-rea-list-rea-list-block rea-list-block front\"><div class=\"rea-list-block__wrapper\"><div class=\"list-unordered list\"><p>Pr\u00e4eklampsie,<\/p><p>tiefe Venenthrombose,<\/p><p>Fr\u00fchgeburten,<\/p><p>geringes oder hohes Geburtsgewicht im Verh\u00e4ltnis zum Gestationsalter,<\/p><p>schwangerschaftsbedingte Diabetes und<\/p><p>chronischen Bluthochdruck.<\/p><\/div><\/div><\/div>\n\n\n\n<div class=\"wp-block-rea-paragraph-rea-paragraph-block rea-paragraph-block front\"><div class=\"rea-paragraph-block__content\"><p class=\"content-text\">Obwohl dies bedeutet, dass die Frauen der Studie h\u00e4ufiger als der Durchschnitt im Krankenhaus bleiben mussten, kennen die \u00c4rzte nun die potenziellen Risiken besser; daher k\u00f6nnen geeignete Strategien f\u00fcr das Risikomanagement entwickelt werden, um Frauen mit Schizophrenie zu unterst\u00fctzen, die schwanger werden wollen oder sind.<br>Bei der Bewertung des Risiko-Nutzen-Verh\u00e4ltnisses der Antipsychotika kann Ihr Arzt u. a. folgende Faktoren ber\u00fccksichtigen:<br>Risikofaktoren f\u00fcr Schwangerschaftsdiabetes und \u00fcberm\u00e4\u00dfige Gewichtszunahme.<br>Die verf\u00fcgbaren Daten zur Sicherheit dieser Medikamente in der Schwangerschaft und in der Zeit nach der Geburt.<br>Das Risiko eines R\u00fcckfalls ohne Medikamente.<br>Es ist wichtig, dass Sie die Anweisungen Ihres Arztes befolgen und verstehen, wie wichtig es ist, Ihre Symptome w\u00e4hrend der Schwangerschaft unter Kontrolle zu bringen.&nbsp;Wenn Sie mit Ihrem Arzt ein offenes und ehrliches Gespr\u00e4ch \u00fcber die potenziellen Risiken einer Schwangerschaft und die Umstellung Ihrer Behandlung f\u00fchren, erh\u00f6hen sich Ihre Chancen auf eine gesunde und sorgsam begleitete Schwangerschaft.<br><br><\/p><\/div><\/div>\n\n\n\n<div class=\"wp-block-rea-title-rea-title-block rea-title-block front\"><div class=\"rea-title-block__content\"><h3 id=\"\" class=\"content-title rea-hidden\"><\/h3><h4 class=\"content-subtitle \"><strong>Welche m\u00f6glichen Risiken bestehen f\u00fcr mein ungeborenes Kind, wenn ich w\u00e4hrend der Schwangerschaft Antipsychotika einnehme?<\/strong><\/h4><\/div><\/div>\n\n\n\n<div class=\"wp-block-rea-paragraph-rea-paragraph-block rea-paragraph-block front\"><div class=\"rea-paragraph-block__content\"><p class=\"content-text\">Es ist unwahrscheinlich, dass die Einnahme von Antipsychotika w\u00e4hrend der Schwangerschaft schwerwiegende Nebenwirkungen f\u00fcr Ihr ungeborenes Kind hat (z. B. angeborene Anomalien), aber sie kann mit Fr\u00fchgeburten, niedrigem Geburtsgewicht und&nbsp;&nbsp;Entzugserscheinungen des Neugeborenen in Verbindung gebracht werden (weil Ihr Baby im Mutterleib den Medikamenten ausgesetzt ist). Die meisten Erkenntnisse stammen jedoch aus der Anwendung von Antipsychotika der \u00e4lteren Generation und nicht der neueren (\u201eatypischen\u201c) Antipsychotika. Sprechen Sie mit Ihrem Arzt, wenn Sie sich Sorgen um die Gesundheit Ihres ungeborenen Kindes machen, w\u00e4hrend Sie Medikamente einnehmen, damit er pr\u00fcfen kann, ob Sie f\u00fcr die Dauer Ihrer Schwangerschaft die Medikamente wechseln m\u00fcssen.<br><br><\/p><\/div><\/div>\n\n\n\n<div class=\"wp-block-rea-title-rea-title-block rea-title-block front\"><div class=\"rea-title-block__content\"><h3 id=\"\" class=\"content-title rea-hidden\"><\/h3><h4 class=\"content-subtitle \"><strong>Was kann ich w\u00e4hrend meiner Schwangerschaft sonst noch tun, um k\u00f6rperlich und psychisch gesund zu bleiben?<\/strong><\/h4><\/div><\/div>\n\n\n\n<div class=\"wp-block-rea-paragraph-rea-paragraph-block rea-paragraph-block front\"><div class=\"rea-paragraph-block__content\"><p class=\"content-text\">Es gibt viele Dinge, die Sie tun k\u00f6nnen, um Ihr Wohlbefinden w\u00e4hrend der Schwangerschaft beizubehalten:<\/p><\/div><\/div>\n\n\n\n<div class=\"wp-block-rea-list-rea-list-block rea-list-block front\"><div class=\"rea-list-block__wrapper\"><div class=\"list-unordered list\"><p>Achten Sie auf eine gesunde Ern\u00e4hrung und ausreichend Bewegung.<\/p><p>Nehmen Sie t\u00e4glich Fols\u00e4urepr\u00e4parate ein.<\/p><p>Reduzieren Sie Ihren Alkoholkonsum. Wenn m\u00f6glich, sollten Sie mit dem Trinken aufh\u00f6ren.<\/p><p>H\u00f6ren Sie auf zu rauchen.<\/p><p>Praktizieren Sie Techniken zum Stressabbau wie Muskelentspannung und Meditation.<\/p><p>Schlafen Sie ausreichend und gew\u00f6hnen Sie sich einen regelm\u00e4\u00dfigen Schlafrhythmus an.<\/p><\/div><\/div><\/div>\n\n\n\n<div class=\"wp-block-rea-title-rea-title-block rea-title-block front\"><div class=\"rea-title-block__content\"><h3 id=\"\" class=\"content-title rea-hidden\"><\/h3><h4 class=\"content-subtitle \"><strong>Sollte ich meine Medikamente nach der Geburt meines Kindes weiter einnehmen?<\/strong><\/h4><\/div><\/div>\n\n\n\n<div class=\"wp-block-rea-paragraph-rea-paragraph-block rea-paragraph-block front\"><div class=\"rea-paragraph-block__content\"><p class=\"content-text\">Die meisten Antipsychotika k\u00f6nnen in die Muttermilch \u00fcbergehen, wenn auch nur in sehr geringen Mengen (&lt;3 %). Obwohl es einige Berichte \u00fcber Schl\u00e4frigkeit und Lethargie bei S\u00e4uglingen nach der Geburt gibt, wurden in den meisten Berichten keine unerw\u00fcnschten Wirkungen bei Neugeborenen festgestellt.&nbsp;&nbsp;Sprechen Sie mit Ihrem Arzt, um herauszufinden, ob Sie Ihre Medikamente nach der Geburt weiter einnehmen sollten, denn er kann Sie mit R\u00fccksichtnahme auf Ihre aktuelle Situation beraten.<br><br><\/p><\/div><\/div>\n\n\n\n<div class=\"wp-block-rea-title-rea-title-block rea-title-block front\"><div class=\"rea-title-block__content\"><h3 id=\"\" class=\"content-title rea-hidden\"><\/h3><h4 class=\"content-subtitle \"><strong>Was kann ich tun, wenn ich eine Frau kenne, die an Schizophrenie leidet und schwanger ist?<\/strong><\/h4><\/div><\/div>\n\n\n\n<div class=\"wp-block-rea-paragraph-rea-paragraph-block rea-paragraph-block front\"><div class=\"rea-paragraph-block__content\"><p class=\"content-text\">Wenn Sie eine an Schizophrenie erkrankte schwangere Frau betreuen, ist es am besten, diese durch drei einfache Ma\u00dfnahmen zu unterst\u00fctzen:<br><\/p><\/div><\/div>\n\n\n\n<div class=\"wp-block-rea-list-rea-list-block rea-list-block front\"><div class=\"rea-list-block__wrapper\"><div class=\"list-unordered list\"><p><em>Zuh\u00f6ren<\/em>: Es kann sehr hilfreich sein, wenn Sie w\u00e4hrend und nach der Schwangerschaft f\u00fcr Ihre Freundin oder Familienangeh\u00f6rige mit Schizophrenie da sind. Ermutigen Sie sie, ihre Gef\u00fchle zu \u00e4u\u00dfern, und bieten Sie ihr Hilfe f\u00fcr ihren Alltag an.<\/p><p>Planen Sie voraus: Bereiten Sie sich auf schwierige Situationen vor, die w\u00e4hrend und nach der Schwangerschaft auftreten k\u00f6nnen, und ermutigen Sie sie in offenen Gespr\u00e4chen, schon im Vorfeld bestimmte Entscheidungen zu treffen. Schizophrene M\u00fctter ben\u00f6tigen in der Zeit nach der Geburt m\u00f6glicherweise viel Unterst\u00fctzung. Eine engmaschige Nachsorge ist erforderlich, um zu beobachten, ob psychotische Symptome zur\u00fcckkehren oder das Baby vernachl\u00e4ssigt wird und gef\u00e4hrdet sein kann.<\/p><p>Achten Sie auf sich selbst: Die Betreuung einer schizophrenen Person kann sehr belastend sein, und wichtige Lebensereignisse wie eine Schwangerschaft k\u00f6nnen den Stress noch verst\u00e4rken. Deshalb ist es wichtig, dass Sie sich um sich selbst k\u00fcmmern und sich Zeit f\u00fcr Ihr eigenes Wohlbefinden nehmen.<\/p><\/div><\/div><\/div>\n\n\n\n<div class=\"wp-block-rea-paragraph-rea-paragraph-block rea-paragraph-block front\"><div class=\"rea-paragraph-block__content\"><p class=\"content-text\"><br><\/p><\/div><\/div>\n<div class=\"wp-block-rea-title-rea-title-block rea-title-block front rea-share-block\" style=\"margin-bottom:30px;text-align:center;\">\n\t\t<div class=\"\">\n\t\t\t<span style=\"display:block;margin-bottom:10px;font-size:20px;\">Share<\/span>\n\t\t\t<a href=\"https:\/\/www.facebook.com\/sharer\/sharer.php?u=https:\/\/www.schizophrenie-life.de\/public\/wp-json\/wp\/v2\/pages\/2338\" class=\"facebook-share\" target=\"_blank\"><\/a>\n\t\t\t<a href=\"https:\/\/www.linkedin.com\/shareArticle?mini=true&#038;url=https:\/\/www.schizophrenie-life.de\/public\/wp-json\/wp\/v2\/pages\/2338\" class=\"linkedin-share\" target=\"_blank\"><\/a>\n\t\t<\/div>\n\t<\/div>","protected":false},"excerpt":{"rendered":"<p>Share<\/p>\n","protected":false},"author":1,"featured_media":0,"parent":0,"menu_order":0,"comment_status":"closed","ping_status":"closed","template":"page-fullwidth.php","meta":{"rea_page_title_signed_in_meta_block_field":"pregnancy and schizophrenia","rea_page_title_signed_out_meta_block_field":"pregnancy and schizophrenia","rea_page_description_signed_in_meta_block_field":"","rea_page_description_signed_out_meta_block_field":"","rea_page_footer_id_meta_block_field":"","rea_page_footer_date_meta_block_field":""},"acf":[],"_links":{"self":[{"href":"https:\/\/www.schizophrenie-life.de\/public\/wp-json\/wp\/v2\/pages\/2338"}],"collection":[{"href":"https:\/\/www.schizophrenie-life.de\/public\/wp-json\/wp\/v2\/pages"}],"about":[{"href":"https:\/\/www.schizophrenie-life.de\/public\/wp-json\/wp\/v2\/types\/page"}],"author":[{"embeddable":true,"href":"https:\/\/www.schizophrenie-life.de\/public\/wp-json\/wp\/v2\/users\/1"}],"replies":[{"embeddable":true,"href":"https:\/\/www.schizophrenie-life.de\/public\/wp-json\/wp\/v2\/comments?post=2338"}],"version-history":[{"count":36,"href":"https:\/\/www.schizophrenie-life.de\/public\/wp-json\/wp\/v2\/pages\/2338\/revisions"}],"predecessor-version":[{"id":5013,"href":"https:\/\/www.schizophrenie-life.de\/public\/wp-json\/wp\/v2\/pages\/2338\/revisions\/5013"}],"wp:attachment":[{"href":"https:\/\/www.schizophrenie-life.de\/public\/wp-json\/wp\/v2\/media?parent=2338"}],"curies":[{"name":"wp","href":"https:\/\/api.w.org\/{rel}","templated":true}]}}