{"id":2332,"date":"2020-01-14T14:49:55","date_gmt":"2020-01-14T14:49:55","guid":{"rendered":"https:\/\/www.schizophrenie-life.de\/public\/?page_id=2332"},"modified":"2024-04-09T08:38:09","modified_gmt":"2024-04-09T07:38:09","slug":"personal-life","status":"publish","type":"page","link":"https:\/\/www.schizophrenie-life.de\/public\/living-with-schizophrenia\/personal-life\/","title":{"rendered":"<strong>Wie wirkt sich die Schizophrenie auf Ihr Leben aus?<\/strong>"},"content":{"rendered":"\n<div class=\"wp-block-rea-hero-banner-rea-hero-banner-block rea-hero-banner-block front  no-btn\"><div class=\"rea-hero-banner-block__image\" style=\"background-image: url(https:\/\/www.schizophrenie-life.de\/public\/wp-content\/uploads\/2019\/03\/wooden.png)\"><img decoding=\"async\" class=\"hero-banner-background\" alt=\"\" src=\"https:\/\/www.schizophrenie-life.de\/public\/wp-content\/uploads\/2019\/03\/wooden.png\"\/><\/div><div class=\"rea-hero-banner-block__content\"><div class=\"rea-hero-banner-block__content--wrapper\"><div class=\"text-wrapper\"><h1 class=\"hero-banner-title\"><strong>Wie wirkt sich die Schizophrenie auf Ihr Leben aus?<\/strong><\/h1><p class=\"hero-banner-text\">Nehmen Sie sich Zeit f\u00fcr Ihre Angeh\u00f6rigen, die an Schizophrenie leiden, und setzen Sie auf kleine, aber realistische Schritte. Kommunizieren Sie mit einfacher Ausdrucksweise: die richtige Formulierung einer Botschaft ist wichtig.<\/p><a class=\"button__primary button-text\" href=\"\"><\/a><p class=\"hero-banner-signed-out-text js-hide-dc-signed-in\"><\/p><\/div><div class=\"image-wrapper\"><img decoding=\"async\" class=\"hero-banner-image js-rea-parallax\" alt=\"\" src=\"https:\/\/www.schizophrenie-life.de\/public\/wp-content\/uploads\/2021\/11\/Woman-back-picture-shadow-kiss.jpg\"\/><\/div><\/div><\/div><\/div>\n\n\n\n<div class=\"wp-block-rea-paragraph-rea-paragraph-block rea-paragraph-block front\"><div class=\"rea-paragraph-block__content\"><p class=\"content-text\"><br><br>Jeder, der an Schizophrenie erkrankt ist, erlebt diese anders. Die Auspr\u00e4gung und der Schweregrad der <a href=\"https:\/\/www.schizophrenie-life.de\/public\/understanding-schizophrenia\/main-symptoms\/\">Symptome<\/a> k\u00f6nnen variieren. Es ist jedoch wahrscheinlich, dass sich diese auf das Privatleben der an Schizophrenie erkrankten Person sowie auf ihre Familie und Freunde auswirken. F\u00fcr Menschen mit Schizophrenie ist es nicht immer einfach, enge Beziehungen aufrechtzuerhalten. Wenn jemand, der Ihnen nahesteht, an Schizophrenie erkrankt ist, finden Sie hier Informationen dar\u00fcber, was Sie tun k\u00f6nnen, um zu helfen. Denken Sie daran, dass es sehr wichtig ist, eine Person mit Schizophrenie zu unterst\u00fctzen, um dazu beizutragen, dass es ihr gut geht.&nbsp; Um Sie darauf vorzubereiten, erfahren Sie im Folgenden mehr dar\u00fcber, wie sich Schizophrenie auf das Privatleben einer Person auswirken kann.<br><br><\/p><\/div><\/div>\n\n\n\n<div class=\"wp-block-rea-list-rea-list-block rea-list-block front\"><div class=\"rea-list-block__wrapper\"><div class=\"list-ordered list\"><p><strong><strong>Schwierigkeiten mit der Alltagsbew\u00e4ltigung<\/strong><\/strong><br>Menschen mit Schizophrenie k\u00f6nnen gro\u00dfe Schwierigkeiten haben, ihre Gef\u00fchle auszudr\u00fccken und allt\u00e4gliche Situationen zu bew\u00e4ltigen. Mimik, Sprache und ausdrucksvolle Gesten nehmen wahrscheinlich ab. Angstzust\u00e4nde, die durch Halluzinationen oder Wahnvorstellungen verursacht werden, k\u00f6nnen sehr belastend sein und Auswirkungen auf soziale Interaktionen haben. <br><br>Menschen mit Schizophrenie k\u00f6nnen auch von Scham- oder Schuldgef\u00fchlen geplagt werden, die sogar die Beziehungen zu ihren engsten Freunden und Familienangeh\u00f6rigen beeintr\u00e4chtigen k\u00f6nnen. Wenn jemand, der Ihnen nahesteht, an Schizophrenie erkrankt ist, sollten Sie nicht vergessen, dass es sehr wichtig ist, mit ihm zu sprechen. Eine Person, deren Bruder an Schizophrenie erkrankt war, erz\u00e4hlte, dass sie ihm half, sich zu entspannen, indem sie auf beruhigende Weise mit ihm \u00fcber seine Sorgen redete und \u00fcber normale Alltagsaktivit\u00e4ten sprach.  <\/p><p><strong><strong>Sozialer R\u00fcckzug<\/strong><\/strong><br>Die Symptome der Schizophrenie k\u00f6nnen auf die Menschen im Umfeld der Betroffenen verwirrend oder frustrierend wirken. Dies f\u00fchrt dazu, dass sich viele Menschen mit Schizophrenie sozial zur\u00fcckziehen. Leider ist die Diagnose immer noch mit einem gro\u00dfen <a href=\"https:\/\/www.schizophrenie-life.de\/public\/the-stigma-of-mental-illness-schizophrenia\/\">Stigma<\/a> behaftet, was die Integration von Menschen mit Schizophrenie in soziale Situationen erheblich beeintr\u00e4chtigen kann. <br><br>Es kann sehr belastend sein, mitzuerleben, wie eine nahestehende Person an Schizophrenie erkrankt. Eventuell f\u00fchlen Sie sich manchmal w\u00fctend, kritisch und besonders emotional, was auch als hohe emotionale Ausdruckskraft bezeichnet wird. Denken Sie daran, dass Menschen mit Schizophrenie besonders sensibel sind und soziale Reize stark wahrnehmen. Eine hohe emotionale Ausdruckskraft kann zu einer neuen psychotischen Krise oder Klinikeinlieferung f\u00fchren.<br><br>Soziale Kontakte sind jedoch durchaus erw\u00fcnscht. Eine Person mit Schizophrenie erkl\u00e4rte, dass sie soziale Kontakte zu einem Teil ihrer Routine machen w\u00fcrde, selbst wenn sich diese darauf beschr\u00e4nken w\u00fcrde, aus dem Haus zu gehen und ein Caf\u00e9 zu besuchen. Es gibt Online-Ressourcen, die Menschen mit Schizophrenie mit anderen in Kontakt bringen k\u00f6nnen, die in der Lage sein k\u00f6nnten, eine Beziehung zu ihnen aufzubauen.   <\/p><p><strong><strong>Mangel an Motivation<\/strong><\/strong><br><a href=\"https:\/\/www.schizophrenie-life.de\/public\/understanding-schizophrenia\/main-symptoms\/\">Negativsymptome<\/a> f\u00fchren bei vielen Menschen mit Schizophrenie dazu, dass sie das Interesse an pers\u00f6nlichen Zielen, der Arbeit oder der Schule verlieren. Es ist zu erwarten, dass Menschen mit Schizophrenie Schwierigkeiten haben, sich auf Aufgaben zu konzentrieren, und dass es ihnen an Energie und Motivation mangelt. Je nach Schwere der Symptome kann es f\u00fcr sie schwierig sein, in einem herk\u00f6mmlichen Beruf zu arbeiten. Sie k\u00f6nnen auch arbeitsunf\u00e4hig werden.<br><br>Schizophrenie Schwierigkeiten haben, sich auf Aufgaben zu konzentrieren, und dass es ihnen an Energie und Motivation mangelt. Je nach Schwere der Symptome kann es f\u00fcr sie schwierig sein, in einem herk\u00f6mmlichen Beruf zu arbeiten. Sie k\u00f6nnen auch arbeitsunf\u00e4hig werden.  <br><br>Eine Person mit Schizophrenie beschrieb, dass sie gut mit einer freiberuflichen T\u00e4tigkeit zurechtkam, da sie aufgrund der Fristen fokussiert bleiben musste, aber die Arbeit niederlegen konnte, wenn sie sich unwohl f\u00fchlte.<\/p><\/div><\/div><\/div>\n\n\n\n<div class=\"wp-block-rea-paragraph-rea-paragraph-block rea-paragraph-block front\"><div class=\"rea-paragraph-block__content\"><p class=\"content-text\">Wenn jemand, der Ihnen nahesteht, an Schizophrenie erkrankt ist, oder wenn Sie selbst an Schizophrenie leiden, ist es wichtig, sich gut \u00fcber die Krankheit zu informieren. Denken Sie daran, zuverl\u00e4ssige Quellen zu lesen und <a href=\"https:\/\/www.schizophrenie-life.de\/public\/myths-and-truths\/\">Mythen von der Wahrheit <\/a>\u00a0unterschieden zu lernen. Erfahren Sie mehr \u00fcber die\u00a0<a href=\"https:\/\/www.schizophrenie-life.de\/public\/understanding-schizophrenia\/main-symptoms\/\">Anzeichen und Symptome von Schizophrenie<\/a>, auf die Sie achten sollten, und dar\u00fcber, wie Sie anderen Menschen mit einer Schizophrenie <a href=\"https:\/\/www.schizophrenie-life.de\/public\/advice-and-support\/how-to-help\/\">helfen <\/a>k\u00f6nnen.<br><br> <\/p><\/div><\/div>\n<div class=\"wp-block-rea-title-rea-title-block rea-title-block front rea-share-block\" style=\"margin-bottom:30px;text-align:center;\">\n\t\t<div class=\"\">\n\t\t\t<span style=\"display:block;margin-bottom:10px;font-size:20px;\">Share<\/span>\n\t\t\t<a href=\"https:\/\/www.facebook.com\/sharer\/sharer.php?u=https:\/\/www.schizophrenie-life.de\/public\/wp-json\/wp\/v2\/pages\/2332\" class=\"facebook-share\" target=\"_blank\"><\/a>\n\t\t\t<a href=\"https:\/\/www.linkedin.com\/shareArticle?mini=true&#038;url=https:\/\/www.schizophrenie-life.de\/public\/wp-json\/wp\/v2\/pages\/2332\" class=\"linkedin-share\" target=\"_blank\"><\/a>\n\t\t<\/div>\n\t<\/div>","protected":false},"excerpt":{"rendered":"<p>Share<\/p>\n","protected":false},"author":1,"featured_media":1171,"parent":2330,"menu_order":0,"comment_status":"closed","ping_status":"closed","template":"page-fullwidth.php","meta":{"rea_page_title_signed_in_meta_block_field":"LIFE WITH SCHIZOPHRENIA","rea_page_title_signed_out_meta_block_field":"LIFE WITH SCHIZOPHRENIA","rea_page_description_signed_in_meta_block_field":"Everyone who has schizophrenia will experience it differently. Presentation and severity of symptoms can vary, however they are likely to affect the personal life","rea_page_description_signed_out_meta_block_field":"Everyone who has schizophrenia will experience it differently. Presentation and severity of symptoms can vary, however they are likely to affect the personal life","rea_page_footer_id_meta_block_field":"","rea_page_footer_date_meta_block_field":""},"acf":[],"_links":{"self":[{"href":"https:\/\/www.schizophrenie-life.de\/public\/wp-json\/wp\/v2\/pages\/2332"}],"collection":[{"href":"https:\/\/www.schizophrenie-life.de\/public\/wp-json\/wp\/v2\/pages"}],"about":[{"href":"https:\/\/www.schizophrenie-life.de\/public\/wp-json\/wp\/v2\/types\/page"}],"author":[{"embeddable":true,"href":"https:\/\/www.schizophrenie-life.de\/public\/wp-json\/wp\/v2\/users\/1"}],"replies":[{"embeddable":true,"href":"https:\/\/www.schizophrenie-life.de\/public\/wp-json\/wp\/v2\/comments?post=2332"}],"version-history":[{"count":35,"href":"https:\/\/www.schizophrenie-life.de\/public\/wp-json\/wp\/v2\/pages\/2332\/revisions"}],"predecessor-version":[{"id":5047,"href":"https:\/\/www.schizophrenie-life.de\/public\/wp-json\/wp\/v2\/pages\/2332\/revisions\/5047"}],"up":[{"embeddable":true,"href":"https:\/\/www.schizophrenie-life.de\/public\/wp-json\/wp\/v2\/pages\/2330"}],"wp:featuredmedia":[{"embeddable":true,"href":"https:\/\/www.schizophrenie-life.de\/public\/wp-json\/wp\/v2\/media\/1171"}],"wp:attachment":[{"href":"https:\/\/www.schizophrenie-life.de\/public\/wp-json\/wp\/v2\/media?parent=2332"}],"curies":[{"name":"wp","href":"https:\/\/api.w.org\/{rel}","templated":true}]}}