{"id":2255,"date":"2020-01-14T14:20:43","date_gmt":"2020-01-14T14:20:43","guid":{"rendered":"https:\/\/www.schizophrenie-life.de\/public\/?page_id=2255"},"modified":"2024-04-05T10:12:22","modified_gmt":"2024-04-05T09:12:22","slug":"treatment","status":"publish","type":"page","link":"https:\/\/www.schizophrenie-life.de\/public\/understanding-schizophrenia\/treatment\/","title":{"rendered":"<strong>Behandlung und Remission<\/strong>"},"content":{"rendered":"\n<div class=\"wp-block-rea-hero-banner-rea-hero-banner-block rea-hero-banner-block front has-margin no-btn\"><div class=\"rea-hero-banner-block__image\" style=\"background-image: url(https:\/\/www.schizophrenie-life.de\/public\/wp-content\/uploads\/2019\/03\/wooden.png)\"><img decoding=\"async\" class=\"hero-banner-background\" alt=\"\" src=\"https:\/\/www.schizophrenie-life.de\/public\/wp-content\/uploads\/2019\/03\/wooden.png\"\/><\/div><div class=\"rea-hero-banner-block__content\"><div class=\"rea-hero-banner-block__content--wrapper\"><div class=\"text-wrapper\"><h1 class=\"hero-banner-title\"><strong>Behandlung und Remission<\/strong><\/h1><p class=\"hero-banner-text\">Es gibt verschiedene Behandlungsans\u00e4tze, die alle mit einer guten \u00e4rztlichen Beratung beginnen. Therapietreue ist entscheidend!<\/p><a class=\"button__primary button-text\" href=\"\"><\/a><p class=\"hero-banner-signed-out-text js-hide-dc-signed-in\"><\/p><\/div><div class=\"image-wrapper\"><img decoding=\"async\" class=\"hero-banner-image js-rea-parallax\" alt=\"\" src=\"https:\/\/www.schizophrenie-life.de\/public\/wp-content\/uploads\/2021\/11\/Woman-sunglass-man-in-blue.jpg\"\/><\/div><\/div><\/div><\/div>\n\n\n\n<div class=\"wp-block-rea-title-rea-title-block rea-title-block front\"><div class=\"rea-title-block__content\"><h3 id=\"strongbehandlungstrong\" class=\"content-title \"><strong>Behandlung<\/strong><\/h3><h4 class=\"content-subtitle rea-hidden\"><\/h4><\/div><\/div>\n\n\n\n<div class=\"wp-block-rea-paragraph-rea-paragraph-block rea-paragraph-block front\"><div class=\"rea-paragraph-block__content\"><p class=\"content-text\">Nach der&nbsp;<a href=\"https:\/\/www.schizophrenie-life.de\/public\/diagnosis-treatment\/diagnosis\/\">Diagnose<\/a>&nbsp;einer Schizophrenie f\u00fchrt der Arzt mit dem Patienten ein Gespr\u00e4ch \u00fcber die Einleitung eines Behandlungsplans. Sobald die Behandlung beginnt, gibt es zwei Hauptziele, auf die man gemeinsam mit dem Arzt hinarbeiten muss: die Verringerung der H\u00e4ufigkeit und des Schweregrads akuter psychotischer Sch\u00fcbe und die Verbesserung der Lebensqualit\u00e4t.<br><br>Behandlungsleitlinien wie die des NICE (National Institute for Health and Care Excellence) empfehlen ein fr\u00fchzeitiges Eingreifen, sobald die ersten Symptome bemerkt werden, da dies das Risiko der Entwicklung einer Psychose verringern kann.<br>Der Arzt bespricht mit dem Schizophrenie-Patienten die verschiedenen Optionen, um die f\u00fcr seine Bed\u00fcrfnisse bestm\u00f6gliche Medikation zu ermitteln. Letztendlich h\u00e4ngt die Wahl der Therapie von der Krankengeschichte, der Behandlungsphase und den bei der pharmakologischen Behandlung zu erwartenden Nebenwirkungen ab.<br><br>Die M\u00f6glichkeiten der Behandlung von Schizophrenie beschr\u00e4nken sich jedoch nicht auf die Gabe von Medikamenten. Es gibt eine Vorgehensweise, die als \u201emultimodale Therapie\u201c bezeichnet wird. Dabei kommen neben der Verabreichung von antipsychotischen Medikamenten auch andere Behandlungsans\u00e4tze zur Anwendung, u.&nbsp;a. wahrscheinlich die folgenden:&nbsp;<br><br><\/p><\/div><\/div>\n\n\n\n<div class=\"wp-block-rea-list-rea-list-block rea-list-block front\"><div class=\"rea-list-block__wrapper\"><div class=\"list-unordered list\"><p>Psychotherapie<\/p><p>Training sozialer F\u00e4higkeiten<\/p><p>Erwerb pers\u00f6nlicher F\u00e4higkeiten<\/p><p>Familienintervention, Training<\/p><\/div><\/div><\/div>\n\n\n\n<div class=\"wp-block-rea-paragraph-rea-paragraph-block rea-paragraph-block front\"><div class=\"rea-paragraph-block__content\"><p class=\"content-text\">Die Behandlung der Schizophrenie richtet sich nach dem einzelnen Patienten, besteht aber in der Regel aus einer Kombination von Therapiema\u00dfnahmen und Medikamenten. Auch wenn es derzeit keine Heilung f\u00fcr Schizophrenie gibt, k\u00f6nnen sich viele Symptome mit einer Behandlung bessern. Bei manchen Menschen k\u00f6nnen die Symptome sogar ganz verschwinden.<br>Wenn Sie an Schizophrenie leiden, k\u00f6nnen Sie mit folgenden Therapieformen behandelt werden:<br><br><br><\/p><\/div><\/div>\n\n\n\n<div class=\"wp-block-rea-title-rea-title-block rea-title-block front\"><div class=\"rea-title-block__content\"><h3 id=\"\" class=\"content-title rea-hidden\"><\/h3><h4 class=\"content-subtitle \"><strong>Kognitive Verhaltenstherapie (KVT)<\/strong><\/h4><\/div><\/div>\n\n\n\n<div class=\"wp-block-rea-paragraph-rea-paragraph-block rea-paragraph-block front\"><div class=\"rea-paragraph-block__content\"><p class=\"content-text\">Die kognitive Verhaltenstherapie ist eine Therapieform, die helfen kann, den anhaltenden <a href=\"https:\/\/www.schizophrenie-life.de\/public\/understanding-schizophrenia\/main-symptoms\/\">Positiv- und Negativsymptomen<\/a>&nbsp;der Schizophrenie beizukommen. Sie hilft Ihnen, die Denkmuster zu erkennen, die bei Ihnen unerw\u00fcnschte Gef\u00fchle oder Verhaltensweisen hervorrufen, und diese durch realistischere Gedanken zu ersetzen.<br><br>In der Regel sind zwischen 8 und 20 KVT-Sitzungen \u00fcber einen Zeitraum von 6 bis 12 Monaten erforderlich. Anzahl und Dauer k\u00f6nnen jedoch variieren. Jede Sitzung dauert f\u00fcr gew\u00f6hnlich ungef\u00e4hr eine halbe Stunde.<br><br><\/p><\/div><\/div>\n\n\n\n<div class=\"wp-block-rea-title-rea-title-block rea-title-block front\"><div class=\"rea-title-block__content\"><h3 id=\"\" class=\"content-title rea-hidden\"><\/h3><h4 class=\"content-subtitle \"><strong>Kunsttherapie<\/strong><\/h4><\/div><\/div>\n\n\n\n<div class=\"wp-block-rea-paragraph-rea-paragraph-block rea-paragraph-block front\"><div class=\"rea-paragraph-block__content\"><p class=\"content-text\">Eine Kunsttherapie kann Ihnen helfen, Ihre Erfahrungen mit der Schizophrenie auszudr\u00fccken. Manchmal kann es Ihnen aufgrund der Negativsymptome der Schizophrenie schwerfallen, mit anderen in Kontakt zu treten.&nbsp;Die Kunsttherapie kann eine gute M\u00f6glichkeit darstellen, Ihre Gef\u00fchle mitzuteilen, und Ihnen sogar helfen, eine neue Sichtweise auf die Schizophrenie zu gewinnen.<br><br><\/p><\/div><\/div>\n\n\n\n<div class=\"wp-block-rea-title-rea-title-block rea-title-block front\"><div class=\"rea-title-block__content\"><h3 id=\"\" class=\"content-title rea-hidden\"><\/h3><h4 class=\"content-subtitle \"><strong>Familientherapie<\/strong><\/h4><\/div><\/div>\n\n\n\n<div class=\"wp-block-rea-paragraph-rea-paragraph-block rea-paragraph-block front\"><div class=\"rea-paragraph-block__content\"><p class=\"content-text\">Die Familie kann eine wichtige Rolle bei der Bew\u00e4ltigung der Schizophrenie spielen. Manchmal ist diese Krankheit jedoch eine Herausforderung f\u00fcr Familienangeh\u00f6rige. Eine Familientherapie kann Ihnen und Ihrer Familie helfen, Ihre Schizophrenie besser zu verstehen und mit ihr umzugehen. Sie beinhaltet Gespr\u00e4che mit einem Experten \u00fcber M\u00f6glichkeiten der Unterst\u00fctzung und praktische Tipps f\u00fcr den Umgang mit Problemen.&nbsp; Eine Familientherapie kann besonders hilfreich sein, wenn Sie k\u00fcrzlich einen akuten Schub erlebt haben.&nbsp;<br><br><\/p><\/div><\/div>\n\n\n\n<div class=\"wp-block-rea-title-rea-title-block rea-title-block front\"><div class=\"rea-title-block__content\"><h3 id=\"\" class=\"content-title rea-hidden\"><\/h3><h4 class=\"content-subtitle \"><strong>Medikation<\/strong><\/h4><\/div><\/div>\n\n\n\n<div class=\"wp-block-rea-paragraph-rea-paragraph-block rea-paragraph-block front\"><div class=\"rea-paragraph-block__content\"><p class=\"content-text\">Ihr Arzt verschreibt Ihnen m\u00f6glicherweise Antipsychotika zur Behandlung Ihrer Schizophreniesymptome. Welche Art von Medikament Ihnen verschrieben wird, h\u00e4ngt von Ihren Symptomen ab und wird vom Arzt nach einer Untersuchung bestimmt. Die Medikamente k\u00f6nnen in Form von Tabletten eingenommen oder manchmal auch als Injektion verabreicht werden.<br><br>Wie lange Sie die Medikamente einnehmen m\u00fcssen, kann variieren. Mit einigen Nebenwirkungen ist zu rechnen, jedoch sollten Sie Ihren Arzt informieren, wenn diese schwerwiegend werden. M\u00f6glicherweise gibt es Alternativen oder zus\u00e4tzliche Medikamente, die helfen k\u00f6nnen.<br><br>Es ist wichtig, dass Sie Antipsychotika nicht ohne vorherige R\u00fccksprache mit Ihrem Arzt absetzen. Wenn Sie aufh\u00f6ren, die Medikamente einzunehmen, k\u00f6nnen sich Ihre Symptome verschlimmern.<\/p><\/div><\/div>\n\n\n\n<div class=\"wp-block-rea-separator-rea-separator-block rea-separator-block front\"><div class=\"rea-separator-block__content\"><hr class=\"rea-separator-block__separator\"\/><\/div><\/div>\n\n\n\n<div class=\"wp-block-rea-title-rea-title-block rea-title-block front\"><div class=\"rea-title-block__content\"><h3 id=\"strongwas-ist-medikamentenadhrenz-und-warum-ist-sie-wichtigstrong\" class=\"content-title \"><strong>Was ist Medikamentenadh\u00e4renz und warum ist sie wichtig?<\/strong><\/h3><h4 class=\"content-subtitle rea-hidden\"><\/h4><\/div><\/div>\n\n\n\n<div class=\"wp-block-rea-paragraph-rea-paragraph-block rea-paragraph-block front\"><div class=\"rea-paragraph-block__content\"><p class=\"content-text\">Eine gute Medikamentenadh\u00e4renz &#8211; man spricht auch von Therapietreue &#8211; bedeutet, dass die erkrankte Person ihre Medikamente genau so einnimmt, wie sie der Arzt verschrieben hat.&nbsp;Dies kann f\u00fcr viele Menschen mit Schizophrenie schwierig sein. Die berichtete Medikamentenadh\u00e4renz liegt bei circa 50 %, was bedeutet, dass die Erkrankten nicht einmal die H\u00e4lfte ihrer Medikamente wie verordnet einnehmen.<br><br>F\u00fcr Menschen mit Schizophrenie kann es schwierig sein, sich zu merken, wie viele Medikamente sie einnehmen sollen und mit welcher H\u00e4ufigkeit. Es kann auch vorkommen, dass ein Medikament bestimmte Nebenwirkungen hat, die so unangenehm sind, dass es abgesetzt wird.&nbsp;Manchmal f\u00e4llt es diesen Menschen auch schwer, die Behandlung konsequent fortzusetzen, wenn sie meinen, sie sei nicht mehr notwendig.<br>Wenn Personen mit Schizophrenie feststellen, dass sie sich schwertun, ihre Medikamente einzunehmen, sollten sie mit ihrem Arzt sprechen, um m\u00f6gliche Alternativen zu pr\u00fcfen.<br>Medikamente nicht oder in einer anderen Dosierung einzunehmen, ist der Hauptgrund, warum Schizophreniepatienten r\u00fcckf\u00e4llig werden und neue psychotische Episoden erleben.<\/p><\/div><\/div>\n\n\n\n<div class=\"wp-block-rea-separator-rea-separator-block rea-separator-block front\"><div class=\"rea-separator-block__content\"><hr class=\"rea-separator-block__separator\"\/><\/div><\/div>\n\n\n\n<div class=\"wp-block-rea-title-rea-title-block rea-title-block front\"><div class=\"rea-title-block__content\"><h3 id=\"strongbehandlung-von-negativsymptomenstrong\" class=\"content-title \"><strong>Behandlung von Negativsymptomen<\/strong><\/h3><h4 class=\"content-subtitle rea-hidden\"><\/h4><\/div><\/div>\n\n\n\n<div class=\"wp-block-rea-paragraph-rea-paragraph-block rea-paragraph-block front\"><div class=\"rea-paragraph-block__content\"><p class=\"content-text\">Negativsymptome sind bei Menschen mit Schizophrenie h\u00e4ufig anzutreffen.&nbsp;Diese Symptome \u00e4u\u00dfern sich in einem verminderten Wunsch zu sprechen, Kontakte zu kn\u00fcpfen oder an allt\u00e4glichen Aktivit\u00e4ten teilzunehmen.<br><br>Leider konnten selbst die Schizophrenie-Medikamente der zweiten Generation (sogenannte atypische Antipsychotika) die Negativsymptome nicht vollst\u00e4ndig beseitigen.<br>Im Allgemeinen zielen die derzeitigen Behandlungsformen darauf ab, die Positivsymptome (Psychosen und akute Episoden) zu beheben. Erst in der Folge kommt es zu einer entsprechenden Besserung bei den Negativsymptomen.<br><br>Negativsymptome k\u00f6nnen die Lebensqualit\u00e4t einer Person beeintr\u00e4chtigen; daher ist es \u00e4u\u00dferst wichtig, diese fr\u00fchzeitig mit einem Arzt zu besprechen.<br><br><\/p><\/div><\/div>\n<div class=\"wp-block-rea-title-rea-title-block rea-title-block front rea-share-block\" style=\"margin-bottom:30px;text-align:center;\">\n\t\t<div class=\"\">\n\t\t\t<span style=\"display:block;margin-bottom:10px;font-size:20px;\">Share<\/span>\n\t\t\t<a href=\"https:\/\/www.facebook.com\/sharer\/sharer.php?u=https:\/\/www.schizophrenie-life.de\/public\/wp-json\/wp\/v2\/pages\/2255\" class=\"facebook-share\" target=\"_blank\"><\/a>\n\t\t\t<a href=\"https:\/\/www.linkedin.com\/shareArticle?mini=true&#038;url=https:\/\/www.schizophrenie-life.de\/public\/wp-json\/wp\/v2\/pages\/2255\" class=\"linkedin-share\" target=\"_blank\"><\/a>\n\t\t<\/div>\n\t<\/div>","protected":false},"excerpt":{"rendered":"<p>Share<\/p>\n","protected":false},"author":1,"featured_media":1194,"parent":45,"menu_order":0,"comment_status":"closed","ping_status":"closed","template":"page-fullwidth.php","meta":{"rea_page_title_signed_in_meta_block_field":"schizophrenia treatment and remission","rea_page_title_signed_out_meta_block_field":"schizophrenia treatment and remission","rea_page_description_signed_in_meta_block_field":"After a schizophrenia diagnosis the doctor will have a conversation with the person diagnosed about starting a treatment plan. Once treatment begins, there are two main goals","rea_page_description_signed_out_meta_block_field":"After a schizophrenia diagnosis the doctor will have a conversation with the person diagnosed about starting a treatment plan. Once treatment begins, there are two main goals","rea_page_footer_id_meta_block_field":"","rea_page_footer_date_meta_block_field":""},"acf":[],"_links":{"self":[{"href":"https:\/\/www.schizophrenie-life.de\/public\/wp-json\/wp\/v2\/pages\/2255"}],"collection":[{"href":"https:\/\/www.schizophrenie-life.de\/public\/wp-json\/wp\/v2\/pages"}],"about":[{"href":"https:\/\/www.schizophrenie-life.de\/public\/wp-json\/wp\/v2\/types\/page"}],"author":[{"embeddable":true,"href":"https:\/\/www.schizophrenie-life.de\/public\/wp-json\/wp\/v2\/users\/1"}],"replies":[{"embeddable":true,"href":"https:\/\/www.schizophrenie-life.de\/public\/wp-json\/wp\/v2\/comments?post=2255"}],"version-history":[{"count":31,"href":"https:\/\/www.schizophrenie-life.de\/public\/wp-json\/wp\/v2\/pages\/2255\/revisions"}],"predecessor-version":[{"id":4987,"href":"https:\/\/www.schizophrenie-life.de\/public\/wp-json\/wp\/v2\/pages\/2255\/revisions\/4987"}],"up":[{"embeddable":true,"href":"https:\/\/www.schizophrenie-life.de\/public\/wp-json\/wp\/v2\/pages\/45"}],"wp:featuredmedia":[{"embeddable":true,"href":"https:\/\/www.schizophrenie-life.de\/public\/wp-json\/wp\/v2\/media\/1194"}],"wp:attachment":[{"href":"https:\/\/www.schizophrenie-life.de\/public\/wp-json\/wp\/v2\/media?parent=2255"}],"curies":[{"name":"wp","href":"https:\/\/api.w.org\/{rel}","templated":true}]}}