{"id":2249,"date":"2020-01-14T13:54:01","date_gmt":"2020-01-14T13:54:01","guid":{"rendered":"https:\/\/www.schizophrenie-life.de\/public\/?page_id=2249"},"modified":"2024-04-05T10:05:22","modified_gmt":"2024-04-05T09:05:22","slug":"diagnosis","status":"publish","type":"page","link":"https:\/\/www.schizophrenie-life.de\/public\/diagnosis-treatment\/diagnosis\/","title":{"rendered":"<strong>Diagnose<\/strong>"},"content":{"rendered":"\n<div class=\"wp-block-rea-hero-banner-rea-hero-banner-block rea-hero-banner-block front has-margin no-btn\"><div class=\"rea-hero-banner-block__image\" style=\"background-image: url(https:\/\/www.schizophrenie-life.de\/public\/wp-content\/uploads\/2019\/03\/wooden.png)\"><img decoding=\"async\" class=\"hero-banner-background\" alt=\"\" src=\"https:\/\/www.schizophrenie-life.de\/public\/wp-content\/uploads\/2019\/03\/wooden.png\"\/><\/div><div class=\"rea-hero-banner-block__content\"><div class=\"rea-hero-banner-block__content--wrapper\"><div class=\"text-wrapper\"><h1 class=\"hero-banner-title\"><strong>Diagnose<\/strong><\/h1><p class=\"hero-banner-text\">Die Prodromalphase (Vorl\u00e4uferphase) zu erkennen und den Leidensdruck in dieser Phase zu bestimmen, ist von wesentlicher Bedeutung.<\/p><a class=\"button__primary button-text\" href=\"\"><\/a><p class=\"hero-banner-signed-out-text js-hide-dc-signed-in\"><\/p><\/div><div class=\"image-wrapper\"><img decoding=\"async\" class=\"hero-banner-image js-rea-parallax\" alt=\"\" src=\"https:\/\/www.schizophrenie-life.de\/public\/wp-content\/uploads\/2021\/11\/Girl-bed-han-new.jpg\"\/><\/div><\/div><\/div><\/div>\n\n\n\n<div class=\"wp-block-rea-title-rea-title-block rea-title-block front\"><div class=\"rea-title-block__content\"><h3 id=\"strongerkennung-frher-anzeichenstrong\" class=\"content-title \"><strong>Erkennung fr\u00fcher Anzeichen<\/strong><\/h3><h4 class=\"content-subtitle rea-hidden\"><\/h4><\/div><\/div>\n\n\n\n<div class=\"wp-block-rea-paragraph-rea-paragraph-block rea-paragraph-block front\"><div class=\"rea-paragraph-block__content\"><p class=\"content-text\">Nach den aktuellen Leitlinien ist eine Diagnose vor dem Auftreten der ersten akuten psychotischen Symptome nicht m\u00f6glich.<br>Die Erkennung von Prodromalzeichen kann jedoch entscheidend sein, um eine weitere Entwicklung zu verhindern oder fr\u00fchzeitig einzugreifen.<br><br>Wenn die Vorzeichen erkannt werden, kann der Versuch unternommen werden Risikofaktoren zu minimieren.<\/p><\/div><\/div>\n\n\n\n<div class=\"wp-block-rea-cta-rea-cta-block rea-cta-block front cta-left\"><div class=\"rea-cta-block__content\"><h4 class=\"cta-title\"><\/h4><p class=\"cta-text\"><\/p><a class=\"button__primary button-text\" href=\"\/public\/understanding-schizophrenia\/brief-overview-of-schizophrenia\">Mehr Erfahren \u00fcber die Ursachen der Schizophrenie<\/a><\/div><\/div>\n\n\n\n<div class=\"wp-block-rea-separator-rea-separator-block rea-separator-block front\"><div class=\"rea-separator-block__content\" style=\"margin: 0\"><hr class=\"rea-separator-block__separator\"\/><\/div><\/div>\n\n\n\n<div class=\"wp-block-rea-title-rea-title-block rea-title-block front\"><div class=\"rea-title-block__content\"><h3 id=\"stronginstrumente-fr-die-diagnosestrong\" class=\"content-title \"><strong>Instrumente f\u00fcr die Diagnose<\/strong><\/h3><h4 class=\"content-subtitle rea-hidden\"><\/h4><\/div><\/div>\n\n\n\n<div class=\"wp-block-rea-paragraph-rea-paragraph-block rea-paragraph-block front\"><div class=\"rea-paragraph-block__content\"><p class=\"content-text\">Eine Schizophrenie wird auf Grundlage ihrer Symptome diagnostiziert. Obwohl einige biologische oder k\u00f6rperliche Merkmale anhand von Tests \u00fcberpr\u00fcft werden k\u00f6nnen, werden sie normalerweise nicht f\u00fcr die Diagnose verwendet.<br>Beim Gespr\u00e4ch mit Ihnen oder einer Ihnen nahestehenden Person \u00fcber eine m\u00f6gliche Schizophrenie-Diagnose gehen die \u00c4rzte immer nach einer bestimmten Routine vor.<br>Mit diagnostischen Schizophrenie-Tests wird versucht, die Auswirkungen der drei Formen von Symptomen auf eine an Schizophrenie erkrankte Person zu beurteilen.<sup>2&nbsp;<\/sup> F\u00fcr eine Diagnose von Schizophrenie und zum Ausschluss anderer St\u00f6rungen k\u00f6nnen folgende Untersuchungen durchgef\u00fchrt werden:<\/p><\/div><\/div>\n\n\n\n<div class=\"wp-block-rea-list-rea-list-block rea-list-block front\"><div class=\"rea-list-block__wrapper\"><div class=\"list-unordered list\"><p>Eine k\u00f6rperliche Untersuchung, um andere m\u00f6gliche Ursachen f\u00fcr die Symptome auszuschlie\u00dfen<\/p><p>Tests zum Ausschluss m\u00f6glicher Differentialdiagnosen und Screenings auf Alkohol- und Drogenkonsum<\/p><p>Eine psychiatrische Beurteilung zur \u00dcberpr\u00fcfung des geistigen Zustands<\/p><p>Bewertung der diagnostischen Kriterien f\u00fcr Schizophrenie<\/p><\/div><\/div><\/div>\n\n\n\n<div class=\"wp-block-rea-paragraph-rea-paragraph-block rea-paragraph-block front\"><div class=\"rea-paragraph-block__content\"><p class=\"content-text\">Zu den m\u00f6glichen Differentialdiagnosen geh\u00f6ren bipolare und andere affektive St\u00f6rungen, Hirntumore, Schilddr\u00fcsen\u00fcberfunktion und Infektionskrankheiten wie Grippe, Borreliose und HIV, die zu Ver\u00e4nderungen des Geisteszustands einer Person f\u00fchren k\u00f6nnen.<\/p><\/div><\/div>\n\n\n\n<div class=\"wp-block-rea-separator-rea-separator-block rea-separator-block front\"><div class=\"rea-separator-block__content\"><hr class=\"rea-separator-block__separator\"\/><\/div><\/div>\n\n\n\n<div class=\"wp-block-rea-title-rea-title-block rea-title-block front\"><div class=\"rea-title-block__content\"><h3 id=\"strongverlauf-der-krankheitstrong\" class=\"content-title \"><strong>Verlauf der Krankheit<\/strong><\/h3><h4 class=\"content-subtitle rea-hidden\"><\/h4><\/div><\/div>\n\n\n\n<div class=\"wp-block-rea-paragraph-rea-paragraph-block rea-paragraph-block front\"><div class=\"rea-paragraph-block__content\"><p class=\"content-text\">Es ist auch wichtig zu beachten, dass eine Schizophrenie keinen linearen Verlauf hat.<br>Da die Erkrankung je nach Person sehr unterschiedlich verlaufen kann, werden normalerweise drei Phasen der Schizophrenie unterschieden, die im Laufe des Lebens auftreten: die prodromale, die akute und die stabile Phase.<\/p><\/div><\/div>\n\n\n\n<div class=\"wp-block-rea-cta-rea-cta-block rea-cta-block front cta-left\"><div class=\"rea-cta-block__content\"><h4 class=\"cta-title\"><\/h4><p class=\"cta-text\"><\/p><a class=\"button__primary button-text\" href=\"\/public\/understanding-schizophrenia\/clinical-course-of-disease\">Mehr \u00fcber den Verlauf der Krankheit erfahren<\/a><\/div><\/div>\n<div class=\"wp-block-rea-title-rea-title-block rea-title-block front rea-share-block\" style=\"margin-bottom:30px;text-align:center;\">\n\t\t<div class=\"\">\n\t\t\t<span style=\"display:block;margin-bottom:10px;font-size:20px;\">Share<\/span>\n\t\t\t<a href=\"https:\/\/www.facebook.com\/sharer\/sharer.php?u=https:\/\/www.schizophrenie-life.de\/public\/wp-json\/wp\/v2\/pages\/2249\" class=\"facebook-share\" target=\"_blank\"><\/a>\n\t\t\t<a href=\"https:\/\/www.linkedin.com\/shareArticle?mini=true&#038;url=https:\/\/www.schizophrenie-life.de\/public\/wp-json\/wp\/v2\/pages\/2249\" class=\"linkedin-share\" target=\"_blank\"><\/a>\n\t\t<\/div>\n\t<\/div>","protected":false},"excerpt":{"rendered":"<p>Share<\/p>\n","protected":false},"author":1,"featured_media":2999,"parent":2247,"menu_order":0,"comment_status":"closed","ping_status":"closed","template":"page-fullwidth.php","meta":{"rea_page_title_signed_in_meta_block_field":"diagnosing schizophrenia","rea_page_title_signed_out_meta_block_field":"diagnosing schizophrenia","rea_page_description_signed_in_meta_block_field":"Die Diagnose ist gem\u00e4\u00df aktueller Leitlinien erst nach dem ersten akuten psychotischen Symptom m\u00f6glich. Das Erkennen von prodromalen Anzeichen kann jedoch entscheidend sein, um eine weitere Entwicklung zu verhindern oder eine fr\u00fchzeitige Intervention durchzuf\u00fchren.","rea_page_description_signed_out_meta_block_field":"Die Diagnose ist gem\u00e4\u00df aktueller Leitlinien erst nach dem ersten akuten psychotischen Symptom m\u00f6glich. Das Erkennen von prodromalen Anzeichen kann jedoch entscheidend sein, um eine weitere Entwicklung zu verhindern oder eine fr\u00fchzeitige Intervention durchzuf\u00fchren.","rea_page_footer_id_meta_block_field":"","rea_page_footer_date_meta_block_field":""},"acf":[],"_links":{"self":[{"href":"https:\/\/www.schizophrenie-life.de\/public\/wp-json\/wp\/v2\/pages\/2249"}],"collection":[{"href":"https:\/\/www.schizophrenie-life.de\/public\/wp-json\/wp\/v2\/pages"}],"about":[{"href":"https:\/\/www.schizophrenie-life.de\/public\/wp-json\/wp\/v2\/types\/page"}],"author":[{"embeddable":true,"href":"https:\/\/www.schizophrenie-life.de\/public\/wp-json\/wp\/v2\/users\/1"}],"replies":[{"embeddable":true,"href":"https:\/\/www.schizophrenie-life.de\/public\/wp-json\/wp\/v2\/comments?post=2249"}],"version-history":[{"count":36,"href":"https:\/\/www.schizophrenie-life.de\/public\/wp-json\/wp\/v2\/pages\/2249\/revisions"}],"predecessor-version":[{"id":4985,"href":"https:\/\/www.schizophrenie-life.de\/public\/wp-json\/wp\/v2\/pages\/2249\/revisions\/4985"}],"up":[{"embeddable":true,"href":"https:\/\/www.schizophrenie-life.de\/public\/wp-json\/wp\/v2\/pages\/2247"}],"wp:featuredmedia":[{"embeddable":true,"href":"https:\/\/www.schizophrenie-life.de\/public\/wp-json\/wp\/v2\/media\/2999"}],"wp:attachment":[{"href":"https:\/\/www.schizophrenie-life.de\/public\/wp-json\/wp\/v2\/media?parent=2249"}],"curies":[{"name":"wp","href":"https:\/\/api.w.org\/{rel}","templated":true}]}}