{"id":2235,"date":"2020-01-14T13:28:43","date_gmt":"2020-01-14T13:28:43","guid":{"rendered":"https:\/\/www.schizophrenie-life.de\/public\/?page_id=2235"},"modified":"2024-04-09T08:18:26","modified_gmt":"2024-04-09T07:18:26","slug":"clinical-course-of-disease","status":"publish","type":"page","link":"https:\/\/www.schizophrenie-life.de\/public\/clinical-course-of-disease\/","title":{"rendered":"Klinischer Verlauf der Krankheit"},"content":{"rendered":"\n<div class=\"wp-block-rea-hero-banner-rea-hero-banner-block rea-hero-banner-block front has-margin no-btn\"><div class=\"rea-hero-banner-block__image\" style=\"background-image: url(https:\/\/www.schizophrenie-life.de\/public\/wp-content\/uploads\/2019\/03\/wooden.png)\"><img decoding=\"async\" class=\"hero-banner-background\" alt=\"\" src=\"https:\/\/www.schizophrenie-life.de\/public\/wp-content\/uploads\/2019\/03\/wooden.png\"\/><\/div><div class=\"rea-hero-banner-block__content\"><div class=\"rea-hero-banner-block__content--wrapper\"><div class=\"text-wrapper\"><h1 class=\"hero-banner-title\">Klinischer Verlauf der Krankheit<\/h1><p class=\"hero-banner-text\">Eine Schizophrenie weist je nach Person und Stadium ein unterschiedliches klinisches Profil auf. Eine genaue Bestimmung der Krankheitsphase kann helfen, die beste Behandlung und den besten Behandlungsansatz zu ermitteln.<\/p><a class=\"button__primary button-text\" href=\"\"><\/a><p class=\"hero-banner-signed-out-text js-hide-dc-signed-in\"><\/p><\/div><div class=\"image-wrapper\"><img decoding=\"async\" class=\"hero-banner-image js-rea-parallax\" alt=\"\" src=\"https:\/\/www.schizophrenie-life.de\/public\/wp-content\/uploads\/2021\/11\/timi-A4-012.jpg\"\/><\/div><\/div><\/div><\/div>\n\n\n\n<div class=\"wp-block-rea-title-rea-title-block rea-title-block front\"><div class=\"rea-title-block__content\"><h3 id=\"strongstrongkrankheitsphasenstrongstrong\" class=\"content-title \"><strong><strong>Krankheitsphasen<\/strong><\/strong><\/h3><h4 class=\"content-subtitle rea-hidden\"><\/h4><\/div><\/div>\n\n\n\n<div class=\"wp-block-rea-paragraph-rea-paragraph-block rea-paragraph-block front\"><div class=\"rea-paragraph-block__content\"><p class=\"content-text\">Da sich die Schizophrenie nicht nach einem festen Muster entwickelt, l\u00e4sst sich der Verlauf der Krankheit am besten in Phasen beschreiben.<br>Es gibt drei Hauptphasen \u2013 eine Prodromalphase, eine akute Phase und eine stabile Phase.<br>Der Begriff \u201eprodromal\u201c bezieht sich auf den Zeitraum, der dem ersten akuten Schub vorausgeht. Die Prodromal- oder Vorl\u00e4uferphase entspricht der Zeit vor der ersten psychotischen Episode und kann von einigen Tagen bis zu 18 Monaten dauern.<br>In dieser Phase kann eine Person mit Schizophrenie ungew\u00f6hnliche Handlungen oder Verhaltensweisen zeigen, an Ged\u00e4chtnisproblemen und Konzentrationsschwierigkeiten leiden oder M\u00fche mit der Kommunikation und der Teilnahme an sozialen Aktivit\u00e4ten haben.<br><br>Nach der Prodromalphase beginnt normalerweise die akute Phase, in der positive Symptome wie Halluzinationen oder Wahnvorstellungen viel Leid verursachen k\u00f6nnen.<br>Die akute Phase wird in der Regel mit pharmakologischer und psychologischer Unterst\u00fctzung \u00fcberwunden; die Symptome lassen nach oder verschwinden in den meisten F\u00e4llen sogar ganz. Einige Negativsymptome k\u00f6nnen bleiben (z. B. vermindertes Interesse an allt\u00e4glichen Aktivit\u00e4ten oder sozialen Ereignissen).<br>Diese Phase kann sich \u00fcber mehrere Jahre hinziehen. Dieser Zeitraum wird als stabile Phase bezeichnet.<br>Manche Menschen leiden ihr ganzes Leben lang unter akuten Symptomen \u2013 aber auch diese Beeintr\u00e4chtigungen lassen sich mit Medikamenten und psychologischer Unterst\u00fctzung verbessern.<\/p><\/div><\/div>\n\n\n\n<div class=\"wp-block-rea-illustration-rea-illustration-block rea-illustration-block front\"><img class=\"illustration-bg\" alt=\"\"\/><div class=\"rea-illustration-block__content\"><div class=\"rea-illustration-block__image image-wrapper\"><a href=\"https:\/\/www.schizophrenie-life.de\/public\/wp-content\/uploads\/2024\/01\/Verlauf-2.png\" rel=\"noopener noreferrer\" target=\"_blank\" class=\"\"><img decoding=\"async\" class=\"illustration center\" alt=\"\" src=\"https:\/\/www.schizophrenie-life.de\/public\/wp-content\/uploads\/2024\/01\/Verlauf-2.png\" style=\"max-width: 100%\"\/><img decoding=\"async\" class=\"rea-mobile illustration-mobile\" alt=\"\" src=\"https:\/\/www.schizophrenie-life.de\/public\/wp-content\/uploads\/2024\/01\/Verlauf-2.png\"\/><\/a><\/div><p class=\"rea-site__caption caption-text align-center\">Abb. 1: Beispiel f\u00fcr die Abfolge der Phasen einer Schizophrenie im Laufe der Zeit (bearbeiteter Auszug aus Lieberman und First, 2018)<\/p><\/div><\/div>\n\n\n\n<div class=\"wp-block-rea-separator-rea-separator-block rea-separator-block front\"><div class=\"rea-separator-block__content\"><hr class=\"rea-separator-block__separator\"\/><\/div><\/div>\n\n\n\n<div class=\"wp-block-rea-title-rea-title-block rea-title-block front\"><div class=\"rea-title-block__content\"><h3 id=\"strongstrongkrankheitsmusterstrongstrong\" class=\"content-title \"><strong><strong>Krankheitsmuster<\/strong><\/strong><\/h3><h4 class=\"content-subtitle rea-hidden\"><\/h4><\/div><\/div>\n\n\n\n<div class=\"wp-block-rea-paragraph-rea-paragraph-block rea-paragraph-block front\"><div class=\"rea-paragraph-block__content\"><p class=\"content-text\">In Anbetracht der Phasen sieht es vielleicht so aus, als ob die Schizophrenie einem leicht vorhersehbaren Muster folgt \u2013 aber leider gestaltet sich der Krankheitsverlauf sehr individuell. Jeder Mensch kann v\u00f6llig unterschiedliche Muster von Episoden und Symptomen aufweisen. Akute Sch\u00fcbe mit Positivsymptomen k\u00f6nnen bei manchen Menschen sehr kurz ausfallen und bei anderen mehrere Jahre andauern. Bei manchen Menschen mit Schizophrenie gibt es keine offensichtliche Prodromalphase; die Diagnose wird erst nach der ersten, pl\u00f6tzlich auftretenden akuten Episode gestellt.<br><br>In der Abbildung unten sehen Sie, mit welcher H\u00e4ufigkeit Schizophreniepatienten in eines der vier dargestellten Krankheitsmuster fallen. Eine von f\u00fcnf Personen zeigt nach einer akuten Episode im Laufe ihres Lebens keine weiteren Symptome mehr.&nbsp;&nbsp;Vier von f\u00fcnf Personen erleiden hingegen in der Zukunft weitere akute Episoden.&nbsp;&nbsp;Das bedeutet nicht, dass alle k\u00fcnftigen akuten Sch\u00fcbe die gleiche Intensit\u00e4t haben werden; au\u00dferdem kann zwischen den Sch\u00fcben auch eine sehr lange Zeit vergehen.<\/p><\/div><\/div>\n\n\n\n<div class=\"wp-block-rea-illustration-rea-illustration-block rea-illustration-block front\"><img class=\"illustration-bg\" alt=\"\"\/><div class=\"rea-illustration-block__content\"><div class=\"rea-illustration-block__image image-wrapper\"><a href=\"https:\/\/www.schizophrenie-life.de\/public\/wp-content\/uploads\/2024\/01\/Verlauf-3.png\" rel=\"noopener noreferrer\" target=\"_blank\" class=\"\"><img decoding=\"async\" class=\"illustration center\" alt=\"\" src=\"https:\/\/www.schizophrenie-life.de\/public\/wp-content\/uploads\/2024\/01\/Verlauf-3.png\" style=\"max-width: 100%\"\/><img decoding=\"async\" class=\"rea-mobile illustration-mobile\" alt=\"\" src=\"https:\/\/www.schizophrenie-life.de\/public\/wp-content\/uploads\/2024\/01\/Verlauf-3.png\"\/><\/a><\/div><p class=\"rea-site__caption caption-text align-center\">Abb. 2: Shepherd, M. The Natural History of Schizophrenia: A Five-Year Follow-up Study of Outcome and Prediction in a Representative Sample of Schizophrenics (Der nat\u00fcrliche Verlauf der Schizophrenie:  F\u00fcnf-Jahres-Follow-up-Studie \u00fcber Ergebnisse und Prognosen in einer repr\u00e4sentativen Stichprobe von Schizophreniepatienten), Psychological Medicine Monograph, Supplement 15, 1989. <\/p><\/div><\/div>\n<div class=\"wp-block-rea-title-rea-title-block rea-title-block front rea-share-block\" style=\"margin-bottom:30px;text-align:center;\">\n\t\t<div class=\"\">\n\t\t\t<span style=\"display:block;margin-bottom:10px;font-size:20px;\">Share<\/span>\n\t\t\t<a href=\"https:\/\/www.facebook.com\/sharer\/sharer.php?u=https:\/\/www.schizophrenie-life.de\/public\/wp-json\/wp\/v2\/pages\/2235\" class=\"facebook-share\" target=\"_blank\"><\/a>\n\t\t\t<a href=\"https:\/\/www.linkedin.com\/shareArticle?mini=true&#038;url=https:\/\/www.schizophrenie-life.de\/public\/wp-json\/wp\/v2\/pages\/2235\" class=\"linkedin-share\" target=\"_blank\"><\/a>\n\t\t<\/div>\n\t<\/div>","protected":false},"excerpt":{"rendered":"<p>Share<\/p>\n","protected":false},"author":1,"featured_media":1145,"parent":0,"menu_order":0,"comment_status":"closed","ping_status":"closed","template":"page-fullwidth.php","meta":{"rea_page_title_signed_in_meta_block_field":"how does schizophrenia develop?","rea_page_title_signed_out_meta_block_field":"how does schizophrenia develop?","rea_page_description_signed_in_meta_block_field":"Because schizophrenia doesn\u2019t develop in a set pattern, the best way to describe the course of the disease is in phases. There are three main phases \u2013 a prodromal phase, an acute phase and a stable phase.","rea_page_description_signed_out_meta_block_field":"Because schizophrenia doesn\u2019t develop in a set pattern, the best way to describe the course of the disease is in phases. There are three main phases \u2013 a prodromal phase, an acute phase and a stable phase.","rea_page_footer_id_meta_block_field":"","rea_page_footer_date_meta_block_field":""},"acf":[],"_links":{"self":[{"href":"https:\/\/www.schizophrenie-life.de\/public\/wp-json\/wp\/v2\/pages\/2235"}],"collection":[{"href":"https:\/\/www.schizophrenie-life.de\/public\/wp-json\/wp\/v2\/pages"}],"about":[{"href":"https:\/\/www.schizophrenie-life.de\/public\/wp-json\/wp\/v2\/types\/page"}],"author":[{"embeddable":true,"href":"https:\/\/www.schizophrenie-life.de\/public\/wp-json\/wp\/v2\/users\/1"}],"replies":[{"embeddable":true,"href":"https:\/\/www.schizophrenie-life.de\/public\/wp-json\/wp\/v2\/comments?post=2235"}],"version-history":[{"count":40,"href":"https:\/\/www.schizophrenie-life.de\/public\/wp-json\/wp\/v2\/pages\/2235\/revisions"}],"predecessor-version":[{"id":5042,"href":"https:\/\/www.schizophrenie-life.de\/public\/wp-json\/wp\/v2\/pages\/2235\/revisions\/5042"}],"wp:featuredmedia":[{"embeddable":true,"href":"https:\/\/www.schizophrenie-life.de\/public\/wp-json\/wp\/v2\/media\/1145"}],"wp:attachment":[{"href":"https:\/\/www.schizophrenie-life.de\/public\/wp-json\/wp\/v2\/media?parent=2235"}],"curies":[{"name":"wp","href":"https:\/\/api.w.org\/{rel}","templated":true}]}}