{"id":2221,"date":"2020-01-14T12:54:18","date_gmt":"2020-01-14T12:54:18","guid":{"rendered":"https:\/\/www.schizophrenie-life.de\/public\/?page_id=2221"},"modified":"2024-04-24T13:40:28","modified_gmt":"2024-04-24T12:40:28","slug":"main-symptoms","status":"publish","type":"page","link":"https:\/\/www.schizophrenie-life.de\/public\/understanding-schizophrenia\/main-symptoms\/","title":{"rendered":"Symptome"},"content":{"rendered":"\n<div class=\"wp-block-rea-hero-banner-rea-hero-banner-block rea-hero-banner-block front has-margin no-btn\"><div class=\"rea-hero-banner-block__image\" style=\"background-image: url(https:\/\/www.schizophrenie-life.de\/public\/wp-content\/uploads\/2019\/03\/wooden.png)\"><img decoding=\"async\" class=\"hero-banner-background\" alt=\"\" src=\"https:\/\/www.schizophrenie-life.de\/public\/wp-content\/uploads\/2019\/03\/wooden.png\"\/><\/div><div class=\"rea-hero-banner-block__content\"><div class=\"rea-hero-banner-block__content--wrapper\"><div class=\"text-wrapper\"><h1 class=\"hero-banner-title\">Symptome<\/h1><p class=\"hero-banner-text\">Lange Zeit wurde die Schizophrenie als \u201ewahnhafte St\u00f6rung\u201c betrachtet. Heute ist klar, dass es sich um eine fortschreitende Erkrankung mit vielschichtigen Symptomen handelt.<\/p><a class=\"button__primary button-text\" href=\"\"><\/a><p class=\"hero-banner-signed-out-text js-hide-dc-signed-in\"><\/p><\/div><div class=\"image-wrapper\"><img decoding=\"async\" class=\"hero-banner-image js-rea-parallax\" alt=\"\" src=\"https:\/\/www.schizophrenie-life.de\/public\/wp-content\/uploads\/2021\/11\/timi-A4-020.jpg\"\/><\/div><\/div><\/div><\/div>\n\n\n\n<div class=\"wp-block-rea-paragraph-rea-paragraph-block rea-paragraph-block front\"><div class=\"rea-paragraph-block__content\"><p class=\"content-text\">Menschen mit Schizophrenie k\u00f6nnen eine Vielzahl von Symptomen aufweisen, die sich auf ihre Lebensqualit\u00e4t auswirken k\u00f6nnen.<br>Diese Symptome beginnen in der Regel in jungem Alter, zwischen 16 und 30 Jahren.<br>Der Arzt stellt die Diagnose nach sorgf\u00e4ltiger Absch\u00e4tzung der Symptome. Heutzutage gibt es zuverl\u00e4ssige Hilfsmittel f\u00fcr die Diagnose einer Schizophrenie sowie wirksame medizinische Therapien mit geringen Nebenwirkungen, die anhaltende Symptome lindern k\u00f6nnen.<br>&nbsp;<br>Nach Ansicht der medizinischen Fachwelt lassen sich die Symptome der Schizophrenie in die folgenden drei Hauptkategorien einteilen:<\/p><\/div><\/div>\n\n\n\n<div class=\"wp-block-rea-list-rea-list-block rea-list-block front\"><div class=\"rea-list-block__wrapper\"><div class=\"list-unordered list\"><p><strong>Positivsymptome<\/strong><\/p><p><strong>Negativsymptome<\/strong><\/p><p><strong>Kognitive Symptome<\/strong><\/p><\/div><\/div><\/div>\n\n\n\n<div class=\"wp-block-rea-paragraph-rea-paragraph-block rea-paragraph-block front\"><div class=\"rea-paragraph-block__content\"><p class=\"content-text\">&#8222;Positiv&#8220; und &#8222;negativ&#8220; hat in diesem Zusammenhang nichts mit gut und schlecht zu tun. &#8222;Positiv&#8220; bezieht sich vielmehr auf Symptome, die bei Menschen ohne diese St\u00f6rung nicht vorhanden sind. Sie sind &#8222;positiv&#8220; im Sinne von zus\u00e4tzlichen oder hinzugef\u00fcgten Symptomen. &#8222;Negativ&#8220; hingegen bezieht sich auf die Abwesenheit oder Verringerung normaler Verhaltensweisen oder Funktionen.<br> <br> <\/p><\/div><\/div>\n\n\n\n<div class=\"wp-block-rea-title-rea-title-block rea-title-block front\"><div class=\"rea-title-block__content\"><h3 id=\"strongwas-sind-positivsymptome-einer-schizophreniestrong\" class=\"content-title \"><strong>Was sind Positivsymptome einer Schizophrenie?<\/strong><\/h3><h4 class=\"content-subtitle rea-hidden\"><\/h4><\/div><\/div>\n\n\n\n<div class=\"wp-block-rea-paragraph-rea-paragraph-block rea-paragraph-block front\"><div class=\"rea-paragraph-block__content\"><p class=\"content-text\">Menschen mit Schizophrenie zeigen Positivsymptome, wenn sie ungew\u00f6hnliche Verhaltensweisen an den Tag legen und das Gef\u00fchl haben, den Bezug zu bestimmten Aspekten der Realit\u00e4t zu verlieren.<sup>&nbsp;<\/sup>Bei den meisten Menschen, die mit Schizophrenie leben, kommen und gehen diese Symptome. Sie k\u00f6nnen aber auch l\u00e4ngere Zeit anhalten.&nbsp;Es kommt auch h\u00e4ufig vor, dass diese Symptome unbemerkt bleiben.&nbsp;Zu den Positivsymptomen z\u00e4hlen:<br>&nbsp;<br>Halluzinationen: Menschen k\u00f6nnen Dinge sehen, h\u00f6ren, riechen, schmecken oder f\u00fchlen, die nicht real sind. Das H\u00f6ren von Stimmen ist ein h\u00e4ufiges Symptom, und es kann lange dauern, bis Familie oder Freunde etwas Ungew\u00f6hnliches bemerken.<br>&nbsp;<br>Wahnvorstellungen: Die Betroffenen glauben Dinge, die nicht wahr sind. Sie k\u00f6nnen zum Beispiel denken, dass sie in Gefahr sind oder dass Menschen in ihrer Umgebung \u00fcber sie sprechen, obwohl dies nicht stimmt.<br>&nbsp;<br>Gedankenverwirrung: Die Art und Weise zu denken kann unlogisch erscheinen, und die Betroffenen haben m\u00f6glicherweise Schwierigkeiten, ihre Gedanken zu ordnen. Es ist nicht ungew\u00f6hnlich, dass sie mitten im Satz aufh\u00f6ren zu sprechen.<br>&nbsp;<br>Bewegungsst\u00f6rungen: Die Betroffenen k\u00f6nnen anormale oder wiederholte K\u00f6rperbewegungen zeigen oder in seltenen F\u00e4llen f\u00fcr eine Weile aufh\u00f6ren, sich zu bewegen (Katatonie).<\/p><\/div><\/div>\n\n\n\n<div class=\"wp-block-rea-separator-rea-separator-block rea-separator-block front\"><div class=\"rea-separator-block__content\"><hr class=\"rea-separator-block__separator\"\/><\/div><\/div>\n\n\n\n<div class=\"wp-block-rea-title-rea-title-block rea-title-block front\"><div class=\"rea-title-block__content\"><h3 id=\"strongwas-sind-negativsymptome-einer-schizophreniestrong\" class=\"content-title \"><strong>Was sind Negativsymptome einer Schizophrenie?<\/strong><\/h3><h4 class=\"content-subtitle rea-hidden\"><\/h4><\/div><\/div>\n\n\n\n<div class=\"wp-block-rea-paragraph-rea-paragraph-block rea-paragraph-block front\"><div class=\"rea-paragraph-block__content\"><p class=\"content-text\">Menschen mit Schizophrenie weisen Negativsymptome auf, wenn sie sich sozial zur\u00fcckziehen und Schwierigkeiten haben, Emotionen zu zeigen.&nbsp;Diese Symptome sind oft schwerer zu erkennen als die positiven und k\u00f6nnen mit Depressionen oder anderen Erkrankungen verwechselt werden.<sup>2<\/sup>&nbsp;Zu den Negativsymptomen geh\u00f6ren:<\/p><\/div><\/div>\n\n\n\n<div class=\"wp-block-rea-list-rea-list-block rea-list-block front\"><div class=\"rea-list-block__wrapper\"><div class=\"list-unordered list\"><p>Abnahme der Emotionen und des Ausdrucks, Sprechen mit dumpfer Stimme (emotionale Verflachung)<\/p><p>Verminderte Sprachproduktion, auch wenn es etwas Wichtiges zu sagen gibt (Alogie)<\/p><p>Schwierigkeiten, Freude zu empfinden (Anhedonie)<\/p><p>Sozialer R\u00fcckzug, Vernachl\u00e4ssigung allt\u00e4glicher Aktivit\u00e4ten (Asozialit\u00e4t)<\/p><p>Mangel an Motivation und Zielstrebigkeit oder mangelnde F\u00e4higkeit, Pl\u00e4ne zu Ende zu bringen (Avolition, Apathie)<\/p><\/div><\/div><\/div>\n\n\n\n<div class=\"wp-block-rea-paragraph-rea-paragraph-block rea-paragraph-block front\"><div class=\"rea-paragraph-block__content\"><p class=\"content-text\">Wenn bei einer Person eine Schizophrenie diagnostiziert wird, die haupts\u00e4chlich durch Negativsymptome gekennzeichnet ist, beurteilt der Arzt, ob es sich dabei um prim\u00e4re oder sekund\u00e4re Symptome handelt.&nbsp;Die prim\u00e4ren Negativsymptome gelten als Kernsymptome der Schizophrenie, w\u00e4hrend die sekund\u00e4ren Negativsymptome eine Folge der Positivsymptome sind.<br>&nbsp;<br>Die sekund\u00e4ren Negativsymptome k\u00f6nnen durch folgende Faktoren hervorgerufen werden:<\/p><\/div><\/div>\n\n\n\n<div class=\"wp-block-rea-list-rea-list-block rea-list-block front\"><div class=\"rea-list-block__wrapper\"><div class=\"list-unordered list\"><p>Bewegungs- und K\u00f6rperhaltungsst\u00f6rungen<\/p><p>Depressionen, z. B. postpsychotische oder durch Antipsychotika ausgel\u00f6ste Depressionen<\/p><p>Umweltfaktoren, z. B. Mangel an sozialer Stimulation nach einem langen Krankenhausaufenthalt<\/p><\/div><\/div><\/div>\n\n\n\n<div class=\"wp-block-rea-separator-rea-separator-block rea-separator-block front\"><div class=\"rea-separator-block__content\"><hr class=\"rea-separator-block__separator\"\/><\/div><\/div>\n\n\n\n<div class=\"wp-block-rea-title-rea-title-block rea-title-block front\"><div class=\"rea-title-block__content\"><h3 id=\"strongwas-sind-kognitive-symptome-einer-schizophreniestrong\" class=\"content-title \"><strong>Was sind kognitive Symptome einer Schizophrenie?<\/strong><\/h3><h4 class=\"content-subtitle rea-hidden\"><\/h4><\/div><\/div>\n\n\n\n<div class=\"wp-block-rea-paragraph-rea-paragraph-block rea-paragraph-block front\"><div class=\"rea-paragraph-block__content\"><p class=\"content-text\">Bei einigen Patienten sind die kognitiven Symptome der Schizophrenie fast unmerklich, bei anderen hingegen k\u00f6nnen sie schwerwiegender sein.&nbsp;Kognitive Symptome sind schwer zu erkennen und erfordern m\u00f6glicherweise eine spezielle Beurteilung.&nbsp;Wenn eine Person mit Schizophrenie kognitive Symptome aufweist, k\u00f6nnen sich folgende Probleme bemerkbar machen:&nbsp;<\/p><\/div><\/div>\n\n\n\n<div class=\"wp-block-rea-list-rea-list-block rea-list-block front\"><div class=\"rea-list-block__wrapper\"><div class=\"list-unordered list\"><p>Schlechte F\u00e4higkeit, Informationen zu verarbeiten und Entscheidungen zu treffen<\/p><p>Schwierigkeiten, sich auf eine Aufgabe zu konzentrieren<\/p><p>Probleme mit dem Kurzzeitged\u00e4chtnis (Arbeitsged\u00e4chtnis)<\/p><\/div><\/div><\/div>\n\n\n\n<div class=\"wp-block-rea-separator-rea-separator-block rea-separator-block front\"><div class=\"rea-separator-block__content\"><hr class=\"rea-separator-block__separator\"\/><\/div><\/div>\n\n\n\n<div class=\"wp-block-rea-title-rea-title-block rea-title-block front\"><div class=\"rea-title-block__content\"><h3 id=\"wie-sehen-die-symptome-einer-schizophrenie-aus\" class=\"content-title \">Wie sehen die Symptome einer Schizophrenie aus?<\/h3><h4 class=\"content-subtitle rea-hidden\"><\/h4><\/div><\/div>\n\n\n\n<div class=\"wp-block-rea-paragraph-rea-paragraph-block rea-paragraph-block front\"><div class=\"rea-paragraph-block__content\"><p class=\"content-text\">Schizophrenie beginnt in der Regel mit einer Vorl\u00e4uferphase, auch Prodromalphase genannt, die von einigen Tagen bis zu 18 Monaten dauern kann. Dabei k\u00f6nnen die Betroffenen Verschlechterungen der pers\u00f6nlichen Leistungsf\u00e4higkeit oder Ged\u00e4chtnis- und Konzentrationsprobleme feststellen.\u00a0\u00a0Auf die Prodromalphase folgt die erste psychotische Episode, die sich durch Wahnvorstellungen, Halluzinationen, Verhaltensst\u00f6rungen und Disstress \u00e4ussern kann.<br>Auf die erste psychotische Episode folgt die bis zu mehreren Jahren andauernde \u201eResidualphase\u201c, die von wiederkehrenden akuten psychotischen Sch\u00fcben unterbrochen werden kann.\u00a0\u00a0Die akuten Episoden k\u00f6nnen durch geeignete pharmakologische und psychologische Ma\u00dfnahmen unter Kontrolle gebracht werden.<br>\u00a0<br>Die folgende Grafik stellt nur eine kurze \u00dcbersicht der Symptome einer Schizophrenie dar. Der Verlauf der Erkrankung ist jedoch von Person zu Person sehr unterschiedlich. Die Symptome einer Person werden nie genau die gleichen sein wie bei einer anderen Person.\u00a0Bei manchen Menschen treten Positivsymptome nur sehr kurz auf, bei anderen jahrelang, wiederum andere erleben keine Prodromalphase.<br> <br>  <\/p><\/div><\/div>\n\n\n\n<div class=\"wp-block-rea-illustration-rea-illustration-block rea-illustration-block front\"><img class=\"illustration-bg\" alt=\"\"\/><div class=\"rea-illustration-block__content\"><div class=\"rea-illustration-block__image image-wrapper\"><a href=\"https:\/\/www.schizophrenie-life.de\/public\/wp-content\/uploads\/2024\/04\/Verlauf-1.png\" rel=\"noopener noreferrer\" target=\"_blank\" class=\"\"><img decoding=\"async\" class=\"illustration center\" alt=\"\" src=\"https:\/\/www.schizophrenie-life.de\/public\/wp-content\/uploads\/2024\/04\/Verlauf-1.png\" style=\"max-width: 100%\"\/><img decoding=\"async\" class=\"rea-mobile illustration-mobile\" alt=\"\" src=\"https:\/\/www.schizophrenie-life.de\/public\/wp-content\/uploads\/2024\/04\/Verlauf-1.png\"\/><\/a><\/div><p class=\"rea-site__caption caption-text align-center\"> <\/p><\/div><\/div>\n\n\n\n<p class=\"has-text-align-center\">Negativsymptome im Verlauf der Schizophrenie (Adapted from Millan et al., 2014)<\/p>\n\n\n\n<div class=\"wp-block-rea-paragraph-rea-paragraph-block rea-paragraph-block front\"><div class=\"rea-paragraph-block__content\"><p class=\"content-text\">   <br><br>N\u00e4here Informationen \u00fcber die Diagnose einer Schizophrenie finden Sie in der&nbsp;<a href=\"https:\/\/www.schizophrenie-life.de\/public\/diagnosis-treatment\/diagnosis\/\">Rubrik Diagnose<\/a>.<br><br>   <\/p><\/div><\/div>\n<div class=\"wp-block-rea-title-rea-title-block rea-title-block front rea-share-block\" style=\"margin-bottom:30px;text-align:center;\">\n\t\t<div class=\"\">\n\t\t\t<span style=\"display:block;margin-bottom:10px;font-size:20px;\">Share<\/span>\n\t\t\t<a href=\"https:\/\/www.facebook.com\/sharer\/sharer.php?u=https:\/\/www.schizophrenie-life.de\/public\/wp-json\/wp\/v2\/pages\/2221\" class=\"facebook-share\" target=\"_blank\"><\/a>\n\t\t\t<a href=\"https:\/\/www.linkedin.com\/shareArticle?mini=true&#038;url=https:\/\/www.schizophrenie-life.de\/public\/wp-json\/wp\/v2\/pages\/2221\" class=\"linkedin-share\" target=\"_blank\"><\/a>\n\t\t<\/div>\n\t<\/div>","protected":false},"excerpt":{"rendered":"<p>Negativsymptome im Verlauf der Schizophrenie (Adapted from Millan et al., 2014) Share<\/p>\n","protected":false},"author":1,"featured_media":2376,"parent":45,"menu_order":0,"comment_status":"closed","ping_status":"closed","template":"page-fullwidth.php","meta":{"rea_page_title_signed_in_meta_block_field":"Symptome","rea_page_title_signed_out_meta_block_field":"About the symptoms of schizophrenia","rea_page_description_signed_in_meta_block_field":"People with schizophrenia may present a variety of symptoms, which may impact upon their quality of life.\u00b9 These symptoms usually start at a young age, between 16 and 30.\u00b2","rea_page_description_signed_out_meta_block_field":"People with schizophrenia may present a variety of symptoms, which may impact upon their quality of life.\u00b9 These symptoms usually start at a young age, between 16 and 30.\u00b2","rea_page_footer_id_meta_block_field":"","rea_page_footer_date_meta_block_field":""},"acf":[],"_links":{"self":[{"href":"https:\/\/www.schizophrenie-life.de\/public\/wp-json\/wp\/v2\/pages\/2221"}],"collection":[{"href":"https:\/\/www.schizophrenie-life.de\/public\/wp-json\/wp\/v2\/pages"}],"about":[{"href":"https:\/\/www.schizophrenie-life.de\/public\/wp-json\/wp\/v2\/types\/page"}],"author":[{"embeddable":true,"href":"https:\/\/www.schizophrenie-life.de\/public\/wp-json\/wp\/v2\/users\/1"}],"replies":[{"embeddable":true,"href":"https:\/\/www.schizophrenie-life.de\/public\/wp-json\/wp\/v2\/comments?post=2221"}],"version-history":[{"count":62,"href":"https:\/\/www.schizophrenie-life.de\/public\/wp-json\/wp\/v2\/pages\/2221\/revisions"}],"predecessor-version":[{"id":5077,"href":"https:\/\/www.schizophrenie-life.de\/public\/wp-json\/wp\/v2\/pages\/2221\/revisions\/5077"}],"up":[{"embeddable":true,"href":"https:\/\/www.schizophrenie-life.de\/public\/wp-json\/wp\/v2\/pages\/45"}],"wp:featuredmedia":[{"embeddable":true,"href":"https:\/\/www.schizophrenie-life.de\/public\/wp-json\/wp\/v2\/media\/2376"}],"wp:attachment":[{"href":"https:\/\/www.schizophrenie-life.de\/public\/wp-json\/wp\/v2\/media?parent=2221"}],"curies":[{"name":"wp","href":"https:\/\/api.w.org\/{rel}","templated":true}]}}