{"id":2208,"date":"2020-01-14T12:32:31","date_gmt":"2020-01-14T12:32:31","guid":{"rendered":"https:\/\/www.schizophrenie-life.de\/public\/?page_id=2208"},"modified":"2024-04-09T08:14:29","modified_gmt":"2024-04-09T07:14:29","slug":"brief-overview-of-schizophrenia","status":"publish","type":"page","link":"https:\/\/www.schizophrenie-life.de\/public\/understanding-schizophrenia\/brief-overview-of-schizophrenia\/","title":{"rendered":"\u00dcberblick \u00fcber Schizophrenie"},"content":{"rendered":"\n<div class=\"wp-block-rea-hero-banner-rea-hero-banner-block rea-hero-banner-block front has-margin no-btn\"><div class=\"rea-hero-banner-block__image\" style=\"background-image: url(https:\/\/www.schizophrenie-life.de\/public\/wp-content\/uploads\/2019\/03\/wooden.png)\"><img decoding=\"async\" class=\"hero-banner-background\" alt=\"\" src=\"https:\/\/www.schizophrenie-life.de\/public\/wp-content\/uploads\/2019\/03\/wooden.png\"\/><\/div><div class=\"rea-hero-banner-block__content\"><div class=\"rea-hero-banner-block__content--wrapper\"><div class=\"text-wrapper\"><h1 class=\"hero-banner-title\">Was hei\u00dft es, mit Schizophrenie zu leben?<\/h1><p class=\"hero-banner-text\">Schizophrenie ist eine psychische Erkrankung mit noch nicht gekl\u00e4rter Ursache, die durch eine Vielzahl von klinischen Symptomen gepr\u00e4gt ist.<\/p><a class=\"button__primary button-text\" href=\"\"><\/a><p class=\"hero-banner-signed-out-text js-hide-dc-signed-in\"><\/p><\/div><div class=\"image-wrapper\"><img decoding=\"async\" class=\"hero-banner-image js-rea-parallax\" alt=\"\" src=\"https:\/\/www.schizophrenie-life.de\/public\/wp-content\/uploads\/2019\/11\/17-Timi-szept-30_00001.jpg\"\/><\/div><\/div><\/div><\/div>\n\n\n\n<div class=\"wp-block-rea-title-rea-title-block rea-title-block front\"><div class=\"rea-title-block__content\"><h3 id=\"strongberblickstrong\" class=\"content-title \"><strong>\u00dcberblick<\/strong><\/h3><h4 class=\"content-subtitle rea-hidden\"><\/h4><\/div><\/div>\n\n\n\n<div class=\"wp-block-rea-paragraph-rea-paragraph-block rea-paragraph-block front\"><div class=\"rea-paragraph-block__content\"><p class=\"content-text\">Schizophrenie ist eine schwere psychische St\u00f6rung, die sich auf Verhalten, Gedanken und Gef\u00fchle auswirkt. Die ersten Symptome treten m\u00f6glicherweise erst im Teenager- oder Erwachsenenalter auf, aber eigentlich beginnt die Krankheit schon viel fr\u00fcher im Leben.<br>Bei M\u00e4nnern treten die ersten Symptome im Alter von 15 bis 25 Jahren auf, bei Frauen hingegen in der Regel erst sp\u00e4ter im Leben (35-45 Jahre). Schizophrenie wird jedoch geschlechts- und kultur\u00fcbergreifend einheitlich diagnostiziert.<br>Weltweit leben \u00fcber 21 Millionen Menschen mit Schizophrenie. M\u00e4nner sind h\u00e4ufiger betroffen als Frauen.<br>  <br>  <\/p><\/div><\/div>\n\n\n\n<div class=\"wp-block-rea-separator-rea-separator-block rea-separator-block front\"><div class=\"rea-separator-block__content\"><hr class=\"rea-separator-block__separator\"\/><\/div><\/div>\n\n\n\n<div class=\"wp-block-rea-title-rea-title-block rea-title-block front\"><div class=\"rea-title-block__content\"><h3 id=\"strongursachen-und-symptomestrong\" class=\"content-title \"><strong>Ursachen und Symptome<\/strong><\/h3><h4 class=\"content-subtitle rea-hidden\"><\/h4><\/div><\/div>\n\n\n\n<div class=\"wp-block-rea-paragraph-rea-paragraph-block rea-paragraph-block front\"><div class=\"rea-paragraph-block__content\"><p class=\"content-text\">Welche Ursache Schizophrenie letztendlich hat, konnte noch nicht gekl\u00e4rt werden. Es gibt jedoch mehrere Faktoren, die bekannterma\u00dfen eine Rolle spielen, z. B. vorgeburtliche Faktoren, Drogenkonsum und soziale Faktoren.<br><br>Auch Lebensstilfaktoren wurden mit einem erh\u00f6hten Risiko, an Schizophrenie zu erkranken, verkn\u00fcpft. Beispielsweise wurden Cannabiskonsum, soziale Faktoren wie das Aufwachsen in einer Gro\u00dfstadt und hochemotionale Ereignisse im Leben der Betroffenen mit der Erkrankung in Verbindung gesetzt.&nbsp;<br><br>Der Zusammenhang zwischen Cannabiskonsum und Psychosen wurde gr\u00fcndlich untersucht. Es gibt Untersuchungen, die darauf hindeuten, dass Cannabis die Wahrscheinlichkeit einer Schizophrenie erh\u00f6ht, w\u00e4hrend Personen mit dieser psychischen St\u00f6rung gleichzeitig dazu neigen, mehr Marihuana zu konsumieren; f\u00fcr eine Psychose pr\u00e4disponierte Menschen konsumieren ebenfalls eher Marihuana als die Allgemeinbev\u00f6lkerung.&nbsp;In einer sehr aktuellen Arbeit wurde aufgezeigt, dass 30 % der Erstpsychosen in London und 50 % derjenigen in Amsterdam verhindert werden k\u00f6nnten, wenn in diesen St\u00e4dten kein hochpotentes Cannabis verf\u00fcgbar w\u00e4re.<br><br>Das Risiko, an Schizophrenie zu erkranken, ist innerhalb von Familien h\u00f6her, was zum Teil darauf zur\u00fcckzuf\u00fchren ist, dass der Schizophrenie genetische Faktoren zugrunde liegen k\u00f6nnen.&nbsp;Die Auspr\u00e4gungen der Gene h\u00e4ngen jedoch auch von Umwelteinfl\u00fcssen ab. Daher ist die Entstehung der Schizophrenie multifaktoriell und keinesfalls allein auf genetische Muster zur\u00fcckzuf\u00fchren.<br><br>Bestimmte k\u00f6rperliche Anomalien der Hirnanatomie und&nbsp;-funktion k\u00f6nnten ebenfalls einen Einfluss darauf haben, ob die St\u00f6rung auftritt.&nbsp;<br>Die Forschung hat gezeigt, dass bei Menschen mit Schizophrenie die Entwicklung des Gehirns im Teenageralter beeintr\u00e4chtigt ist.&nbsp;Dies scheint auf zwei m\u00f6gliche Arten zu geschehen:<\/p><\/div><\/div>\n\n\n\n<div class=\"wp-block-rea-list-rea-list-block rea-list-block front\"><div class=\"rea-list-block__wrapper\"><div class=\"list-unordered list\"><p>Neuronen (Nervenzellen) im Gehirn verbinden sich zu Netzwerken, die f\u00fcr die Gehirnfunktion und&nbsp;-entwicklung wichtig sind. Im vorderen Bereich des Gehirns, dem sogenannten pr\u00e4frontalen Kortex, k\u00f6nnen die \u00e4usseren neuronalen Verzweigungen (die sogenannten Synapsen und dendritischen Dornen) einer \u00fcberm\u00e4ssigen Synapsenverminderung unterliegen, wodurch die normalen Verbindungen innerhalb des Netzwerks unterbrochen werden. Die Synapsenverminderung ist ein normales Ph\u00e4nomen, das jedoch bei Menschen mit Schizophrenie verst\u00e4rkt auftritt..<\/p><p>Nervenzellen kommunizieren untereinander mit Hilfe von Botenstoffen, auch Neurotransmitter genannt. Eine schlechte Regulierung von Neurotransmittern kann zu einer beeintr\u00e4chtigten Nachrichten\u00fcbertragung f\u00fchren und die Gehirnentwicklung beeintr\u00e4chtigen. Bei Menschen mit Schizophrenie scheinen einige Neurotransmitter eine ungew\u00f6hnliche Aktivit\u00e4t zu zeigen: Dopamin, Serotonin und Glutamat. <\/p><\/div><\/div><\/div>\n\n\n\n<div class=\"wp-block-rea-paragraph-rea-paragraph-block rea-paragraph-block front\"><div class=\"rea-paragraph-block__content\"><p class=\"content-text\">In Zusammenhang mit Schizophrenie l\u00e4sst sich eine Vielzahl von Symptomen identifizieren, die in verschiedene Kategorien eingeteilt werden k\u00f6nnen: Positivsymptome (wie Halluzinationen und Wahnvorstellungen), Negativsymptome (in Verbindung mit verminderter Ausdrucksf\u00e4higkeit und Motivation) und kognitive Symptome (Schwierigkeiten mit der Organisation von Gedanken und Umsetzung von Pl\u00e4nen).<br><br> <br><\/p><\/div><\/div>\n<div class=\"wp-block-rea-title-rea-title-block rea-title-block front rea-share-block\" style=\"margin-bottom:30px;text-align:center;\">\n\t\t<div class=\"\">\n\t\t\t<span style=\"display:block;margin-bottom:10px;font-size:20px;\">Share<\/span>\n\t\t\t<a href=\"https:\/\/www.facebook.com\/sharer\/sharer.php?u=https:\/\/www.schizophrenie-life.de\/public\/wp-json\/wp\/v2\/pages\/2208\" class=\"facebook-share\" target=\"_blank\"><\/a>\n\t\t\t<a href=\"https:\/\/www.linkedin.com\/shareArticle?mini=true&#038;url=https:\/\/www.schizophrenie-life.de\/public\/wp-json\/wp\/v2\/pages\/2208\" class=\"linkedin-share\" target=\"_blank\"><\/a>\n\t\t<\/div>\n\t<\/div>","protected":false},"excerpt":{"rendered":"<p>Share<\/p>\n","protected":false},"author":1,"featured_media":1154,"parent":45,"menu_order":0,"comment_status":"closed","ping_status":"closed","template":"page-fullwidth.php","meta":{"rea_page_title_signed_in_meta_block_field":"what is schizophrenia?","rea_page_title_signed_out_meta_block_field":"Quick overview of schizophrenia","rea_page_description_signed_in_meta_block_field":"Schizophrenia can be defined as a severe mental disorder which affects behaviours, thoughts and emotions. You may only notice the first symptoms around teenage or adult years, but it actually begins a lot earlier in life.","rea_page_description_signed_out_meta_block_field":"Schizophrenia can be defined as a severe mental disorder which affects behaviours, thoughts and emotions. You may only notice the first symptoms around teenage or adult years, but it actually begins a lot earlier in life.","rea_page_footer_id_meta_block_field":"","rea_page_footer_date_meta_block_field":""},"acf":[],"_links":{"self":[{"href":"https:\/\/www.schizophrenie-life.de\/public\/wp-json\/wp\/v2\/pages\/2208"}],"collection":[{"href":"https:\/\/www.schizophrenie-life.de\/public\/wp-json\/wp\/v2\/pages"}],"about":[{"href":"https:\/\/www.schizophrenie-life.de\/public\/wp-json\/wp\/v2\/types\/page"}],"author":[{"embeddable":true,"href":"https:\/\/www.schizophrenie-life.de\/public\/wp-json\/wp\/v2\/users\/1"}],"replies":[{"embeddable":true,"href":"https:\/\/www.schizophrenie-life.de\/public\/wp-json\/wp\/v2\/comments?post=2208"}],"version-history":[{"count":73,"href":"https:\/\/www.schizophrenie-life.de\/public\/wp-json\/wp\/v2\/pages\/2208\/revisions"}],"predecessor-version":[{"id":5041,"href":"https:\/\/www.schizophrenie-life.de\/public\/wp-json\/wp\/v2\/pages\/2208\/revisions\/5041"}],"up":[{"embeddable":true,"href":"https:\/\/www.schizophrenie-life.de\/public\/wp-json\/wp\/v2\/pages\/45"}],"wp:featuredmedia":[{"embeddable":true,"href":"https:\/\/www.schizophrenie-life.de\/public\/wp-json\/wp\/v2\/media\/1154"}],"wp:attachment":[{"href":"https:\/\/www.schizophrenie-life.de\/public\/wp-json\/wp\/v2\/media?parent=2208"}],"curies":[{"name":"wp","href":"https:\/\/api.w.org\/{rel}","templated":true}]}}