{"id":106,"date":"2019-02-27T17:00:43","date_gmt":"2019-02-27T17:00:43","guid":{"rendered":"https:\/\/www.schizophrenie-life.de\/public\/?page_id=106"},"modified":"2024-07-29T16:14:28","modified_gmt":"2024-07-29T14:14:28","slug":"homepage","status":"publish","type":"page","link":"https:\/\/www.schizophrenie-life.de\/public\/","title":{"rendered":"Homepage"},"content":{"rendered":"\n<div class=\"wp-block-rea-hero-banner-rea-hero-banner-block rea-hero-banner-block front half-column front\">\n    <div class=\"rea-hero-banner-block__image\" style=\"background-image: url(https:\/\/www.schizophrenie-life.de\/public\/wp-content\/uploads\/2020\/02\/Flowers2-fs8-1.png)\">\n        <img decoding=\"async\" class=\"hero-banner-background\" alt=\"\" src=\"https:\/\/www.schizophrenie-life.de\/public\/wp-content\/uploads\/2020\/02\/Flowers2-fs8-1.png\"><\/div>\n    <div class=\"half-column\"><\/div>\n    <div class=\"rea-hero-banner-block__content\">\n        <div class=\"rea-hero-banner-block__content--wrapper\">\n            <div class=\"text-wrapper\">\n                <h1 class=\"hero-banner-title\">Willkommen!<\/h1>\n                <p class=\"hero-banner-text\">Wichtige Informationen \u00fcber Schizophrenie \nf\u00fcr Patienten\/ Patientinnen, Angeh\u00f6rige und Betreuungspersonen.<\/p>\n                <a class=\"button__primary button-text\" href=\"https:\/\/www.schizophrenie-life.de\/public\/understanding-schizophrenia\/brief-overview-of-schizophrenia\/\">Was\n                    ist Schizophrenie?<\/a>\n                <p class=\"hero-banner-signed-out-text js-hide-dc-signed-in\"><\/p>\n            <\/div>\n            <div class=\"image-wrapper\"><img decoding=\"async\" class=\"hero-banner-image js-rea-parallax\" alt=\"\" src=\"\"><\/div>\n        <\/div>\n    <\/div>\n<\/div>\n\n\n\n<div class=\"wp-block-rea-separator-rea-separator-block rea-separator-block front\"><div class=\"rea-separator-block__content\"><hr class=\"rea-separator-block__separator\"\/><\/div><\/div>\n\n\n<div class=\"wp-block-image\">\n<figure class=\"aligncenter size-large\"><a href=\"https:\/\/www.schizophrenie-life.de\/public\/caring-for-carers\/the-candid-book\/\"><img decoding=\"async\" width=\"1024\" height=\"333\" src=\"https:\/\/www.schizophrenie-life.de\/public\/wp-content\/uploads\/2023\/01\/image-307-copy-1024x333.jpg\" alt=\"\" class=\"wp-image-4630\" srcset=\"https:\/\/www.schizophrenie-life.de\/public\/wp-content\/uploads\/2023\/01\/image-307-copy-1024x333.jpg 1024w, https:\/\/www.schizophrenie-life.de\/public\/wp-content\/uploads\/2023\/01\/image-307-copy-300x98.jpg 300w, https:\/\/www.schizophrenie-life.de\/public\/wp-content\/uploads\/2023\/01\/image-307-copy-768x250.jpg 768w, https:\/\/www.schizophrenie-life.de\/public\/wp-content\/uploads\/2023\/01\/image-307-copy-1536x499.jpg 1536w, https:\/\/www.schizophrenie-life.de\/public\/wp-content\/uploads\/2023\/01\/image-307-copy.jpg 1701w\" sizes=\"(max-width: 1024px) 100vw, 1024px\" \/><\/a><\/figure><\/div>\n\n\n<div class=\"wp-block-rea-cta-rea-cta-block rea-cta-block front\"><div class=\"rea-cta-block__content\"><h4 class=\"cta-title\"><\/h4><p class=\"cta-text\"><em><strong>Das Candid Buch<\/strong><\/em><br><em>\u2013 f\u00fcr Familien von Menschen, die mit Schizophrenie leben<\/em><br>Ein komplettes Buch zum Herunterladen, das Ihnen in Ihrer Rolle als Bezugsperson helfen kann. Es unterst\u00fctzt Sie bei der L\u00f6sung von Problemen durch medizinische Kenntnisse, praktische Einsichten und effiziente Hilfsmittel.<br><sub>* \u201ccandid\u201d (Englisch) = ehrlich, offen, unverbl\u00fcmt<\/sub><\/p><a class=\"button__primary button-text\" href=\"https:\/\/www.schizophrenie-life.de\/public\/caring-for-carers\/the-candid-book\/\">Buch jetzt online lesen<\/a><\/div><\/div>\n\n\n\n<div class=\"wp-block-rea-separator-rea-separator-block rea-separator-block front\"><div class=\"rea-separator-block__content\"><hr class=\"rea-separator-block__separator\"\/><\/div><\/div>\n\n\n\n<div class=\"wp-block-rea-paragraph-rea-paragraph-block rea-paragraph-block front\"><div class=\"rea-paragraph-block__content\"><p class=\"content-text\">Menschen mit Schizophrenie k\u00f6nnen eine Vielzahl von Symptomen aufweisen, die sich auf ihre Lebensqualit\u00e4t auswirken.<br><br>Diese Symptome beginnen in der Regel in jungem Alter, zwischen 16 und 30 Jahren. Der Arzt stellt die Diagnose nach sorgf\u00e4ltiger Absch\u00e4tzung der Symptome.<br><br><\/p><\/div><\/div>\n\n\n\n<div class=\"wp-block-rea-illustration-rea-illustration-block rea-illustration-block front\"><img class=\"illustration-bg\" alt=\"\"\/><div class=\"rea-illustration-block__content\"><div class=\"rea-illustration-block__image image-wrapper\"><a href=\"https:\/\/www.schizophrenie-life.de\/public\/wp-content\/uploads\/2024\/01\/Verlauf-1.png\" rel=\"noopener noreferrer\" target=\"_blank\" class=\"\"><img decoding=\"async\" class=\"illustration center\" alt=\"\" src=\"https:\/\/www.schizophrenie-life.de\/public\/wp-content\/uploads\/2024\/01\/Verlauf-1.png\" style=\"max-width: 100%\"\/><img decoding=\"async\" class=\"rea-mobile illustration-mobile\" alt=\"\" src=\"https:\/\/www.schizophrenie-life.de\/public\/wp-content\/uploads\/2024\/01\/Verlauf-1.png\"\/><\/a><\/div><p class=\"rea-site__caption caption-text align-center\">Negativsymptome im Verlauf einer Schizophrenie<\/p><\/div><\/div>\n\n\n\n<div class=\"wp-block-rea-cta-rea-cta-block rea-cta-block front\"><div class=\"rea-cta-block__content\"><h4 class=\"cta-title\"><\/h4><p class=\"cta-text\"><\/p><a class=\"button__primary button-text\" href=\"https:\/\/www.schizophrenie-life.de\/public\/understanding-schizophrenia\/main-symptoms\/\">Was sind die Symptome der Schizophrenie?<\/a><\/div><\/div>\n\n\n\n<div class=\"wp-block-rea-separator-rea-separator-block rea-separator-block front\"><div class=\"rea-separator-block__content\"><hr class=\"rea-separator-block__separator\"\/><\/div><\/div>\n\n\n\n<div class=\"wp-block-rea-cta-rea-cta-block rea-cta-block front\"><div class=\"rea-cta-block__content\"><h4 class=\"cta-title\">Behandlung von Schizophrenie<\/h4><p class=\"cta-text\">Nach der <a href=\"https:\/\/www.schizophrenie-life.de\/public\/diagnosis-treatment\/diagnosis\/\">Diagnose<\/a>&nbsp;einer Schizophrenie spricht der Arzt mit dem Patienten \u00fcber die Einleitung eines Behandlungsplans. Sobald die Behandlung beginnt, gibt es zwei Hauptziele, auf die es gemeinsam mit dem Arzt hinzuarbeiten gilt: die Verringerung der H\u00e4ufigkeit und Schwere der akuten psychotischen Episoden und die Verbesserung der Lebensqualit\u00e4t.<\/p><a class=\"button__primary button-text\" href=\"https:\/\/www.schizophrenie-life.de\/public\/understanding-schizophrenia\/treatment\/\">Ist Schizophrenie behandelbar?<\/a><\/div><\/div>\n\n\n\n<div class=\"wp-block-rea-separator-rea-separator-block rea-separator-block front\"><div class=\"rea-separator-block__content\"><hr class=\"rea-separator-block__separator\"\/><\/div><\/div>\n\n\n\n<div class=\"wp-block-rea-cta-rea-cta-block rea-cta-block front\"><div class=\"rea-cta-block__content\"><h4 class=\"cta-title\">Mythen und Wahrheiten \u00fcber Schizophrenie<\/h4><p class=\"cta-text\">Vielleicht haben Sie bereits eine Vorstellung von Schizophrenie, aber k\u00f6nnen Sie Mythen und Wahrheiten unterschieden? Erfahren Sie mehr \u00fcber g\u00e4ngige Mythen \u00fcber Schizophrenie und die Wahrheiten dahinter.<\/p><a class=\"button__primary button-text\" href=\"https:\/\/www.schizophrenie-life.de\/public\/myths-and-truths\/\">Ist Schizophrenie erblich?<\/a><\/div><\/div>\n\n\n\n<div class=\"wp-block-rea-separator-rea-separator-block rea-separator-block front\"><div class=\"rea-separator-block__content\"><hr class=\"rea-separator-block__separator\"\/><\/div><\/div>\n\n\n\n<div class=\"wp-block-rea-cta-rea-cta-block rea-cta-block front\"><div class=\"rea-cta-block__content\"><h4 class=\"cta-title\">Schizophrenie und Sucht<\/h4><p class=\"cta-text\">Menschen, die Drogen missbrauchen, entwickeln manchmal Symptome, die denen einer Schizophrenie sehr \u00e4hnlich sind, und in einigen F\u00e4llen kann Drogenmissbrauch den Ausbruch der Krankheit beg\u00fcnstigen.<\/p><a class=\"button__primary button-text\" href=\"https:\/\/www.schizophrenie-life.de\/public\/addiction\/\">Schizophrenie und Suchtverhalten<\/a><\/div><\/div>\n<div class=\"wp-block-rea-title-rea-title-block rea-title-block front rea-share-block\" style=\"margin-bottom:30px;text-align:center;\">\n\t\t<div class=\"\">\n\t\t\t<span style=\"display:block;margin-bottom:10px;font-size:20px;\">Share<\/span>\n\t\t\t<a href=\"https:\/\/www.facebook.com\/sharer\/sharer.php?u=https:\/\/www.schizophrenie-life.de\/public\/wp-json\/wp\/v2\/pages\/106\" class=\"facebook-share\" target=\"_blank\"><\/a>\n\t\t\t<a href=\"https:\/\/www.linkedin.com\/shareArticle?mini=true&#038;url=https:\/\/www.schizophrenie-life.de\/public\/wp-json\/wp\/v2\/pages\/106\" class=\"linkedin-share\" target=\"_blank\"><\/a>\n\t\t<\/div>\n\t<\/div>","protected":false},"excerpt":{"rendered":"<p>Willkommen! Wichtige Informationen \u00fcber Schizophrenie f\u00fcr Patienten\/ Patientinnen, Angeh\u00f6rige und Betreuungspersonen. Was ist Schizophrenie? Share<\/p>\n","protected":false},"author":2,"featured_media":0,"parent":0,"menu_order":0,"comment_status":"closed","ping_status":"closed","template":"page-fullwidth.php","meta":{"rea_page_title_signed_in_meta_block_field":"","rea_page_title_signed_out_meta_block_field":"","rea_page_description_signed_in_meta_block_field":"","rea_page_description_signed_out_meta_block_field":"","rea_page_footer_id_meta_block_field":"","rea_page_footer_date_meta_block_field":""},"acf":[],"_links":{"self":[{"href":"https:\/\/www.schizophrenie-life.de\/public\/wp-json\/wp\/v2\/pages\/106"}],"collection":[{"href":"https:\/\/www.schizophrenie-life.de\/public\/wp-json\/wp\/v2\/pages"}],"about":[{"href":"https:\/\/www.schizophrenie-life.de\/public\/wp-json\/wp\/v2\/types\/page"}],"author":[{"embeddable":true,"href":"https:\/\/www.schizophrenie-life.de\/public\/wp-json\/wp\/v2\/users\/2"}],"replies":[{"embeddable":true,"href":"https:\/\/www.schizophrenie-life.de\/public\/wp-json\/wp\/v2\/comments?post=106"}],"version-history":[{"count":69,"href":"https:\/\/www.schizophrenie-life.de\/public\/wp-json\/wp\/v2\/pages\/106\/revisions"}],"predecessor-version":[{"id":5086,"href":"https:\/\/www.schizophrenie-life.de\/public\/wp-json\/wp\/v2\/pages\/106\/revisions\/5086"}],"wp:attachment":[{"href":"https:\/\/www.schizophrenie-life.de\/public\/wp-json\/wp\/v2\/media?parent=106"}],"curies":[{"name":"wp","href":"https:\/\/api.w.org\/{rel}","templated":true}]}}